{"id":5257,"date":"2024-04-10T06:38:34","date_gmt":"2024-04-10T06:38:34","guid":{"rendered":"https:\/\/www.polygraf.it\/?page_id=5257"},"modified":"2024-05-03T13:07:25","modified_gmt":"2024-05-03T13:07:25","slug":"politique-de-confidentialite","status":"publish","type":"page","link":"https:\/\/www.polygraf.it\/fr\/politique-de-confidentialite\/","title":{"rendered":"Politique de confidentialit\u00e9"},"content":{"rendered":"\t\t<div data-elementor-type=\"wp-page\" data-elementor-id=\"5257\" class=\"elementor elementor-5257 elementor-3\" data-elementor-post-type=\"page\">\n\t\t\t\t<div class=\"elementor-element elementor-element-edc29d8 e-flex e-con-boxed e-con e-parent\" data-id=\"edc29d8\" data-element_type=\"container\">\n\t\t\t\t\t<div class=\"e-con-inner\">\n\t\t\t\t<div class=\"elementor-element elementor-element-cef15b5 elementor-widget elementor-widget-text-editor\" data-id=\"cef15b5\" data-element_type=\"widget\" data-widget_type=\"text-editor.default\">\n\t\t\t\t<div class=\"elementor-widget-container\">\n\t\t\t\t\t\t\t\t\t\n<p>La protection de votre vie priv\u00e9e est l&rsquo;un de nos principaux objectifs !<\/p>\n\n<p>Ce document vous permettra de vous familiariser avec notre politique de confidentialit\u00e9 afin de comprendre comment vos informations personnelles sont trait\u00e9es lorsque vous utilisez nos services et de vous permettre, le cas \u00e9ch\u00e9ant, de donner votre consentement expr\u00e8s et \u00e9clair\u00e9 au traitement de vos donn\u00e9es personnelles dans les sections du site o\u00f9 il vous est demand\u00e9 de fournir des donn\u00e9es personnelles.<\/p>\n\n<p>Nous vous rappelons que dans les diff\u00e9rentes sections de notre site web (ci-apr\u00e8s d\u00e9nomm\u00e9 le \u00ab\u00a0site\u00a0\u00bb) o\u00f9 nous collectons vos donn\u00e9es personnelles, des informations sp\u00e9cifiques conform\u00e9ment \u00e0 l&rsquo;art. 13 du r\u00e8glement (UE) 2016\/679 (ci-apr\u00e8s d\u00e9nomm\u00e9 \u00ab\u00a0r\u00e8glement\u00a0\u00bb) pour obtenir l&rsquo;accus\u00e9 de r\u00e9ception n\u00e9cessaire avant de fournir les donn\u00e9es demand\u00e9es.<\/p>\n\n<p>Les informations et les donn\u00e9es que vous fournissez ou que vous obtenez dans le cadre de votre inscription aux diff\u00e9rents services (tels que : demande d&rsquo;informations, conseils, inscription au bulletin d&rsquo;information, activit\u00e9s de marketing et de communication en ligne et hors ligne, participation \u00e0 des \u00e9v\u00e9nements, bureau de presse et activit\u00e9s de relations publiques, communications commerciales, etc.<\/p>\n\n<p>Conform\u00e9ment au R\u00e8glement g\u00e9n\u00e9ral sur la protection des donn\u00e9es &#8211; R\u00e8glement UE 2016\/679 (Code de protection des donn\u00e9es personnelles), le traitement des informations vous concernant sera fond\u00e9 sur les principes de l\u00e9galit\u00e9, d&rsquo;\u00e9quit\u00e9, de transparence, de limitation de la finalit\u00e9 et de stockage, de minimisation des donn\u00e9es, d&rsquo;exactitude, d&rsquo;int\u00e9grit\u00e9 et de confidentialit\u00e9.<\/p>\n\n<p><strong>Polygraf srl<\/strong>  (responsable du traitement) en vertu de l&rsquo;article 13 R\u00e8glement g\u00e9n\u00e9ral sur la protection des donn\u00e9es &#8211; R\u00e8glement UE 2016\/679 vous fournit donc les informations suivantes sur le traitement des donn\u00e9es personnelles fournies pour l&rsquo;utilisation des services offerts par le responsable du traitement et le site web www.polygraf.it et tous ses sous-domaines (ci-apr\u00e8s d\u00e9nomm\u00e9s le Site).<\/p>\n\n<p>A) Finalit\u00e9s du traitement :<\/p>\n\n<p>Conform\u00e9ment au r\u00e8glement, les donn\u00e9es \u00e0 caract\u00e8re personnel collect\u00e9es seront trait\u00e9es par le biais d&rsquo;un fichier automatis\u00e9 dans le syst\u00e8me informatique par le responsable du traitement \u00e0 des fins li\u00e9es aux activit\u00e9s et aux services du responsable du traitement :<\/p>\n\n<p>1.1. pour vous fournir une assistance dans l&rsquo;utilisation des services et, d&rsquo;une mani\u00e8re g\u00e9n\u00e9rale, pour la gestion des services ;<\/p>\n\n<p>1.2. pour vous envoyer des communications sur la mani\u00e8re d&rsquo;utiliser les services ;<\/p>\n\n<p>1.3. pour vous envoyer des communications commerciales relatives aux activit\u00e9s du responsable du traitement ;<\/p>\n\n<p>1.4. uniquement avec votre consentement explicite, pour vous envoyer des communications commerciales relatives aux activit\u00e9s de tiers. Si cette information n&rsquo;est pas communiqu\u00e9e, il est consid\u00e9r\u00e9 que la demande n&rsquo;a pas \u00e9t\u00e9 accord\u00e9e.<\/p>\n\n<p>B) Caract\u00e8re obligatoire ou facultatif de la fourniture des donn\u00e9es et cons\u00e9quences d&rsquo;un refus<\/p>\n\n<p>La base juridique du traitement des donn\u00e9es \u00e0 caract\u00e8re personnel aux fins \u00e9nonc\u00e9es \u00e0 la section 3 (a-b-c) est l&rsquo;art. 6, paragraphe 1, point b), du r\u00e8glement, \u00e9tant donn\u00e9 que le traitement est n\u00e9cessaire \u00e0 la prestation des services contractuels. La fourniture de donn\u00e9es personnelles \u00e0 ces fins est facultative, mais le fait de ne pas les fournir rendrait impossible l&rsquo;activation des services demand\u00e9s.<br>La finalit\u00e9 vis\u00e9e \u00e0 la section 3, point d), est un traitement licite de donn\u00e9es \u00e0 caract\u00e8re personnel au sens de l&rsquo;article 6, paragraphe 1, point c), du r\u00e8glement. Une fois que les donn\u00e9es \u00e0 caract\u00e8re personnel ont \u00e9t\u00e9 fournies, leur traitement peut en effet \u00eatre n\u00e9cessaire pour se conformer \u00e0 des obligations l\u00e9gales.<\/p>\n\n<p>Par cons\u00e9quent, la fourniture de donn\u00e9es est facultative, mais un refus peut entra\u00eener l&rsquo;impossibilit\u00e9 d&rsquo;acc\u00e9der aux services offerts par ce site.<\/p>\n\n<p>C) Personnes auxquelles les donn\u00e9es peuvent \u00eatre divulgu\u00e9es &#8211; port\u00e9e de la diffusion des donn\u00e9es<\/p>\n\n<p>Les donn\u00e9es personnelles que vous avez fournies peuvent \u00eatre divulgu\u00e9es exclusivement \u00e0 :<\/p>\n\n<p>4.1. les soci\u00e9t\u00e9s associ\u00e9es ou filiales qui font partie de notre groupe, pour la poursuite des m\u00eames objectifs que ceux pour lesquels les donn\u00e9es ont \u00e9t\u00e9 collect\u00e9es ;<\/p>\n\n<p>4.2. des entit\u00e9s publiques ou priv\u00e9es pour l&rsquo;accomplissement des obligations statutaires, l\u00e9gales ou r\u00e9glementaires de l&rsquo;UE ;<\/p>\n\n<p>4.3. certaines de vos donn\u00e9es personnelles peuvent \u00eatre partag\u00e9es avec des destinataires situ\u00e9s en dehors de l&rsquo;Espace \u00e9conomique europ\u00e9en. Nous veillons \u00e0 ce que le traitement des donn\u00e9es \u00e0 caract\u00e8re personnel par ces destinataires soit effectu\u00e9 conform\u00e9ment au r\u00e8glement. En effet, les transferts peuvent \u00eatre bas\u00e9s sur une d\u00e9cision d&rsquo;ad\u00e9quation ou sur des clauses contractuelles types approuv\u00e9es par la Commission europ\u00e9enne. Vous pouvez obtenir plus d&rsquo;informations aupr\u00e8s du responsable du traitement des donn\u00e9es.<\/p>\n\n<p>D) Droits de la personne concern\u00e9e en vertu des articles 15, 18, 20 et 77 du r\u00e8glement<\/p>\n\n<p>5.1. le droit d&rsquo;obtenir la confirmation de l&rsquo;existence ou non de donn\u00e9es \u00e0 caract\u00e8re personnel le concernant, m\u00eame si elles ne sont pas encore enregistr\u00e9es, et leur communication sous une forme intelligible ;<\/p>\n\n<p>5.2 le droit d&rsquo;obtenir des informations sur l&rsquo;origine des donn\u00e9es \u00e0 caract\u00e8re personnel (article 15), les finalit\u00e9s et les modalit\u00e9s du traitement, la logique appliqu\u00e9e en cas de traitement effectu\u00e9 \u00e0 l&rsquo;aide d&rsquo;instruments \u00e9lectroniques, les coordonn\u00e9es du responsable du traitement, des sous-traitants et du repr\u00e9sentant d\u00e9sign\u00e9, les personnes ou cat\u00e9gories de personnes auxquelles les donn\u00e9es \u00e0 caract\u00e8re personnel peuvent \u00eatre communiqu\u00e9es ou qui peuvent en prendre connaissance en qualit\u00e9 de repr\u00e9sentant d\u00e9sign\u00e9 sur le territoire de l&rsquo;\u00c9tat, les sous-traitants ou les personnes charg\u00e9es du traitement.<\/p>\n\n<p>5.3. le droit d&rsquo;obtenir que les donn\u00e9es soient mises \u00e0 jour, rectifi\u00e9es ou compl\u00e9t\u00e9es, et qu&rsquo;elles soient effac\u00e9es, transform\u00e9es sous une forme anonyme ou bloqu\u00e9es si elles sont trait\u00e9es en violation de la loi, y compris les donn\u00e9es dont la conservation n&rsquo;est pas n\u00e9cessaire au regard des finalit\u00e9s pour lesquelles elles ont \u00e9t\u00e9 collect\u00e9es ou trait\u00e9es ult\u00e9rieurement ;<\/p>\n\n<p>5.4. le droit de s&rsquo;opposer au traitement des donn\u00e9es personnelles le concernant dans le but d&rsquo;envoyer de la publicit\u00e9 ou du mat\u00e9riel de vente directe ou de r\u00e9aliser des \u00e9tudes de march\u00e9 ou des communications commerciales.<\/p>\n\n<p>5.5. le droit de d\u00e9poser une plainte aupr\u00e8s des autorit\u00e9s de contr\u00f4le (Autorit\u00e9 de protection des donn\u00e9es), conform\u00e9ment \u00e0 l&rsquo;art. 77 du r\u00e8glement, s&rsquo;il estime que le traitement de ses donn\u00e9es est contraire \u00e0 la l\u00e9gislation en vigueur.<\/p>\n\n<p>5.6. le droit de demander \u00e0 tout moment au responsable du traitement l&rsquo;acc\u00e8s \u00e0 ses donn\u00e9es \u00e0 caract\u00e8re personnel, de les rectifier ou de les effacer, ou de s&rsquo;opposer \u00e0 leur traitement ; il a le droit de demander la limitation du traitement dans les cas pr\u00e9vus \u00e0 l&rsquo;art. 18 du r\u00e8glement, ainsi que d&rsquo;obtenir, dans un format structur\u00e9, couramment utilis\u00e9 et lisible par machine, les donn\u00e9es le concernant, dans les cas pr\u00e9vus \u00e0 l&rsquo;art. 20 du r\u00e8glement.<\/p>\n\n<p>E) Base juridique du traitement<\/p>\n\n<p>Nous informons les utilisateurs du site que la base juridique du traitement des donn\u00e9es est la nation italienne (qui fait partie de la Communaut\u00e9 europ\u00e9enne) ;<\/p>\n\n<p>F) P\u00e9riode de conservation des donn\u00e9es<\/p>\n\n<p>Les donn\u00e9es \u00e0 caract\u00e8re personnel trait\u00e9es seront conserv\u00e9es pendant la dur\u00e9e strictement n\u00e9cessaire \u00e0 la r\u00e9alisation de ces objectifs. En tout \u00e9tat de cause, \u00e9tant donn\u00e9 que le traitement est effectu\u00e9 pour la fourniture des services, nous traiterons les donn\u00e9es personnelles aussi longtemps que le permet la loi italienne pour prot\u00e9ger ses int\u00e9r\u00eats (art. 2946 c.c. et suivants).<\/p>\n\n<p>Les donn\u00e9es \u00e0 caract\u00e8re personnel trait\u00e9es aux fins \u00e9num\u00e9r\u00e9es dans la section A seront conserv\u00e9es aussi longtemps que l&rsquo;exige l&rsquo;obligation sp\u00e9cifique ou la r\u00e8gle de droit applicable. Par exemple, comme cela a d\u00e9j\u00e0 \u00e9t\u00e9 pr\u00e9cis\u00e9, les donn\u00e9es relatives au trafic seront conserv\u00e9es \u00e0 des fins de justice pendant sept ans \u00e0 compter de leur production ; dans le cas contraire, elles seront conserv\u00e9es pendant trois ans.<\/p>\n\n<p>Vos donn\u00e9es personnelles seront utilis\u00e9es \u00e0 des fins d&rsquo;information (section A 1.3) jusqu&rsquo;\u00e0 ce que vous retiriez votre consentement ou jusqu&rsquo;\u00e0 trois ans apr\u00e8s que vous ayez cess\u00e9 d&rsquo;\u00eatre notre client, ou que vous vous soyez simplement inscrit sur le site, et que vous n&rsquo;ayez pas effectu\u00e9 d&rsquo;achat de produits ou de services. Ceci est sans pr\u00e9judice, cependant, de la possibilit\u00e9 pour nous de conserver vos donn\u00e9es personnelles aussi longtemps que le permet la loi italienne pour prot\u00e9ger vos int\u00e9r\u00eats (Art. 2947(1)(3) c.c.). De plus amples informations sur la p\u00e9riode de conservation des donn\u00e9es et les crit\u00e8res utilis\u00e9s pour d\u00e9terminer cette p\u00e9riode peuvent \u00eatre obtenues en \u00e9crivant au d\u00e9l\u00e9gu\u00e9 \u00e0 la protection des donn\u00e9es.<\/p>\n\n<p>G) Responsable du traitement des donn\u00e9es et sous-traitant<\/p>\n\n<p>Le responsable du traitement des donn\u00e9es est Polygraf srl, via dell&rsquo;Edilizia, 23 36100 (Vicenza) Italie.<\/p>\n\n<p>H) Modifications<\/p>\n\n<p>La pr\u00e9sente politique de confidentialit\u00e9 est entr\u00e9e en vigueur le 25 mai 2018. Nous nous r\u00e9servons le droit de modifier ou simplement de mettre \u00e0 jour son contenu, en partie ou en totalit\u00e9, notamment en raison de changements dans la l\u00e9gislation applicable. Lorsque les modifications apport\u00e9es \u00e0 la pr\u00e9sente politique concernent des changements substantiels dans le traitement ou peuvent avoir un impact important sur les personnes concern\u00e9es, nous prendrons soin de notifier les personnes concern\u00e9es en cons\u00e9quence.<\/p>\n\t\t\t\t\t\t\t\t<\/div>\n\t\t\t\t<\/div>\n\t\t\t\t\t<\/div>\n\t\t\t\t<\/div>\n\t\t\t\t<\/div>\n\t\t","protected":false},"excerpt":{"rendered":"<p>La protection de votre vie priv\u00e9e est l&rsquo;un de nos principaux objectifs ! Ce document vous permettra de vous familiariser avec notre politique de confidentialit\u00e9 afin de comprendre comment vos informations personnelles sont trait\u00e9es lorsque vous utilisez nos services et de vous permettre, le cas \u00e9ch\u00e9ant, de donner votre consentement expr\u00e8s et \u00e9clair\u00e9 au traitement [&hellip;]<\/p>\n","protected":false},"author":1,"featured_media":0,"parent":0,"menu_order":0,"comment_status":"closed","ping_status":"closed","template":"","meta":{"_acf_changed":false,"inline_featured_image":false,"footnotes":""},"prodotto":[],"class_list":["post-5257","page","type-page","status-publish","hentry"],"acf":[],"yoast_head":"<!-- This site is optimized with the Yoast SEO plugin v25.0 - https:\/\/yoast.com\/wordpress\/plugins\/seo\/ -->\n<title>Politique de confidentialit\u00e9 - Polygraf - stampa offset<\/title>\n<meta name=\"robots\" content=\"index, follow, max-snippet:-1, max-image-preview:large, max-video-preview:-1\" \/>\n<link rel=\"canonical\" href=\"https:\/\/www.polygraf.it\/fr\/politique-de-confidentialite\/\" \/>\n<meta property=\"og:locale\" content=\"fr_FR\" \/>\n<meta property=\"og:type\" content=\"article\" \/>\n<meta property=\"og:title\" content=\"Politique de confidentialit\u00e9 - Polygraf - stampa offset\" \/>\n<meta property=\"og:description\" content=\"La protection de votre vie priv\u00e9e est l&rsquo;un de nos principaux objectifs ! Ce document vous permettra de vous familiariser avec notre politique de confidentialit\u00e9 afin de comprendre comment vos informations personnelles sont trait\u00e9es lorsque vous utilisez nos services et de vous permettre, le cas \u00e9ch\u00e9ant, de donner votre consentement expr\u00e8s et \u00e9clair\u00e9 au traitement [&hellip;]\" \/>\n<meta property=\"og:url\" content=\"https:\/\/www.polygraf.it\/fr\/politique-de-confidentialite\/\" \/>\n<meta property=\"og:site_name\" content=\"Polygraf - stampa offset\" \/>\n<meta property=\"article:modified_time\" content=\"2024-05-03T13:07:25+00:00\" \/>\n<meta name=\"twitter:card\" content=\"summary_large_image\" \/>\n<meta name=\"twitter:label1\" content=\"Dur\u00e9e de lecture estim\u00e9e\" \/>\n\t<meta name=\"twitter:data1\" content=\"8 minutes\" \/>\n<script type=\"application\/ld+json\" class=\"yoast-schema-graph\">{\"@context\":\"https:\/\/schema.org\",\"@graph\":[{\"@type\":\"WebPage\",\"@id\":\"https:\/\/www.polygraf.it\/fr\/politique-de-confidentialite\/\",\"url\":\"https:\/\/www.polygraf.it\/fr\/politique-de-confidentialite\/\",\"name\":\"Politique de confidentialit\u00e9 - Polygraf - stampa offset\",\"isPartOf\":{\"@id\":\"https:\/\/www.polygraf.it\/fr\/#website\"},\"datePublished\":\"2024-04-10T06:38:34+00:00\",\"dateModified\":\"2024-05-03T13:07:25+00:00\",\"breadcrumb\":{\"@id\":\"https:\/\/www.polygraf.it\/fr\/politique-de-confidentialite\/#breadcrumb\"},\"inLanguage\":\"fr-FR\",\"potentialAction\":[{\"@type\":\"ReadAction\",\"target\":[\"https:\/\/www.polygraf.it\/fr\/politique-de-confidentialite\/\"]}]},{\"@type\":\"BreadcrumbList\",\"@id\":\"https:\/\/www.polygraf.it\/fr\/politique-de-confidentialite\/#breadcrumb\",\"itemListElement\":[{\"@type\":\"ListItem\",\"position\":1,\"name\":\"Home\",\"item\":\"https:\/\/www.polygraf.it\/fr\/accueil\/\"},{\"@type\":\"ListItem\",\"position\":2,\"name\":\"Politique de confidentialit\u00e9\"}]},{\"@type\":\"WebSite\",\"@id\":\"https:\/\/www.polygraf.it\/fr\/#website\",\"url\":\"https:\/\/www.polygraf.it\/fr\/\",\"name\":\"Polygraf - stampa offset\",\"description\":\"\",\"potentialAction\":[{\"@type\":\"SearchAction\",\"target\":{\"@type\":\"EntryPoint\",\"urlTemplate\":\"https:\/\/www.polygraf.it\/fr\/?s={search_term_string}\"},\"query-input\":{\"@type\":\"PropertyValueSpecification\",\"valueRequired\":true,\"valueName\":\"search_term_string\"}}],\"inLanguage\":\"fr-FR\"}]}<\/script>\n<!-- \/ Yoast SEO plugin. -->","yoast_head_json":{"title":"Politique de confidentialit\u00e9 - Polygraf - stampa offset","robots":{"index":"index","follow":"follow","max-snippet":"max-snippet:-1","max-image-preview":"max-image-preview:large","max-video-preview":"max-video-preview:-1"},"canonical":"https:\/\/www.polygraf.it\/fr\/politique-de-confidentialite\/","og_locale":"fr_FR","og_type":"article","og_title":"Politique de confidentialit\u00e9 - Polygraf - stampa offset","og_description":"La protection de votre vie priv\u00e9e est l&rsquo;un de nos principaux objectifs ! Ce document vous permettra de vous familiariser avec notre politique de confidentialit\u00e9 afin de comprendre comment vos informations personnelles sont trait\u00e9es lorsque vous utilisez nos services et de vous permettre, le cas \u00e9ch\u00e9ant, de donner votre consentement expr\u00e8s et \u00e9clair\u00e9 au traitement [&hellip;]","og_url":"https:\/\/www.polygraf.it\/fr\/politique-de-confidentialite\/","og_site_name":"Polygraf - stampa offset","article_modified_time":"2024-05-03T13:07:25+00:00","twitter_card":"summary_large_image","twitter_misc":{"Dur\u00e9e de lecture estim\u00e9e":"8 minutes"},"schema":{"@context":"https:\/\/schema.org","@graph":[{"@type":"WebPage","@id":"https:\/\/www.polygraf.it\/fr\/politique-de-confidentialite\/","url":"https:\/\/www.polygraf.it\/fr\/politique-de-confidentialite\/","name":"Politique de confidentialit\u00e9 - Polygraf - stampa offset","isPartOf":{"@id":"https:\/\/www.polygraf.it\/fr\/#website"},"datePublished":"2024-04-10T06:38:34+00:00","dateModified":"2024-05-03T13:07:25+00:00","breadcrumb":{"@id":"https:\/\/www.polygraf.it\/fr\/politique-de-confidentialite\/#breadcrumb"},"inLanguage":"fr-FR","potentialAction":[{"@type":"ReadAction","target":["https:\/\/www.polygraf.it\/fr\/politique-de-confidentialite\/"]}]},{"@type":"BreadcrumbList","@id":"https:\/\/www.polygraf.it\/fr\/politique-de-confidentialite\/#breadcrumb","itemListElement":[{"@type":"ListItem","position":1,"name":"Home","item":"https:\/\/www.polygraf.it\/fr\/accueil\/"},{"@type":"ListItem","position":2,"name":"Politique de confidentialit\u00e9"}]},{"@type":"WebSite","@id":"https:\/\/www.polygraf.it\/fr\/#website","url":"https:\/\/www.polygraf.it\/fr\/","name":"Polygraf - stampa offset","description":"","potentialAction":[{"@type":"SearchAction","target":{"@type":"EntryPoint","urlTemplate":"https:\/\/www.polygraf.it\/fr\/?s={search_term_string}"},"query-input":{"@type":"PropertyValueSpecification","valueRequired":true,"valueName":"search_term_string"}}],"inLanguage":"fr-FR"}]}},"_links":{"self":[{"href":"https:\/\/www.polygraf.it\/fr\/wp-json\/wp\/v2\/pages\/5257","targetHints":{"allow":["GET"]}}],"collection":[{"href":"https:\/\/www.polygraf.it\/fr\/wp-json\/wp\/v2\/pages"}],"about":[{"href":"https:\/\/www.polygraf.it\/fr\/wp-json\/wp\/v2\/types\/page"}],"author":[{"embeddable":true,"href":"https:\/\/www.polygraf.it\/fr\/wp-json\/wp\/v2\/users\/1"}],"replies":[{"embeddable":true,"href":"https:\/\/www.polygraf.it\/fr\/wp-json\/wp\/v2\/comments?post=5257"}],"version-history":[{"count":2,"href":"https:\/\/www.polygraf.it\/fr\/wp-json\/wp\/v2\/pages\/5257\/revisions"}],"predecessor-version":[{"id":5560,"href":"https:\/\/www.polygraf.it\/fr\/wp-json\/wp\/v2\/pages\/5257\/revisions\/5560"}],"wp:attachment":[{"href":"https:\/\/www.polygraf.it\/fr\/wp-json\/wp\/v2\/media?parent=5257"}],"wp:term":[{"taxonomy":"prodotto","embeddable":true,"href":"https:\/\/www.polygraf.it\/fr\/wp-json\/wp\/v2\/prodotto?post=5257"}],"curies":[{"name":"wp","href":"https:\/\/api.w.org\/{rel}","templated":true}]}}