{"id":5129,"date":"2024-04-11T07:07:44","date_gmt":"2024-04-11T07:07:44","guid":{"rendered":"https:\/\/www.polygraf.it\/gaufrage\/"},"modified":"2024-04-11T07:07:44","modified_gmt":"2024-04-11T07:07:44","slug":"gaufrage","status":"publish","type":"page","link":"https:\/\/www.polygraf.it\/fr\/gaufrage\/","title":{"rendered":"Gaufrage"},"content":{"rendered":"","protected":false},"excerpt":{"rendered":"","protected":false},"author":1,"featured_media":3745,"parent":0,"menu_order":0,"comment_status":"closed","ping_status":"closed","template":"","meta":{"_acf_changed":false,"inline_featured_image":false,"footnotes":""},"prodotto":[5],"class_list":["post-5129","page","type-page","status-publish","has-post-thumbnail","hentry","prodotto-si"],"acf":[],"yoast_head":"<!-- This site is optimized with the Yoast SEO plugin v25.0 - https:\/\/yoast.com\/wordpress\/plugins\/seo\/ -->\n<title>Gaufrage - cuisson en ligne des vernis appliqu\u00e9s aux d\u00e9tails graphiques<\/title>\n<meta name=\"description\" content=\"Le gaufrage est un processus enti\u00e8rement automatis\u00e9 qui consiste \u00e0 &quot;cuire&quot; en ligne les vernis appliqu\u00e9s sur les d\u00e9tails graphiques.\" \/>\n<meta name=\"robots\" content=\"index, follow, max-snippet:-1, max-image-preview:large, max-video-preview:-1\" \/>\n<link rel=\"canonical\" href=\"https:\/\/www.polygraf.it\/fr\/gaufrage\/\" \/>\n<meta property=\"og:locale\" content=\"fr_FR\" \/>\n<meta property=\"og:type\" content=\"article\" \/>\n<meta property=\"og:title\" content=\"Gaufrage - cuisson en ligne des vernis appliqu\u00e9s aux d\u00e9tails graphiques\" \/>\n<meta property=\"og:description\" content=\"Le gaufrage est un processus enti\u00e8rement automatis\u00e9 qui consiste \u00e0 &quot;cuire&quot; en ligne les vernis appliqu\u00e9s sur les d\u00e9tails graphiques.\" \/>\n<meta property=\"og:url\" content=\"https:\/\/www.polygraf.it\/fr\/gaufrage\/\" \/>\n<meta property=\"og:site_name\" content=\"Polygraf - stampa offset\" \/>\n<meta property=\"og:image\" content=\"https:\/\/www.polygraf.it\/wp-content\/uploads\/2022\/06\/stampa-offset-rilievo2.jpg\" \/>\n\t<meta property=\"og:image:width\" content=\"1000\" \/>\n\t<meta property=\"og:image:height\" content=\"673\" \/>\n\t<meta property=\"og:image:type\" content=\"image\/jpeg\" \/>\n<meta name=\"twitter:card\" content=\"summary_large_image\" \/>\n<script type=\"application\/ld+json\" class=\"yoast-schema-graph\">{\"@context\":\"https:\/\/schema.org\",\"@graph\":[{\"@type\":\"WebPage\",\"@id\":\"https:\/\/www.polygraf.it\/fr\/gaufrage\/\",\"url\":\"https:\/\/www.polygraf.it\/fr\/gaufrage\/\",\"name\":\"Gaufrage - cuisson en ligne des vernis appliqu\u00e9s aux d\u00e9tails graphiques\",\"isPartOf\":{\"@id\":\"https:\/\/www.polygraf.it\/fr\/#website\"},\"primaryImageOfPage\":{\"@id\":\"https:\/\/www.polygraf.it\/fr\/gaufrage\/#primaryimage\"},\"image\":{\"@id\":\"https:\/\/www.polygraf.it\/fr\/gaufrage\/#primaryimage\"},\"thumbnailUrl\":\"https:\/\/www.polygraf.it\/wp-content\/uploads\/2022\/06\/stampa-offset-rilievo2.jpg\",\"datePublished\":\"2024-04-11T07:07:44+00:00\",\"description\":\"Le gaufrage est un processus enti\u00e8rement automatis\u00e9 qui consiste \u00e0 \\\"cuire\\\" en ligne les vernis appliqu\u00e9s sur les d\u00e9tails graphiques.\",\"breadcrumb\":{\"@id\":\"https:\/\/www.polygraf.it\/fr\/gaufrage\/#breadcrumb\"},\"inLanguage\":\"fr-FR\",\"potentialAction\":[{\"@type\":\"ReadAction\",\"target\":[\"https:\/\/www.polygraf.it\/fr\/gaufrage\/\"]}]},{\"@type\":\"ImageObject\",\"inLanguage\":\"fr-FR\",\"@id\":\"https:\/\/www.polygraf.it\/fr\/gaufrage\/#primaryimage\",\"url\":\"https:\/\/www.polygraf.it\/wp-content\/uploads\/2022\/06\/stampa-offset-rilievo2.jpg\",\"contentUrl\":\"https:\/\/www.polygraf.it\/wp-content\/uploads\/2022\/06\/stampa-offset-rilievo2.jpg\",\"width\":1000,\"height\":673},{\"@type\":\"BreadcrumbList\",\"@id\":\"https:\/\/www.polygraf.it\/fr\/gaufrage\/#breadcrumb\",\"itemListElement\":[{\"@type\":\"ListItem\",\"position\":1,\"name\":\"Home\",\"item\":\"https:\/\/www.polygraf.it\/fr\/accueil\/\"},{\"@type\":\"ListItem\",\"position\":2,\"name\":\"Gaufrage\"}]},{\"@type\":\"WebSite\",\"@id\":\"https:\/\/www.polygraf.it\/fr\/#website\",\"url\":\"https:\/\/www.polygraf.it\/fr\/\",\"name\":\"Polygraf - stampa offset\",\"description\":\"\",\"potentialAction\":[{\"@type\":\"SearchAction\",\"target\":{\"@type\":\"EntryPoint\",\"urlTemplate\":\"https:\/\/www.polygraf.it\/fr\/?s={search_term_string}\"},\"query-input\":{\"@type\":\"PropertyValueSpecification\",\"valueRequired\":true,\"valueName\":\"search_term_string\"}}],\"inLanguage\":\"fr-FR\"}]}<\/script>\n<!-- \/ Yoast SEO plugin. -->","yoast_head_json":{"title":"Gaufrage - cuisson en ligne des vernis appliqu\u00e9s aux d\u00e9tails graphiques","description":"Le gaufrage est un processus enti\u00e8rement automatis\u00e9 qui consiste \u00e0 \"cuire\" en ligne les vernis appliqu\u00e9s sur les d\u00e9tails graphiques.","robots":{"index":"index","follow":"follow","max-snippet":"max-snippet:-1","max-image-preview":"max-image-preview:large","max-video-preview":"max-video-preview:-1"},"canonical":"https:\/\/www.polygraf.it\/fr\/gaufrage\/","og_locale":"fr_FR","og_type":"article","og_title":"Gaufrage - cuisson en ligne des vernis appliqu\u00e9s aux d\u00e9tails graphiques","og_description":"Le gaufrage est un processus enti\u00e8rement automatis\u00e9 qui consiste \u00e0 \"cuire\" en ligne les vernis appliqu\u00e9s sur les d\u00e9tails graphiques.","og_url":"https:\/\/www.polygraf.it\/fr\/gaufrage\/","og_site_name":"Polygraf - stampa offset","og_image":[{"width":1000,"height":673,"url":"https:\/\/www.polygraf.it\/wp-content\/uploads\/2022\/06\/stampa-offset-rilievo2.jpg","type":"image\/jpeg"}],"twitter_card":"summary_large_image","schema":{"@context":"https:\/\/schema.org","@graph":[{"@type":"WebPage","@id":"https:\/\/www.polygraf.it\/fr\/gaufrage\/","url":"https:\/\/www.polygraf.it\/fr\/gaufrage\/","name":"Gaufrage - cuisson en ligne des vernis appliqu\u00e9s aux d\u00e9tails graphiques","isPartOf":{"@id":"https:\/\/www.polygraf.it\/fr\/#website"},"primaryImageOfPage":{"@id":"https:\/\/www.polygraf.it\/fr\/gaufrage\/#primaryimage"},"image":{"@id":"https:\/\/www.polygraf.it\/fr\/gaufrage\/#primaryimage"},"thumbnailUrl":"https:\/\/www.polygraf.it\/wp-content\/uploads\/2022\/06\/stampa-offset-rilievo2.jpg","datePublished":"2024-04-11T07:07:44+00:00","description":"Le gaufrage est un processus enti\u00e8rement automatis\u00e9 qui consiste \u00e0 \"cuire\" en ligne les vernis appliqu\u00e9s sur les d\u00e9tails graphiques.","breadcrumb":{"@id":"https:\/\/www.polygraf.it\/fr\/gaufrage\/#breadcrumb"},"inLanguage":"fr-FR","potentialAction":[{"@type":"ReadAction","target":["https:\/\/www.polygraf.it\/fr\/gaufrage\/"]}]},{"@type":"ImageObject","inLanguage":"fr-FR","@id":"https:\/\/www.polygraf.it\/fr\/gaufrage\/#primaryimage","url":"https:\/\/www.polygraf.it\/wp-content\/uploads\/2022\/06\/stampa-offset-rilievo2.jpg","contentUrl":"https:\/\/www.polygraf.it\/wp-content\/uploads\/2022\/06\/stampa-offset-rilievo2.jpg","width":1000,"height":673},{"@type":"BreadcrumbList","@id":"https:\/\/www.polygraf.it\/fr\/gaufrage\/#breadcrumb","itemListElement":[{"@type":"ListItem","position":1,"name":"Home","item":"https:\/\/www.polygraf.it\/fr\/accueil\/"},{"@type":"ListItem","position":2,"name":"Gaufrage"}]},{"@type":"WebSite","@id":"https:\/\/www.polygraf.it\/fr\/#website","url":"https:\/\/www.polygraf.it\/fr\/","name":"Polygraf - stampa offset","description":"","potentialAction":[{"@type":"SearchAction","target":{"@type":"EntryPoint","urlTemplate":"https:\/\/www.polygraf.it\/fr\/?s={search_term_string}"},"query-input":{"@type":"PropertyValueSpecification","valueRequired":true,"valueName":"search_term_string"}}],"inLanguage":"fr-FR"}]}},"_links":{"self":[{"href":"https:\/\/www.polygraf.it\/fr\/wp-json\/wp\/v2\/pages\/5129","targetHints":{"allow":["GET"]}}],"collection":[{"href":"https:\/\/www.polygraf.it\/fr\/wp-json\/wp\/v2\/pages"}],"about":[{"href":"https:\/\/www.polygraf.it\/fr\/wp-json\/wp\/v2\/types\/page"}],"author":[{"embeddable":true,"href":"https:\/\/www.polygraf.it\/fr\/wp-json\/wp\/v2\/users\/1"}],"replies":[{"embeddable":true,"href":"https:\/\/www.polygraf.it\/fr\/wp-json\/wp\/v2\/comments?post=5129"}],"version-history":[{"count":0,"href":"https:\/\/www.polygraf.it\/fr\/wp-json\/wp\/v2\/pages\/5129\/revisions"}],"wp:featuredmedia":[{"embeddable":true,"href":"https:\/\/www.polygraf.it\/fr\/wp-json\/wp\/v2\/media\/3745"}],"wp:attachment":[{"href":"https:\/\/www.polygraf.it\/fr\/wp-json\/wp\/v2\/media?parent=5129"}],"wp:term":[{"taxonomy":"prodotto","embeddable":true,"href":"https:\/\/www.polygraf.it\/fr\/wp-json\/wp\/v2\/prodotto?post=5129"}],"curies":[{"name":"wp","href":"https:\/\/api.w.org\/{rel}","templated":true}]}}