{"id":5122,"date":"2024-04-11T07:27:53","date_gmt":"2024-04-11T07:27:53","guid":{"rendered":"https:\/\/www.polygraf.it\/politique-en-matiere-de-cookies\/"},"modified":"2024-05-03T13:04:33","modified_gmt":"2024-05-03T13:04:33","slug":"politique-en-matiere-de-cookies","status":"publish","type":"page","link":"https:\/\/www.polygraf.it\/fr\/politique-en-matiere-de-cookies\/","title":{"rendered":"Politique en mati\u00e8re de cookies"},"content":{"rendered":"\t\t<div data-elementor-type=\"wp-page\" data-elementor-id=\"5122\" class=\"elementor elementor-5122 elementor-3003\" data-elementor-post-type=\"page\">\n\t\t\t\t<div class=\"elementor-element elementor-element-7a3f9d0 e-flex e-con-boxed e-con e-parent\" data-id=\"7a3f9d0\" data-element_type=\"container\">\n\t\t\t\t\t<div class=\"e-con-inner\">\n\t\t\t\t<div class=\"elementor-element elementor-element-344b4d3 elementor-widget elementor-widget-text-editor\" data-id=\"344b4d3\" data-element_type=\"widget\" data-widget_type=\"text-editor.default\">\n\t\t\t\t<div class=\"elementor-widget-container\">\n\t\t\t\t\t\t\t\t\t<\/p>\n<p>Politique en mati\u00e8re de cookies &#8211; Politique \u00e9tendue  <\/p>\n<\/p>\n<p><strong>Polygraf srl<\/strong>  Le titulaire du traitement des donn\u00e9es personnelles sur le site informe www.polygraf.it qu&rsquo;il utilise des cookies afin de rendre nos services efficaces et faciles \u00e0 utiliser, en garantissant \u00e9galement le droit \u00e0 l&rsquo;autod\u00e9termination inform\u00e9e, conform\u00e9ment aux articles 13 et 122 du d\u00e9cret l\u00e9gislatif 196\/2003 (\u00ab\u00a0Code de la vie priv\u00e9e\u00a0\u00bb) et \u00e0 la disposition du Garant pour la protection des donn\u00e9es personnelles n\u00b0. 229 du 8 mai 2014 ; cette extension d&rsquo;information n&rsquo;est fournie que pour le site zanz-zap.co.uk, \u00e0 l&rsquo;exclusion des autres sites qui peuvent \u00eatre consult\u00e9s par l&rsquo;utilisateur via un lien depuis notre site.<\/p>\n<\/p>\n<p>Qu&rsquo;est-ce qu&rsquo;un cookie ?<\/p>\n<\/p>\n<p>Lorsque vous visitez notre site, une petite quantit\u00e9 d&rsquo;informations est plac\u00e9e sur votre appareil sous la forme de petits fichiers texte, appel\u00e9s \u00ab\u00a0cookies\u00a0\u00bb, qui sont enregistr\u00e9s dans le r\u00e9pertoire de votre navigateur web ; il existe diff\u00e9rents types de cookies, mais l&rsquo;objectif principal d&rsquo;un cookie est de rendre le site plus efficace et d&rsquo;activer certaines fonctionnalit\u00e9s.<\/p>\n<\/p>\n<p>Les cookies sont principalement utilis\u00e9s pour am\u00e9liorer la navigation globale de l&rsquo;utilisateur.<\/p>\n<\/p>\n<p>Les cookies de notre site servent \u00e0 :<\/p>\n<\/p>\n<p>naviguer efficacement ;<br \/>mesurer l&rsquo;utilisation des services par les utilisateurs, \u00e0 l&rsquo;aide des informations collect\u00e9es sous forme agr\u00e9g\u00e9e, afin d&rsquo;optimiser l&rsquo;exp\u00e9rience de navigation et les services eux-m\u00eames ;<br \/>stocker le nom de l&rsquo;utilisateur et les produits plac\u00e9s dans le panier d&rsquo;achat ;<br \/>permettre d&rsquo;\u00e9viter d&rsquo;introduire plusieurs fois les m\u00eames informations (telles que le nom d&rsquo;utilisateur et le mot de passe) au cours d&rsquo;une visite.<\/p>\n<\/p>\n<p>Lors de la navigation, il est possible que des cookies de diff\u00e9rents sites, appel\u00e9s \u00ab\u00a0cookies de tiers\u00a0\u00bb, soient plac\u00e9s sur votre appareil. Ces cookies sont configur\u00e9s directement par des tiers et sont utilis\u00e9s selon des modalit\u00e9s et \u00e0 des fins d\u00e9finies par ces derniers.<\/p>\n<\/p>\n<p>Types de cookies<\/p>\n<\/p>\n<p>Il existe diff\u00e9rents types de cookies ; vous trouverez ci-dessous les types de cookies qui peuvent \u00eatre utilis\u00e9s sur notre site avec une description de l&rsquo;objectif de l&rsquo;utilisation.<\/p>\n<\/p>\n<p>Cookies techniques<\/p>\n<\/p>\n<p>Les cookies de ce type sont n\u00e9cessaires au bon fonctionnement de certaines parties du site www.polygraf.it. Sans ces cookies, notre site ne serait pas correctement navigable. Les cookies de cette cat\u00e9gorie comprennent \u00e0 la fois les cookies persistants et les cookies de session. Ce type de cookie est toujours utilis\u00e9, quelle que soit la pr\u00e9f\u00e9rence de l&rsquo;utilisateur, et est envoy\u00e9 de notre domaine \u00e0 l&rsquo;appareil de l&rsquo;utilisateur qui visite notre site.<\/p>\n<\/p>\n<p>Cookies analytiques<\/p>\n<\/p>\n<p>Ce type de cookie est utilis\u00e9 pour collecter des informations sur l&rsquo;utilisation du site ; nous utilisons ces informations aux fins suivantes :<\/p>\n<\/p>\n<p>l&rsquo;analyse statistique ;<br \/>l&rsquo;am\u00e9lioration du site, la simplification de son utilisation et l&rsquo;optimisation des services offerts ;<br \/>contr\u00f4ler le bon fonctionnement du site.<\/p>\n<\/p>\n<p>Ce type de cookie recueille des informations sous forme anonyme sur l&rsquo;activit\u00e9 des utilisateurs sur le site et sur la fa\u00e7on dont ils sont arriv\u00e9s sur le site et les pages qu&rsquo;ils ont visit\u00e9es ; les cookies de ce type sont envoy\u00e9s par notre site ou par des domaines tiers.<\/p>\n<\/p>\n<p>Cookies de tiers<\/p>\n<\/p>\n<p>Ils sont utilis\u00e9s pour collecter des informations, sous forme anonyme, sur l&rsquo;utilisation du site www.polygraf.it par les visiteurs, les mots-cl\u00e9s utilis\u00e9s pour atteindre le site, les pages visit\u00e9es et les origines du trafic d&rsquo;o\u00f9 proviennent les utilisateurs pour des campagnes, des rapports et pour am\u00e9liorer le site. Les cookies de ce type sont envoy\u00e9s depuis notre site ou depuis des domaines tiers. Les cookies d&rsquo;int\u00e9gration de fonctionnalit\u00e9s tierces sont utilis\u00e9s pour int\u00e9grer des fonctions tierces dans notre site, telles que des formulaires de commentaires ou des liens vers des r\u00e9seaux sociaux, qui permettent aux utilisateurs de partager du contenu \u00e0 partir du site dans lequel ils sont int\u00e9gr\u00e9s. Ces cookies peuvent \u00eatre envoy\u00e9s par des sites partenaires ou des sites qui offrent des fonctionnalit\u00e9s sur notre site.<\/p>\n<\/p>\n<p>Cookies de profilage<\/p>\n<\/p>\n<p>Ils servent \u00e0 cr\u00e9er des profils d&rsquo;utilisateurs et sont utilis\u00e9s pour envoyer des messages publicitaires en fonction des pr\u00e9f\u00e9rences exprim\u00e9es par l&rsquo;utilisateur au cours de sa navigation. Les cookies de profilage de premi\u00e8re partie ne sont pas utilis\u00e9s sur www.polygraf.it.<\/p>\n<\/p>\n<p>Cookies utilis\u00e9s sur notre site<\/p>\n<\/p>\n<p>Le site www.polygraf.it utilise des cookies techniques, analytiques de premi\u00e8re partie, analytiques de tierce partie avec un pouvoir d&rsquo;identification r\u00e9duit et des cookies de profilage de tierce partie. En ce qui concerne les cookies techniques, le propri\u00e9taire n&rsquo;est pas oblig\u00e9 de demander le consentement de l&rsquo;utilisateur pour l&rsquo;installation de cookies techniques, \u00e9tant donn\u00e9 qu&rsquo;ils sont strictement n\u00e9cessaires au bon fonctionnement du site, tandis que pour les autres types de cookies, l&rsquo;utilisateur peut exprimer son consentement sur notre site, comme le pr\u00e9voit la l\u00e9gislation en vigueur.<\/p>\n<\/p>\n<p>Le consentement peut \u00eatre donn\u00e9 par le biais de configurations sp\u00e9cifiques du navigateur utilis\u00e9 pour la navigation et\/ou de programmes informatiques conviviaux ; veuillez noter que vous pouvez modifier vos pr\u00e9f\u00e9rences en mati\u00e8re de cookies \u00e0 tout moment ; il est \u00e9galement possible de d\u00e9sactiver les cookies de votre navigateur \u00e0 tout moment, mais cela peut vous emp\u00eacher d&rsquo;utiliser certaines parties de notre site.<\/p>\n<\/p>\n<p>Activation\/d\u00e9sactivation des cookies via le navigateur<\/p>\n<\/p>\n<p>Il existe diff\u00e9rentes mani\u00e8res de g\u00e9rer les cookies et autres technologies de suivi ; en modifiant les param\u00e8tres de votre navigateur, vous pouvez accepter ou rejeter les cookies ou d\u00e9cider de recevoir un message d&rsquo;avertissement avant d&rsquo;accepter un cookie des sites web que vous visitez. Veuillez noter qu&rsquo;en d\u00e9sactivant compl\u00e8tement les cookies dans votre navigateur, il se peut que vous ne puissiez pas utiliser toutes les fonctions interactives de www.polygraf.it.<\/p>\n<\/p>\n<p>Il est possible de supprimer tous les cookies install\u00e9s en acc\u00e9dant au dossier des cookies du navigateur utilis\u00e9 pour la navigation. Chaque navigateur dispose de proc\u00e9dures diff\u00e9rentes pour g\u00e9rer les param\u00e8tres. Cliquez sur l&rsquo;un des liens ci-dessous pour obtenir des instructions sp\u00e9cifiques.<\/p>\n<\/p>\n<p>Explorateur Microsoft Windows<\/p>\n<\/p>\n<p>Google Chrome<\/p>\n<\/p>\n<p>Mozilla Firefox<\/p>\n<\/p>\n<p>Apple Safari<\/p>\n<\/p>\n<p>Si vous utilisez un navigateur autre que ceux \u00e9num\u00e9r\u00e9s ci-dessus, s\u00e9lectionnez \u00ab\u00a0cookies\u00a0\u00bb dans la section correspondante du guide pour savoir o\u00f9 se trouve le dossier des cookies.<\/p>\n<\/p>\n<p>Suppression des cookies Flash<\/p>\n<\/p>\n<p>Cliquez sur le lien ci-dessous pour modifier vos param\u00e8tres de cookies Flash.<\/p>\n<\/p>\n<p>D\u00e9sactiver les cookies Flash<\/p>\n<\/p>\n<p>Cookies install\u00e9s<\/p>\n<\/p>\n<p>Aucun consentement pr\u00e9alable de l&rsquo;utilisateur n&rsquo;est requis pour l&rsquo;installation de ces cookies.<\/p>\n<\/p>\n<p>Le site www.polygraf.it installe \u00e9galement un certain nombre de cookies de tiers, y compris des cookies de profilage, qui sont activ\u00e9s en cliquant sur \u00ab\u00a0ok\u00a0\u00bb sur la banni\u00e8re de la page d&rsquo;accueil ; les cookies de tiers et les liens pertinents o\u00f9 l&rsquo;utilisateur peut trouver de plus amples informations ainsi que demander la d\u00e9sactivation sont \u00e9num\u00e9r\u00e9s ci-dessous.<\/p>\n<\/p>\n<p>Google Analytics<\/p>\n<\/p>\n<p>Notre site utilise Google Analytics \u00e0 des fins statistiques. Il s&rsquo;agit d&rsquo;un service fourni par Google Inc. qui collecte des analyses statistiques sous forme agr\u00e9g\u00e9e concernant l&rsquo;utilisation de notre site par le biais de cookies d\u00e9pos\u00e9s sur l&rsquo;ordinateur de l&rsquo;utilisateur ; il convient \u00e9galement de noter qu&rsquo;en plus des cookies, une balise pixel est \u00e9galement utilis\u00e9e, toujours par Google Inc.<a href=\"http:\/\/www.google.it\/intl\/it\/policies\/privacy\/key-terms\/\">http:\/\/www.google.it\/intl\/it\/policies\/privacy\/key-terms\/)<\/a>. Les donn\u00e9es collect\u00e9es par le biais de cette fonction sont \u00e0 la disposition de Google Inc. comme indiqu\u00e9 dans les informations disponibles sur https:\/\/developers.google.com\/analytics\/devguides\/collection\/analyticsjs\/cookie-usage <a href=\"https:\/\/developers.google.com\/analytics\/devguides\/collection\/analyticsjs\/cookie-usage\">;<\/a> la politique de confidentialit\u00e9 de Google Inc. qui est le contr\u00f4leur des donn\u00e9es du service Google Analytics, est disponible sur <a href=\"http:\/\/www.google.com\/intl\/en\/analytics\/privacyoverview.html\">http:\/\/www.google.com\/intl\/en\/analytics\/privacyoverview.html<\/a>.. Comme l&rsquo;a express\u00e9ment indiqu\u00e9 le Garant de la protection de la vie priv\u00e9e avec les \u00ab\u00a0Pr\u00e9cisions sur l&rsquo;application de la l\u00e9gislation relative aux cookies\u00a0\u00bb du 5 juin 2015, point 2 (\u00ab\u00a0Utilisation de cookies analytiques de tiers\u00a0\u00bb), notre site, en utilisant \u00e0 des fins purement statistiques des cookies analytiques r\u00e9alis\u00e9s et mis \u00e0 disposition par des tiers, a d\u00e9cid\u00e9 d&rsquo;utiliser la fonction d&rsquo;anonymisation des IP des utilisateurs fournie par Google Inc. comme indiqu\u00e9 sur la page  <a href=\"https:\/\/support.google.com\/analytics\/answer\/2763052?hl=it\">https:\/\/support.google.com\/analytics\/answer\/2763052?hl=it<\/a>  et a accept\u00e9 l&rsquo;amendement au traitement des donn\u00e9es (Google Analytics Data Processing Amendment v20130906), mis \u00e0 disposition par Google Analytics conform\u00e9ment \u00e0 la directive 95\/46\/CE, par lequel Google Inc. s&rsquo;engage \u00e0 traiter les donn\u00e9es conform\u00e9ment aux demandes du Client &#8211; Propri\u00e9taire et \u00e0 ne pas les partager avec d&rsquo;autres services suppl\u00e9mentaires, \u00e0 moins que le Propri\u00e9taire ne le demande par le biais des param\u00e8tres du service ; \u00e0 cette fin, nous vous informons que le Propri\u00e9taire de notre site n&rsquo;a pas li\u00e9 Google Analytics \u00e0 un service suppl\u00e9mentaire et qu&rsquo;aucune option de publicit\u00e9 ou de partage des donn\u00e9es avec Google Inc. n&rsquo;a \u00e9t\u00e9 activ\u00e9e.C&rsquo;est pourquoi le service Google Analytics, utilis\u00e9 par notre site \u00e0 des fins statistiques uniquement, ne requiert pas le consentement de l&rsquo;utilisateur pour la lib\u00e9ration des cookies correspondants ; le module compl\u00e9mentaire du navigateur permettant de d\u00e9sactiver Google Analytics est disponible \u00e0 l&rsquo;adresse suivante : https:\/\/tools.google.com\/dlpage\/gaoptout?hl=it.<\/p>\n<\/p>\n<p>Liens vers les r\u00e9seaux sociaux et widgets<\/p>\n<\/p>\n<p>Sur le site, il y a des liens et\/ou des widgets relatifs aux r\u00e9seaux sociaux (tels que Facebook, Twitter, Pinterest, &#8230;) qui permettent \u00e0 l&rsquo;utilisateur qui navigue sur notre site d&rsquo;interagir avec un \u00a0\u00bb clic \u00a0\u00bb directement avec les plates-formes sociales ; il s&rsquo;agit de liens qui se r\u00e9f\u00e8rent au compte du propri\u00e9taire sur les r\u00e9seaux sociaux repr\u00e9sent\u00e9s, et ne repr\u00e9sentent donc pas une installation de cookies de tiers. \u00c0 titre d&rsquo;information, vous trouverez ci-dessous les pages o\u00f9 l&rsquo;utilisateur peut consulter la politique de confidentialit\u00e9 des r\u00e9seaux sociaux indiqu\u00e9s.<\/p>\n<\/p>\n<p><a href=\"https:\/\/support.twitter.com\/articles\/20170519-uso-dei-cookie-e-di-altre-tecnologie-simili-da-parte-di-twitter#\">https:\/\/support.twitter.com\/articles\/20170519-uso-dei-cookie-e-di-altre-tecnologie-simili-da-parte-di-twitter#<\/a><\/p>\n<\/p>\n<p><a href=\"https:\/\/www.facebook.com\/help\/cookies\">https:\/\/www.facebook.com\/help\/cookies<\/a><\/p>\n<\/p>\n<p><a href=\"https:\/\/about.pinterest.com\/it\/privacy-policy\">https:\/\/about.pinterest.com\/it\/privacy-policy<\/a><\/p>\n<\/p>\n<p>Twitter<\/p>\n<\/p>\n<p>Notre site int\u00e8gre le widget Twitter qui implique l&rsquo;installation de cookies, y compris des cookies de profilage (cookies de profilage de tiers), par Twitter Inc. mais aucune information n&rsquo;est partag\u00e9e par le site sur lequel le widget est install\u00e9. Vous trouverez des informations sur ce service, ainsi que sur la mani\u00e8re de d\u00e9sactiver les cookies, \u00e0 l&rsquo;adresse http:\/\/twitter.com\/privacy et \u00e0 l&rsquo;adresse https:\/\/support.twitter.com\/articles\/20170519-uso-dei-cookie-e-di-altre-tecnologie-simili-da-parte-di-twitter#.<\/p>\n<\/p>\n<p>Consid\u00e9rations finales<\/p>\n<\/p>\n<p>Le traitement est effectu\u00e9 par des outils automatis\u00e9s par le propri\u00e9taire du site www.polygraf.it, sans aucune diffusion ou communication des donn\u00e9es. \u00c0 l&rsquo;exception des cookies techniques strictement n\u00e9cessaires \u00e0 une navigation normale, la fourniture des donn\u00e9es est laiss\u00e9e \u00e0 la volont\u00e9 de l&rsquo;utilisateur qui d\u00e9cide de naviguer sur notre site web apr\u00e8s avoir lu les br\u00e8ves informations contenues dans la banni\u00e8re correspondante ; l&rsquo;utilisateur peut \u00e9viter l&rsquo;installation des cookies en conservant la banni\u00e8re et en s&rsquo;abstenant de naviguer ou en la fermant en cliquant sur le bouton \u00ab\u00a0OK\u00a0\u00bb ou en utilisant les fonctions appropri\u00e9es disponibles sur le navigateur du dispositif utilis\u00e9 pour la navigation ; toute poursuite de la navigation sur la m\u00eame page web est qualifi\u00e9e d&rsquo;action positive de la part de l&rsquo;utilisateur et \u00e9quivaut \u00e0 un consentement \u00e0 l&rsquo;installation des cookies.<\/p>\n<\/p>\n<p>L&rsquo;utilisateur peut supprimer\/d\u00e9sactiver les cookies qui ne sont pas strictement n\u00e9cessaires \u00e0 la navigation par le biais des fonctionnalit\u00e9s disponibles dans la pr\u00e9sente note d&rsquo;information \u00e9tendue ou directement par le biais de son navigateur, ainsi que les cookies de tiers par le biais des fonctionnalit\u00e9s indiqu\u00e9es dans la pr\u00e9sente note d&rsquo;information qui renvoient aux pages d&rsquo;information des soci\u00e9t\u00e9s tierces.<\/p>\n<\/p>\n<p>Vous trouverez des informations utiles sur les cookies pr\u00e9sents sur votre appareil, ainsi que la possibilit\u00e9 de les d\u00e9sactiver individuellement, \u00e0 l&rsquo;adresse suivante : http:\/\/www.youronlinechoices.com\/it\/le-tue-scelte.<\/p>\n<\/p>\n<p>L&rsquo;int\u00e9ress\u00e9 peut \u00e0 tout moment faire valoir les droits \u00e9nonc\u00e9s \u00e0 l&rsquo;art. 7 du d\u00e9cret l\u00e9gislatif 196\/2003, comme indiqu\u00e9 sur la page de politique de confidentialit\u00e9 de notre site.<\/p>\n<\/p>\n<p>R\u00e9vocation du consentement \u00e0 l&rsquo;utilisation de cookies<\/p>\n<\/p>\n<p>Vous avez le droit de r\u00e9voquer votre consentement \u00e0 l&rsquo;acceptation des cookies \u00e0 tout moment.<\/p>\n<\/p>\n<p>Pour ce faire, il vous suffit de cliquer sur le bouton \u00ab\u00a0Retirer le consentement aux cookies\u00a0\u00bb ci-dessous.<\/p>\n<\/p>\n<p><a class=\"cky-banner-element\" href=\"#\">Param\u00e8tres des cookies et r\u00e9vocation du consentement \u00e0 l&rsquo;utilisation des cookies<\/a><\/p>\n\t\t\t\t\t\t\t\t<\/div>\n\t\t\t\t<\/div>\n\t\t\t\t\t<\/div>\n\t\t\t\t<\/div>\n\t\t\t\t<\/div>\n\t\t","protected":false},"excerpt":{"rendered":"<p>Politique en mati\u00e8re de cookies &#8211; Politique \u00e9tendue Polygraf srl Le titulaire du traitement des donn\u00e9es personnelles sur le site informe www.polygraf.it qu&rsquo;il utilise des cookies afin de rendre nos services efficaces et faciles \u00e0 utiliser, en garantissant \u00e9galement le droit \u00e0 l&rsquo;autod\u00e9termination inform\u00e9e, conform\u00e9ment aux articles 13 et 122 du d\u00e9cret l\u00e9gislatif 196\/2003 (\u00ab\u00a0Code [&hellip;]<\/p>\n","protected":false},"author":1,"featured_media":0,"parent":0,"menu_order":0,"comment_status":"closed","ping_status":"closed","template":"","meta":{"_acf_changed":false,"inline_featured_image":false,"footnotes":""},"prodotto":[],"class_list":["post-5122","page","type-page","status-publish","hentry"],"acf":[],"yoast_head":"<!-- This site is optimized with the Yoast SEO plugin v25.0 - https:\/\/yoast.com\/wordpress\/plugins\/seo\/ -->\n<title>Politique en mati\u00e8re de cookies - Polygraf - stampa offset<\/title>\n<meta name=\"robots\" content=\"index, follow, max-snippet:-1, max-image-preview:large, max-video-preview:-1\" \/>\n<link rel=\"canonical\" href=\"https:\/\/www.polygraf.it\/fr\/politique-en-matiere-de-cookies\/\" \/>\n<meta property=\"og:locale\" content=\"fr_FR\" \/>\n<meta property=\"og:type\" content=\"article\" \/>\n<meta property=\"og:title\" content=\"Politique en mati\u00e8re de cookies - Polygraf - stampa offset\" \/>\n<meta property=\"og:description\" content=\"Politique en mati\u00e8re de cookies &#8211; Politique \u00e9tendue Polygraf srl Le titulaire du traitement des donn\u00e9es personnelles sur le site informe www.polygraf.it qu&rsquo;il utilise des cookies afin de rendre nos services efficaces et faciles \u00e0 utiliser, en garantissant \u00e9galement le droit \u00e0 l&rsquo;autod\u00e9termination inform\u00e9e, conform\u00e9ment aux articles 13 et 122 du d\u00e9cret l\u00e9gislatif 196\/2003 (\u00ab\u00a0Code [&hellip;]\" \/>\n<meta property=\"og:url\" content=\"https:\/\/www.polygraf.it\/fr\/politique-en-matiere-de-cookies\/\" \/>\n<meta property=\"og:site_name\" content=\"Polygraf - stampa offset\" \/>\n<meta property=\"article:modified_time\" content=\"2024-05-03T13:04:33+00:00\" \/>\n<meta name=\"twitter:card\" content=\"summary_large_image\" \/>\n<meta name=\"twitter:label1\" content=\"Dur\u00e9e de lecture estim\u00e9e\" \/>\n\t<meta name=\"twitter:data1\" content=\"10 minutes\" \/>\n<script type=\"application\/ld+json\" class=\"yoast-schema-graph\">{\"@context\":\"https:\/\/schema.org\",\"@graph\":[{\"@type\":\"WebPage\",\"@id\":\"https:\/\/www.polygraf.it\/fr\/politique-en-matiere-de-cookies\/\",\"url\":\"https:\/\/www.polygraf.it\/fr\/politique-en-matiere-de-cookies\/\",\"name\":\"Politique en mati\u00e8re de cookies - Polygraf - stampa offset\",\"isPartOf\":{\"@id\":\"https:\/\/www.polygraf.it\/fr\/#website\"},\"datePublished\":\"2024-04-11T07:27:53+00:00\",\"dateModified\":\"2024-05-03T13:04:33+00:00\",\"breadcrumb\":{\"@id\":\"https:\/\/www.polygraf.it\/fr\/politique-en-matiere-de-cookies\/#breadcrumb\"},\"inLanguage\":\"fr-FR\",\"potentialAction\":[{\"@type\":\"ReadAction\",\"target\":[\"https:\/\/www.polygraf.it\/fr\/politique-en-matiere-de-cookies\/\"]}]},{\"@type\":\"BreadcrumbList\",\"@id\":\"https:\/\/www.polygraf.it\/fr\/politique-en-matiere-de-cookies\/#breadcrumb\",\"itemListElement\":[{\"@type\":\"ListItem\",\"position\":1,\"name\":\"Home\",\"item\":\"https:\/\/www.polygraf.it\/fr\/accueil\/\"},{\"@type\":\"ListItem\",\"position\":2,\"name\":\"Politique en mati\u00e8re de cookies\"}]},{\"@type\":\"WebSite\",\"@id\":\"https:\/\/www.polygraf.it\/fr\/#website\",\"url\":\"https:\/\/www.polygraf.it\/fr\/\",\"name\":\"Polygraf - stampa offset\",\"description\":\"\",\"potentialAction\":[{\"@type\":\"SearchAction\",\"target\":{\"@type\":\"EntryPoint\",\"urlTemplate\":\"https:\/\/www.polygraf.it\/fr\/?s={search_term_string}\"},\"query-input\":{\"@type\":\"PropertyValueSpecification\",\"valueRequired\":true,\"valueName\":\"search_term_string\"}}],\"inLanguage\":\"fr-FR\"}]}<\/script>\n<!-- \/ Yoast SEO plugin. -->","yoast_head_json":{"title":"Politique en mati\u00e8re de cookies - Polygraf - stampa offset","robots":{"index":"index","follow":"follow","max-snippet":"max-snippet:-1","max-image-preview":"max-image-preview:large","max-video-preview":"max-video-preview:-1"},"canonical":"https:\/\/www.polygraf.it\/fr\/politique-en-matiere-de-cookies\/","og_locale":"fr_FR","og_type":"article","og_title":"Politique en mati\u00e8re de cookies - Polygraf - stampa offset","og_description":"Politique en mati\u00e8re de cookies &#8211; Politique \u00e9tendue Polygraf srl Le titulaire du traitement des donn\u00e9es personnelles sur le site informe www.polygraf.it qu&rsquo;il utilise des cookies afin de rendre nos services efficaces et faciles \u00e0 utiliser, en garantissant \u00e9galement le droit \u00e0 l&rsquo;autod\u00e9termination inform\u00e9e, conform\u00e9ment aux articles 13 et 122 du d\u00e9cret l\u00e9gislatif 196\/2003 (\u00ab\u00a0Code [&hellip;]","og_url":"https:\/\/www.polygraf.it\/fr\/politique-en-matiere-de-cookies\/","og_site_name":"Polygraf - stampa offset","article_modified_time":"2024-05-03T13:04:33+00:00","twitter_card":"summary_large_image","twitter_misc":{"Dur\u00e9e de lecture estim\u00e9e":"10 minutes"},"schema":{"@context":"https:\/\/schema.org","@graph":[{"@type":"WebPage","@id":"https:\/\/www.polygraf.it\/fr\/politique-en-matiere-de-cookies\/","url":"https:\/\/www.polygraf.it\/fr\/politique-en-matiere-de-cookies\/","name":"Politique en mati\u00e8re de cookies - Polygraf - stampa offset","isPartOf":{"@id":"https:\/\/www.polygraf.it\/fr\/#website"},"datePublished":"2024-04-11T07:27:53+00:00","dateModified":"2024-05-03T13:04:33+00:00","breadcrumb":{"@id":"https:\/\/www.polygraf.it\/fr\/politique-en-matiere-de-cookies\/#breadcrumb"},"inLanguage":"fr-FR","potentialAction":[{"@type":"ReadAction","target":["https:\/\/www.polygraf.it\/fr\/politique-en-matiere-de-cookies\/"]}]},{"@type":"BreadcrumbList","@id":"https:\/\/www.polygraf.it\/fr\/politique-en-matiere-de-cookies\/#breadcrumb","itemListElement":[{"@type":"ListItem","position":1,"name":"Home","item":"https:\/\/www.polygraf.it\/fr\/accueil\/"},{"@type":"ListItem","position":2,"name":"Politique en mati\u00e8re de cookies"}]},{"@type":"WebSite","@id":"https:\/\/www.polygraf.it\/fr\/#website","url":"https:\/\/www.polygraf.it\/fr\/","name":"Polygraf - stampa offset","description":"","potentialAction":[{"@type":"SearchAction","target":{"@type":"EntryPoint","urlTemplate":"https:\/\/www.polygraf.it\/fr\/?s={search_term_string}"},"query-input":{"@type":"PropertyValueSpecification","valueRequired":true,"valueName":"search_term_string"}}],"inLanguage":"fr-FR"}]}},"_links":{"self":[{"href":"https:\/\/www.polygraf.it\/fr\/wp-json\/wp\/v2\/pages\/5122","targetHints":{"allow":["GET"]}}],"collection":[{"href":"https:\/\/www.polygraf.it\/fr\/wp-json\/wp\/v2\/pages"}],"about":[{"href":"https:\/\/www.polygraf.it\/fr\/wp-json\/wp\/v2\/types\/page"}],"author":[{"embeddable":true,"href":"https:\/\/www.polygraf.it\/fr\/wp-json\/wp\/v2\/users\/1"}],"replies":[{"embeddable":true,"href":"https:\/\/www.polygraf.it\/fr\/wp-json\/wp\/v2\/comments?post=5122"}],"version-history":[{"count":2,"href":"https:\/\/www.polygraf.it\/fr\/wp-json\/wp\/v2\/pages\/5122\/revisions"}],"predecessor-version":[{"id":5551,"href":"https:\/\/www.polygraf.it\/fr\/wp-json\/wp\/v2\/pages\/5122\/revisions\/5551"}],"wp:attachment":[{"href":"https:\/\/www.polygraf.it\/fr\/wp-json\/wp\/v2\/media?parent=5122"}],"wp:term":[{"taxonomy":"prodotto","embeddable":true,"href":"https:\/\/www.polygraf.it\/fr\/wp-json\/wp\/v2\/prodotto?post=5122"}],"curies":[{"name":"wp","href":"https:\/\/api.w.org\/{rel}","templated":true}]}}