{"id":5072,"date":"2024-04-11T07:28:12","date_gmt":"2024-04-11T07:28:12","guid":{"rendered":"https:\/\/www.polygraf.it\/le-groupe-pbp\/"},"modified":"2024-05-03T06:15:54","modified_gmt":"2024-05-03T06:15:54","slug":"le-groupe-pbp","status":"publish","type":"page","link":"https:\/\/www.polygraf.it\/fr\/le-groupe-pbp\/","title":{"rendered":"Le groupe PBP"},"content":{"rendered":"\t\t<div data-elementor-type=\"wp-page\" data-elementor-id=\"5072\" class=\"elementor elementor-5072 elementor-3005\" data-elementor-post-type=\"page\">\n\t\t\t\t<div class=\"elementor-element elementor-element-9850a2c e-con-full e-flex e-con e-parent\" data-id=\"9850a2c\" data-element_type=\"container\">\n\t\t\t\t<div class=\"elementor-element elementor-element-1ccebb4 elementor-widget elementor-widget-template\" data-id=\"1ccebb4\" data-element_type=\"widget\" data-widget_type=\"template.default\">\n\t\t\t\t<div class=\"elementor-widget-container\">\n\t\t\t\t\t\t\t<div class=\"elementor-template\">\n\t\t\t\t\t<div data-elementor-type=\"container\" data-elementor-id=\"5070\" class=\"elementor elementor-5070 elementor-4971\" data-elementor-post-type=\"elementor_library\">\n\t\t\t\t<div class=\"elementor-element elementor-element-83c65e5 e-flex e-con-boxed e-con e-parent\" data-id=\"83c65e5\" data-element_type=\"container\" data-settings=\"{&quot;background_background&quot;:&quot;classic&quot;}\">\n\t\t\t\t\t<div class=\"e-con-inner\">\n\t\t<div class=\"elementor-element elementor-element-8b3ab7f e-con-full e-flex e-con e-child\" data-id=\"8b3ab7f\" data-element_type=\"container\">\n\t\t\t\t<div class=\"elementor-element elementor-element-893d690 elementor-widget elementor-widget-heading\" data-id=\"893d690\" data-element_type=\"widget\" data-widget_type=\"heading.default\">\n\t\t\t\t<div class=\"elementor-widget-container\">\n\t\t\t\t\t<h1 class=\"elementor-heading-title elementor-size-default\">Le groupe PBP<\/h1>\t\t\t\t<\/div>\n\t\t\t\t<\/div>\n\t\t\t\t<div class=\"elementor-element elementor-element-419ece8 elementor-widget elementor-widget-heading\" data-id=\"419ece8\" data-element_type=\"widget\" data-widget_type=\"heading.default\">\n\t\t\t\t<div class=\"elementor-widget-container\">\n\t\t\t\t\t<h2 class=\"elementor-heading-title elementor-size-default\">Recherche et d\u00e9veloppement pour innover dans les processus, les produits et les services<\/h2>\t\t\t\t<\/div>\n\t\t\t\t<\/div>\n\t\t\t\t<\/div>\n\t\t<div class=\"elementor-element elementor-element-b621bef e-con-full elementor-hidden-tablet elementor-hidden-mobile e-flex e-con e-child\" data-id=\"b621bef\" data-element_type=\"container\">\n\t\t\t\t<div class=\"elementor-element elementor-element-ed47f23 elementor-align-right elementor-tablet-align-left elementor-widget elementor-widget-breadcrumbs\" data-id=\"ed47f23\" data-element_type=\"widget\" data-widget_type=\"breadcrumbs.default\">\n\t\t\t\t<div class=\"elementor-widget-container\">\n\t\t\t\t\t<p id=\"breadcrumbs\"><span><span><a href=\"https:\/\/www.polygraf.it\/fr\/accueil\/\">Home<\/a><\/span><\/span><\/p>\t\t\t\t<\/div>\n\t\t\t\t<\/div>\n\t\t\t\t<\/div>\n\t\t\t\t\t<\/div>\n\t\t\t\t<\/div>\n\t\t\t\t<\/div>\n\t\t\t\t<\/div>\n\t\t\t\t\t\t<\/div>\n\t\t\t\t<\/div>\n\t\t\t\t<\/div>\n\t\t<div class=\"elementor-element elementor-element-9f02054 e-flex e-con-boxed e-con e-parent\" data-id=\"9f02054\" data-element_type=\"container\">\n\t\t\t\t\t<div class=\"e-con-inner\">\n\t\t<div class=\"elementor-element elementor-element-2e9f839 e-con-full e-flex e-con e-child\" data-id=\"2e9f839\" data-element_type=\"container\">\n\t\t\t\t<div class=\"elementor-element elementor-element-8364b2d elementor-drop-cap-yes elementor-drop-cap-view-default elementor-widget elementor-widget-text-editor\" data-id=\"8364b2d\" data-element_type=\"widget\" data-settings=\"{&quot;drop_cap&quot;:&quot;yes&quot;}\" data-widget_type=\"text-editor.default\">\n\t\t\t\t<div class=\"elementor-widget-container\">\n\t\t\t\t\t\t\t\t\t<p>\u00c0 ce jour, le groupe PBP dans son ensemble emploie 30 cols blancs et employ\u00e9s de production, avec un chiffre d&rsquo;affaires d&rsquo;environ 8,6 millions d&rsquo;euros et une tendance de croissance constante entre 2018 et 2021 de 5 % par an.<\/p>\n\t\t\t\t\t\t\t\t<\/div>\n\t\t\t\t<\/div>\n\t\t\t\t<\/div>\n\t\t<div class=\"elementor-element elementor-element-f4cce67 e-con-full e-flex e-con e-child\" data-id=\"f4cce67\" data-element_type=\"container\">\n\t\t\t\t<div class=\"elementor-element elementor-element-ca61966 elementor-widget elementor-widget-text-editor\" data-id=\"ca61966\" data-element_type=\"widget\" data-widget_type=\"text-editor.default\">\n\t\t\t\t<div class=\"elementor-widget-container\">\n\t\t\t\t\t\t\t\t\t<p>Le groupe PBP a \u00e9t\u00e9 fond\u00e9 en 2006 en partageant les investissements structurels, les ressources humaines et les sp\u00e9cialisations de quatre entreprises entre V\u00e9rone, Vicence et Padoue, une r\u00e9gion du nord-est avec une tr\u00e8s forte densit\u00e9 de production et une longue exp\u00e9rience dans le domaine des arts graphiques.<\/p>\n\t\t\t\t\t\t\t\t<\/div>\n\t\t\t\t<\/div>\n\t\t\t\t<\/div>\n\t\t<div class=\"elementor-element elementor-element-b222a78 e-con-full e-flex e-con e-child\" data-id=\"b222a78\" data-element_type=\"container\">\n\t\t\t\t<div class=\"elementor-element elementor-element-30856d0 elementor-widget elementor-widget-text-editor\" data-id=\"30856d0\" data-element_type=\"widget\" data-widget_type=\"text-editor.default\">\n\t\t\t\t<div class=\"elementor-widget-container\">\n\t\t\t\t\t\t\t\t\t<p>La cr\u00e9ation du groupe a \u00e9t\u00e9 motiv\u00e9e par la n\u00e9cessit\u00e9 d&rsquo;\u00e9liminer les divisions de production obsol\u00e8tes de chaque entreprise en \u00e9change d&rsquo;un projet d&rsquo;investissement commun dans les techniques d&rsquo;impression les plus modernes.<\/p>\n\t\t\t\t\t\t\t\t<\/div>\n\t\t\t\t<\/div>\n\t\t\t\t<\/div>\n\t\t<div class=\"elementor-element elementor-element-cb0e948 e-con-full e-flex e-con e-child\" data-id=\"cb0e948\" data-element_type=\"container\">\n\t\t\t\t<div class=\"elementor-element elementor-element-b4cecaf elementor-widget elementor-widget-text-editor\" data-id=\"b4cecaf\" data-element_type=\"widget\" data-widget_type=\"text-editor.default\">\n\t\t\t\t<div class=\"elementor-widget-container\">\n\t\t\t\t\t\t\t\t\t<p>En 2012, en dirigeant et en transformant l&rsquo;exp\u00e9rience acquise au cours de plus de 25 ans d&rsquo;arts graphiques et dans le but d&rsquo;\u00e9largir le p\u00e9rim\u00e8tre strat\u00e9gique des produits d&rsquo;impression, le groupe a orient\u00e9 sa production et sa direction commerciale vers le march\u00e9 de la distribution, le secteur alimentaire et la grande distribution en g\u00e9n\u00e9ral.<\/p>\n\t\t\t\t\t\t\t\t<\/div>\n\t\t\t\t<\/div>\n\t\t\t\t<\/div>\n\t\t\t\t\t<\/div>\n\t\t\t\t<\/div>\n\t\t<div class=\"elementor-element elementor-element-56accc0 e-flex e-con-boxed e-con e-parent\" data-id=\"56accc0\" data-element_type=\"container\" data-settings=\"{&quot;background_background&quot;:&quot;classic&quot;}\">\n\t\t\t\t\t<div class=\"e-con-inner\">\n\t\t\t\t<div class=\"elementor-element elementor-element-ef74785 elementor-widget elementor-widget-image\" data-id=\"ef74785\" data-element_type=\"widget\" data-widget_type=\"image.default\">\n\t\t\t\t<div class=\"elementor-widget-container\">\n\t\t\t\t\t\t\t\t\t\t\t\t\t\t\t<img fetchpriority=\"high\" decoding=\"async\" width=\"1920\" height=\"1080\" src=\"https:\/\/www.polygraf.it\/wp-content\/uploads\/2022\/06\/polygraf-sede_alt.jpg\" class=\"attachment-full size-full wp-image-4477\" alt=\"\" srcset=\"https:\/\/www.polygraf.it\/wp-content\/uploads\/2022\/06\/polygraf-sede_alt.jpg 1920w, https:\/\/www.polygraf.it\/wp-content\/uploads\/2022\/06\/polygraf-sede_alt-300x169.jpg 300w, https:\/\/www.polygraf.it\/wp-content\/uploads\/2022\/06\/polygraf-sede_alt-1024x576.jpg 1024w, https:\/\/www.polygraf.it\/wp-content\/uploads\/2022\/06\/polygraf-sede_alt-768x432.jpg 768w, https:\/\/www.polygraf.it\/wp-content\/uploads\/2022\/06\/polygraf-sede_alt-1536x864.jpg 1536w\" sizes=\"(max-width: 1920px) 100vw, 1920px\" \/>\t\t\t\t\t\t\t\t\t\t\t\t\t\t\t<\/div>\n\t\t\t\t<\/div>\n\t\t\t\t\t<\/div>\n\t\t\t\t<\/div>\n\t\t<div class=\"elementor-element elementor-element-0b7004f e-flex e-con-boxed e-con e-parent\" data-id=\"0b7004f\" data-element_type=\"container\" data-settings=\"{&quot;background_background&quot;:&quot;classic&quot;}\">\n\t\t\t\t\t<div class=\"e-con-inner\">\n\t\t<div class=\"elementor-element elementor-element-d61ffc5 e-con-full e-flex e-con e-child\" data-id=\"d61ffc5\" data-element_type=\"container\">\n\t\t\t\t<div class=\"elementor-element elementor-element-d3886e1 elementor-widget elementor-widget-heading\" data-id=\"d3886e1\" data-element_type=\"widget\" data-widget_type=\"heading.default\">\n\t\t\t\t<div class=\"elementor-widget-container\">\n\t\t\t\t\t<h2 class=\"elementor-heading-title elementor-size-default\">NOTRE<\/h2>\t\t\t\t<\/div>\n\t\t\t\t<\/div>\n\t\t\t\t<div class=\"elementor-element elementor-element-3ae975e elementor-widget elementor-widget-heading\" data-id=\"3ae975e\" data-element_type=\"widget\" data-widget_type=\"heading.default\">\n\t\t\t\t<div class=\"elementor-widget-container\">\n\t\t\t\t\t<h2 class=\"elementor-heading-title elementor-size-default\">SECTEUR DE LA PRODUCTION<\/h2>\t\t\t\t<\/div>\n\t\t\t\t<\/div>\n\t\t\t\t<div class=\"elementor-element elementor-element-81176f8 elementor-widget-divider--view-line elementor-widget elementor-widget-divider\" data-id=\"81176f8\" data-element_type=\"widget\" data-widget_type=\"divider.default\">\n\t\t\t\t<div class=\"elementor-widget-container\">\n\t\t\t\t\t\t\t<div class=\"elementor-divider\">\n\t\t\t<span class=\"elementor-divider-separator\">\n\t\t\t\t\t\t<\/span>\n\t\t<\/div>\n\t\t\t\t\t\t<\/div>\n\t\t\t\t<\/div>\n\t\t\t\t<\/div>\n\t\t\t\t\t<\/div>\n\t\t\t\t<\/div>\n\t\t<div class=\"elementor-element elementor-element-9245f16 e-flex e-con-boxed e-con e-parent\" data-id=\"9245f16\" data-element_type=\"container\" data-settings=\"{&quot;background_background&quot;:&quot;classic&quot;}\">\n\t\t\t\t\t<div class=\"e-con-inner\">\n\t\t<div class=\"elementor-element elementor-element-caae3ed e-con-full e-flex e-con e-child\" data-id=\"caae3ed\" data-element_type=\"container\">\n\t\t\t\t<div class=\"elementor-element elementor-element-0a6a8b8 elementor-widget elementor-widget-counter\" data-id=\"0a6a8b8\" data-element_type=\"widget\" data-widget_type=\"counter.default\">\n\t\t\t\t<div class=\"elementor-widget-container\">\n\t\t\t\t\t\t\t<div class=\"elementor-counter\">\n\t\t\t<div class=\"elementor-counter-title\">Stations de travail graphiques<\/div>\t\t\t<div class=\"elementor-counter-number-wrapper\">\n\t\t\t\t<span class=\"elementor-counter-number-prefix\"><\/span>\n\t\t\t\t<span class=\"elementor-counter-number\" data-duration=\"2000\" data-to-value=\"9\" data-from-value=\"0\" data-delimiter=\",\">0<\/span>\n\t\t\t\t<span class=\"elementor-counter-number-suffix\"><\/span>\n\t\t\t<\/div>\n\t\t<\/div>\n\t\t\t\t\t\t<\/div>\n\t\t\t\t<\/div>\n\t\t\t\t<\/div>\n\t\t<div class=\"elementor-element elementor-element-1a1e48c e-con-full e-flex e-con e-child\" data-id=\"1a1e48c\" data-element_type=\"container\">\n\t\t\t\t<div class=\"elementor-element elementor-element-2c9cf83 elementor-widget elementor-widget-counter\" data-id=\"2c9cf83\" data-element_type=\"widget\" data-widget_type=\"counter.default\">\n\t\t\t\t<div class=\"elementor-widget-container\">\n\t\t\t\t\t\t\t<div class=\"elementor-counter\">\n\t\t\t<div class=\"elementor-counter-title\">Unit\u00e9 de d\u00e9calage<\/div>\t\t\t<div class=\"elementor-counter-number-wrapper\">\n\t\t\t\t<span class=\"elementor-counter-number-prefix\"><\/span>\n\t\t\t\t<span class=\"elementor-counter-number\" data-duration=\"2000\" data-to-value=\"2\" data-from-value=\"0\" data-delimiter=\",\">0<\/span>\n\t\t\t\t<span class=\"elementor-counter-number-suffix\"><\/span>\n\t\t\t<\/div>\n\t\t<\/div>\n\t\t\t\t\t\t<\/div>\n\t\t\t\t<\/div>\n\t\t\t\t<\/div>\n\t\t<div class=\"elementor-element elementor-element-3cee979 e-con-full e-flex e-con e-child\" data-id=\"3cee979\" data-element_type=\"container\">\n\t\t\t\t<div class=\"elementor-element elementor-element-5053321 elementor-widget elementor-widget-counter\" data-id=\"5053321\" data-element_type=\"widget\" data-widget_type=\"counter.default\">\n\t\t\t\t<div class=\"elementor-widget-container\">\n\t\t\t\t\t\t\t<div class=\"elementor-counter\">\n\t\t\t<div class=\"elementor-counter-title\">Unit\u00e9s num\u00e9riques<\/div>\t\t\t<div class=\"elementor-counter-number-wrapper\">\n\t\t\t\t<span class=\"elementor-counter-number-prefix\"><\/span>\n\t\t\t\t<span class=\"elementor-counter-number\" data-duration=\"2000\" data-to-value=\"5\" data-from-value=\"0\" data-delimiter=\",\">0<\/span>\n\t\t\t\t<span class=\"elementor-counter-number-suffix\"><\/span>\n\t\t\t<\/div>\n\t\t<\/div>\n\t\t\t\t\t\t<\/div>\n\t\t\t\t<\/div>\n\t\t\t\t<\/div>\n\t\t<div class=\"elementor-element elementor-element-7dddace e-con-full e-flex e-con e-child\" data-id=\"7dddace\" data-element_type=\"container\">\n\t\t\t\t<div class=\"elementor-element elementor-element-a34c152 elementor-widget elementor-widget-counter\" data-id=\"a34c152\" data-element_type=\"widget\" data-widget_type=\"counter.default\">\n\t\t\t\t<div class=\"elementor-widget-container\">\n\t\t\t\t\t\t\t<div class=\"elementor-counter\">\n\t\t\t<div class=\"elementor-counter-title\">Unit\u00e9s de finition int\u00e9rieures<\/div>\t\t\t<div class=\"elementor-counter-number-wrapper\">\n\t\t\t\t<span class=\"elementor-counter-number-prefix\"><\/span>\n\t\t\t\t<span class=\"elementor-counter-number\" data-duration=\"2000\" data-to-value=\"4\" data-from-value=\"0\" data-delimiter=\",\">0<\/span>\n\t\t\t\t<span class=\"elementor-counter-number-suffix\"><\/span>\n\t\t\t<\/div>\n\t\t<\/div>\n\t\t\t\t\t\t<\/div>\n\t\t\t\t<\/div>\n\t\t\t\t<\/div>\n\t\t\t\t\t<\/div>\n\t\t\t\t<\/div>\n\t\t\t\t<\/div>\n\t\t","protected":false},"excerpt":{"rendered":"<p>\u00c0 ce jour, le groupe PBP dans son ensemble emploie 30 cols blancs et employ\u00e9s de production, avec un chiffre d&rsquo;affaires d&rsquo;environ 8,6 millions d&rsquo;euros et une tendance de croissance constante entre 2018 et 2021 de 5 % par an. Le groupe PBP a \u00e9t\u00e9 fond\u00e9 en 2006 en partageant les investissements structurels, les ressources [&hellip;]<\/p>\n","protected":false},"author":1,"featured_media":0,"parent":0,"menu_order":0,"comment_status":"closed","ping_status":"closed","template":"","meta":{"_acf_changed":false,"inline_featured_image":false,"footnotes":""},"prodotto":[],"class_list":["post-5072","page","type-page","status-publish","hentry"],"acf":[],"yoast_head":"<!-- This site is optimized with the Yoast SEO plugin v25.0 - https:\/\/yoast.com\/wordpress\/plugins\/seo\/ -->\n<title>Le groupe PBP - Fond\u00e9 en 2006 par le partage des investissements<\/title>\n<meta name=\"description\" content=\"\u00c0 ce jour, le groupe PBP emploie 30 cols blancs et employ\u00e9s de production, pour un chiffre d&#039;affaires d&#039;environ 8,6 millions d&#039;euros.\" \/>\n<meta name=\"robots\" content=\"index, follow, max-snippet:-1, max-image-preview:large, max-video-preview:-1\" \/>\n<link rel=\"canonical\" href=\"https:\/\/www.polygraf.it\/fr\/le-groupe-pbp\/\" \/>\n<meta property=\"og:locale\" content=\"fr_FR\" \/>\n<meta property=\"og:type\" content=\"article\" \/>\n<meta property=\"og:title\" content=\"Le groupe PBP - Fond\u00e9 en 2006 par le partage des investissements\" \/>\n<meta property=\"og:description\" content=\"\u00c0 ce jour, le groupe PBP emploie 30 cols blancs et employ\u00e9s de production, pour un chiffre d&#039;affaires d&#039;environ 8,6 millions d&#039;euros.\" \/>\n<meta property=\"og:url\" content=\"https:\/\/www.polygraf.it\/fr\/le-groupe-pbp\/\" \/>\n<meta property=\"og:site_name\" content=\"Polygraf - stampa offset\" \/>\n<meta property=\"article:modified_time\" content=\"2024-05-03T06:15:54+00:00\" \/>\n<meta property=\"og:image\" content=\"https:\/\/www.polygraf.it\/wp-content\/uploads\/2022\/06\/polygraf-sede_alt.jpg\" \/>\n<meta name=\"twitter:card\" content=\"summary_large_image\" \/>\n<meta name=\"twitter:label1\" content=\"Dur\u00e9e de lecture estim\u00e9e\" \/>\n\t<meta name=\"twitter:data1\" content=\"1 minute\" \/>\n<script type=\"application\/ld+json\" class=\"yoast-schema-graph\">{\"@context\":\"https:\/\/schema.org\",\"@graph\":[{\"@type\":\"WebPage\",\"@id\":\"https:\/\/www.polygraf.it\/fr\/le-groupe-pbp\/\",\"url\":\"https:\/\/www.polygraf.it\/fr\/le-groupe-pbp\/\",\"name\":\"Le groupe PBP - Fond\u00e9 en 2006 par le partage des investissements\",\"isPartOf\":{\"@id\":\"https:\/\/www.polygraf.it\/fr\/#website\"},\"primaryImageOfPage\":{\"@id\":\"https:\/\/www.polygraf.it\/fr\/le-groupe-pbp\/#primaryimage\"},\"image\":{\"@id\":\"https:\/\/www.polygraf.it\/fr\/le-groupe-pbp\/#primaryimage\"},\"thumbnailUrl\":\"https:\/\/www.polygraf.it\/wp-content\/uploads\/2022\/06\/polygraf-sede_alt.jpg\",\"datePublished\":\"2024-04-11T07:28:12+00:00\",\"dateModified\":\"2024-05-03T06:15:54+00:00\",\"description\":\"\u00c0 ce jour, le groupe PBP emploie 30 cols blancs et employ\u00e9s de production, pour un chiffre d'affaires d'environ 8,6 millions d'euros.\",\"breadcrumb\":{\"@id\":\"https:\/\/www.polygraf.it\/fr\/le-groupe-pbp\/#breadcrumb\"},\"inLanguage\":\"fr-FR\",\"potentialAction\":[{\"@type\":\"ReadAction\",\"target\":[\"https:\/\/www.polygraf.it\/fr\/le-groupe-pbp\/\"]}]},{\"@type\":\"ImageObject\",\"inLanguage\":\"fr-FR\",\"@id\":\"https:\/\/www.polygraf.it\/fr\/le-groupe-pbp\/#primaryimage\",\"url\":\"https:\/\/www.polygraf.it\/wp-content\/uploads\/2022\/06\/polygraf-sede_alt.jpg\",\"contentUrl\":\"https:\/\/www.polygraf.it\/wp-content\/uploads\/2022\/06\/polygraf-sede_alt.jpg\"},{\"@type\":\"BreadcrumbList\",\"@id\":\"https:\/\/www.polygraf.it\/fr\/le-groupe-pbp\/#breadcrumb\",\"itemListElement\":[{\"@type\":\"ListItem\",\"position\":1,\"name\":\"Home\",\"item\":\"https:\/\/www.polygraf.it\/fr\/accueil\/\"},{\"@type\":\"ListItem\",\"position\":2,\"name\":\"Le groupe PBP\"}]},{\"@type\":\"WebSite\",\"@id\":\"https:\/\/www.polygraf.it\/fr\/#website\",\"url\":\"https:\/\/www.polygraf.it\/fr\/\",\"name\":\"Polygraf - stampa offset\",\"description\":\"\",\"potentialAction\":[{\"@type\":\"SearchAction\",\"target\":{\"@type\":\"EntryPoint\",\"urlTemplate\":\"https:\/\/www.polygraf.it\/fr\/?s={search_term_string}\"},\"query-input\":{\"@type\":\"PropertyValueSpecification\",\"valueRequired\":true,\"valueName\":\"search_term_string\"}}],\"inLanguage\":\"fr-FR\"}]}<\/script>\n<!-- \/ Yoast SEO plugin. -->","yoast_head_json":{"title":"Le groupe PBP - Fond\u00e9 en 2006 par le partage des investissements","description":"\u00c0 ce jour, le groupe PBP emploie 30 cols blancs et employ\u00e9s de production, pour un chiffre d'affaires d'environ 8,6 millions d'euros.","robots":{"index":"index","follow":"follow","max-snippet":"max-snippet:-1","max-image-preview":"max-image-preview:large","max-video-preview":"max-video-preview:-1"},"canonical":"https:\/\/www.polygraf.it\/fr\/le-groupe-pbp\/","og_locale":"fr_FR","og_type":"article","og_title":"Le groupe PBP - Fond\u00e9 en 2006 par le partage des investissements","og_description":"\u00c0 ce jour, le groupe PBP emploie 30 cols blancs et employ\u00e9s de production, pour un chiffre d'affaires d'environ 8,6 millions d'euros.","og_url":"https:\/\/www.polygraf.it\/fr\/le-groupe-pbp\/","og_site_name":"Polygraf - stampa offset","article_modified_time":"2024-05-03T06:15:54+00:00","og_image":[{"url":"https:\/\/www.polygraf.it\/wp-content\/uploads\/2022\/06\/polygraf-sede_alt.jpg","type":"","width":"","height":""}],"twitter_card":"summary_large_image","twitter_misc":{"Dur\u00e9e de lecture estim\u00e9e":"1 minute"},"schema":{"@context":"https:\/\/schema.org","@graph":[{"@type":"WebPage","@id":"https:\/\/www.polygraf.it\/fr\/le-groupe-pbp\/","url":"https:\/\/www.polygraf.it\/fr\/le-groupe-pbp\/","name":"Le groupe PBP - Fond\u00e9 en 2006 par le partage des investissements","isPartOf":{"@id":"https:\/\/www.polygraf.it\/fr\/#website"},"primaryImageOfPage":{"@id":"https:\/\/www.polygraf.it\/fr\/le-groupe-pbp\/#primaryimage"},"image":{"@id":"https:\/\/www.polygraf.it\/fr\/le-groupe-pbp\/#primaryimage"},"thumbnailUrl":"https:\/\/www.polygraf.it\/wp-content\/uploads\/2022\/06\/polygraf-sede_alt.jpg","datePublished":"2024-04-11T07:28:12+00:00","dateModified":"2024-05-03T06:15:54+00:00","description":"\u00c0 ce jour, le groupe PBP emploie 30 cols blancs et employ\u00e9s de production, pour un chiffre d'affaires d'environ 8,6 millions d'euros.","breadcrumb":{"@id":"https:\/\/www.polygraf.it\/fr\/le-groupe-pbp\/#breadcrumb"},"inLanguage":"fr-FR","potentialAction":[{"@type":"ReadAction","target":["https:\/\/www.polygraf.it\/fr\/le-groupe-pbp\/"]}]},{"@type":"ImageObject","inLanguage":"fr-FR","@id":"https:\/\/www.polygraf.it\/fr\/le-groupe-pbp\/#primaryimage","url":"https:\/\/www.polygraf.it\/wp-content\/uploads\/2022\/06\/polygraf-sede_alt.jpg","contentUrl":"https:\/\/www.polygraf.it\/wp-content\/uploads\/2022\/06\/polygraf-sede_alt.jpg"},{"@type":"BreadcrumbList","@id":"https:\/\/www.polygraf.it\/fr\/le-groupe-pbp\/#breadcrumb","itemListElement":[{"@type":"ListItem","position":1,"name":"Home","item":"https:\/\/www.polygraf.it\/fr\/accueil\/"},{"@type":"ListItem","position":2,"name":"Le groupe PBP"}]},{"@type":"WebSite","@id":"https:\/\/www.polygraf.it\/fr\/#website","url":"https:\/\/www.polygraf.it\/fr\/","name":"Polygraf - stampa offset","description":"","potentialAction":[{"@type":"SearchAction","target":{"@type":"EntryPoint","urlTemplate":"https:\/\/www.polygraf.it\/fr\/?s={search_term_string}"},"query-input":{"@type":"PropertyValueSpecification","valueRequired":true,"valueName":"search_term_string"}}],"inLanguage":"fr-FR"}]}},"_links":{"self":[{"href":"https:\/\/www.polygraf.it\/fr\/wp-json\/wp\/v2\/pages\/5072","targetHints":{"allow":["GET"]}}],"collection":[{"href":"https:\/\/www.polygraf.it\/fr\/wp-json\/wp\/v2\/pages"}],"about":[{"href":"https:\/\/www.polygraf.it\/fr\/wp-json\/wp\/v2\/types\/page"}],"author":[{"embeddable":true,"href":"https:\/\/www.polygraf.it\/fr\/wp-json\/wp\/v2\/users\/1"}],"replies":[{"embeddable":true,"href":"https:\/\/www.polygraf.it\/fr\/wp-json\/wp\/v2\/comments?post=5072"}],"version-history":[{"count":7,"href":"https:\/\/www.polygraf.it\/fr\/wp-json\/wp\/v2\/pages\/5072\/revisions"}],"predecessor-version":[{"id":5428,"href":"https:\/\/www.polygraf.it\/fr\/wp-json\/wp\/v2\/pages\/5072\/revisions\/5428"}],"wp:attachment":[{"href":"https:\/\/www.polygraf.it\/fr\/wp-json\/wp\/v2\/media?parent=5072"}],"wp:term":[{"taxonomy":"prodotto","embeddable":true,"href":"https:\/\/www.polygraf.it\/fr\/wp-json\/wp\/v2\/prodotto?post=5072"}],"curies":[{"name":"wp","href":"https:\/\/api.w.org\/{rel}","templated":true}]}}