{"id":5267,"date":"2024-04-10T06:38:34","date_gmt":"2024-04-10T06:38:34","guid":{"rendered":"https:\/\/www.polygraf.it\/?page_id=5267"},"modified":"2024-05-03T13:08:05","modified_gmt":"2024-05-03T13:08:05","slug":"politica-de-privacidad","status":"publish","type":"page","link":"https:\/\/www.polygraf.it\/es\/politica-de-privacidad\/","title":{"rendered":"Pol\u00edtica de privacidad"},"content":{"rendered":"\t\t<div data-elementor-type=\"wp-page\" data-elementor-id=\"5267\" class=\"elementor elementor-5267 elementor-3\" data-elementor-post-type=\"page\">\n\t\t\t\t<div class=\"elementor-element elementor-element-edc29d8 e-flex e-con-boxed e-con e-parent\" data-id=\"edc29d8\" data-element_type=\"container\">\n\t\t\t\t\t<div class=\"e-con-inner\">\n\t\t\t\t<div class=\"elementor-element elementor-element-cef15b5 elementor-widget elementor-widget-text-editor\" data-id=\"cef15b5\" data-element_type=\"widget\" data-widget_type=\"text-editor.default\">\n\t\t\t\t<div class=\"elementor-widget-container\">\n\t\t\t\t\t\t\t\t\t\n<p>Proteger tu privacidad es uno de nuestros principales objetivos.<\/p>\n\n<p>Este documento te permitir\u00e1 familiarizarte con nuestra pol\u00edtica de privacidad para entender c\u00f3mo se tratan tus datos personales cuando utilizas nuestros servicios y para que puedas, en su caso, dar tu consentimiento expreso e informado al tratamiento de tus datos personales en las secciones del sitio en las que se te pidan datos personales.<\/p>\n\n<p>Nos gustar\u00eda recordarte que en las distintas secciones de nuestro sitio web (en adelante, el \u00abSitio\u00bb) en las que recopilamos tus datos personales, se incluye informaci\u00f3n espec\u00edfica de conformidad con el Art. 13 del Reglamento UE 2016\/679 (en lo sucesivo, el \u00abReglamento\u00bb) para su necesario reconocimiento antes de facilitar los datos solicitados.<\/p>\n\n<p>La informaci\u00f3n y los datos facilitados por ti o adquiridos de otro modo en el marco de tu inscripci\u00f3n a los distintos servicios, (como: solicitud de informaci\u00f3n, asesoramiento, inscripci\u00f3n al bolet\u00edn, actividades de marketing y comunicaci\u00f3n online y offline, participaci\u00f3n en eventos, actividades de gabinete de prensa y relaciones p\u00fablicas, comunicaciones comerciales, etc., en adelante denominados colectivamente \u00abServicios\u00bb), ser\u00e1n tratados de conformidad con las disposiciones del Reglamento y las obligaciones de confidencialidad que inspiran nuestra actividad.<\/p>\n\n<p>De conformidad con el Reglamento General de Protecci\u00f3n de Datos &#8211; Reglamento UE 2016\/679 (C\u00f3digo de Protecci\u00f3n de Datos Personales), el tratamiento de la informaci\u00f3n que te concierne se basar\u00e1 en los principios de licitud, imparcialidad, transparencia, limitaci\u00f3n de la finalidad y almacenamiento, minimizaci\u00f3n de datos, exactitud, integridad y confidencialidad.<\/p>\n\n<p><strong>Polygraf srl<\/strong>  (responsable del tratamiento), de conformidad con el art\u00edculo 13 del Reglamento General de Protecci\u00f3n de Datos &#8211; Reglamento UE 2016\/679, te proporciona la siguiente informaci\u00f3n sobre el tratamiento de los datos personales proporcionados para el uso de los servicios ofrecidos por el responsable del tratamiento y el sitio web www.polygraf.it y todos sus subdominios (en lo sucesivo, el Sitio).<\/p>\n\n<p>A) Fines del tratamiento:<\/p>\n\n<p>De conformidad con el Reglamento, los datos personales recogidos ser\u00e1n objeto de tratamiento, mediante archivo automatizado en el sistema inform\u00e1tico por parte del responsable del tratamiento, para fines relacionados con las actividades y servicios del responsable del tratamiento:<\/p>\n\n<p>1.1. para proporcionarte asistencia en el uso de los servicios y, en general, para la gesti\u00f3n de los servicios;<\/p>\n\n<p>1.2. para enviarte comunicaciones sobre c\u00f3mo utilizar los servicios;<\/p>\n\n<p>1.3. enviarte comunicaciones comerciales relacionadas con las actividades del responsable del tratamiento;<\/p>\n\n<p>1.4. s\u00f3lo con tu consentimiento expl\u00edcito, para enviarte comunicaciones comerciales relacionadas con actividades de terceros. Si no se comunica, se considera NO concedida.<\/p>\n\n<p>B) Car\u00e1cter obligatorio o facultativo del suministro de datos y consecuencias de la negativa<\/p>\n\n<p>La base jur\u00eddica para el tratamiento de Datos Personales para los fines establecidos en la secci\u00f3n 3 (a-b-c) es el Art. 6(1)(b) del Reglamento, ya que el tratamiento es necesario para la prestaci\u00f3n de los servicios contratados. El suministro de Datos Personales para estos fines es opcional, pero su no suministro imposibilitar\u00eda la activaci\u00f3n de los Servicios solicitados.<br>La finalidad mencionada en la Secci\u00f3n 3(d) es un tratamiento l\u00edcito de Datos Personales en el sentido del Art\u00edculo 6(1)(c) del Reglamento. Una vez que se han proporcionado los Datos Personales, el tratamiento puede ser efectivamente necesario para cumplir obligaciones legales.<\/p>\n\n<p>Por lo tanto, el suministro de datos es opcional, pero una negativa puede dar lugar a la imposibilidad de acceder a los servicios ofrecidos por este sitio.<\/p>\n\n<p>C) Personas a las que se pueden comunicar los datos &#8211; \u00e1mbito de difusi\u00f3n de los datos<\/p>\n\n<p>Los datos personales que nos has facilitado podr\u00e1n ser comunicados exclusivamente a:<\/p>\n\n<p>4.1. empresas asociadas o filiales que formen parte de nuestro grupo, para la consecuci\u00f3n de los mismos fines para los que se recogieron los datos;<\/p>\n\n<p>4.2. entidades p\u00fablicas o privadas para el cumplimiento de las obligaciones estatutarias, legales o reglamentarias de la UE;<\/p>\n\n<p>4.3. algunos de tus Datos Personales pueden ser compartidos con destinatarios fuera del Espacio Econ\u00f3mico Europeo. Nos aseguramos de que el tratamiento de los Datos Personales por parte de estos destinatarios se lleve a cabo de conformidad con el Reglamento. De hecho, las transferencias pueden basarse en una decisi\u00f3n de adecuaci\u00f3n o en Cl\u00e1usulas Contractuales Tipo aprobadas por la Comisi\u00f3n Europea. Puedes solicitar m\u00e1s informaci\u00f3n al responsable del tratamiento de datos.<\/p>\n\n<p>D) Derechos del interesado conforme a los art\u00edculos 15,18,20,77 del Reglamento<\/p>\n\n<p>5.1. derecho a obtener la confirmaci\u00f3n de la existencia o no de datos personales que le conciernan, aunque a\u00fan no est\u00e9n registrados, y su comunicaci\u00f3n en forma inteligible;<\/p>\n\n<p>5.2 derecho a obtener informaci\u00f3n sobre el origen de los datos personales (art\u00edculo 15), las finalidades y modalidades del tratamiento, la l\u00f3gica aplicada en caso de tratamiento efectuado con ayuda de instrumentos electr\u00f3nicos, los datos de contacto del responsable del tratamiento, de los encargados del tratamiento y del representante designado, de las personas o categor\u00edas de personas a las que se pueden comunicar los datos personales o que pueden tener conocimiento de ellos en calidad de representante designado en el territorio del Estado, de los encargados del tratamiento o de las personas encargadas del tratamiento.<\/p>\n\n<p>5.3. el derecho a obtener la actualizaci\u00f3n, rectificaci\u00f3n o complementaci\u00f3n de los datos, as\u00ed como su supresi\u00f3n, transformaci\u00f3n en forma an\u00f3nima o bloqueo, en caso de tratamiento contrario a la ley, incluidos los datos cuya conservaci\u00f3n no sea necesaria para los fines para los que fueron recogidos o posteriormente tratados;<\/p>\n\n<p>5.4. derecho a oponerse al tratamiento de los datos personales que le conciernan con fines de env\u00edo de material publicitario o de venta directa o para la realizaci\u00f3n de estudios de mercado o de comunicaci\u00f3n comercial.<\/p>\n\n<p>5.5. el derecho a reclamar ante las autoridades de control (Autoridad de Protecci\u00f3n de Datos), de conformidad con el Art. 77 del Reglamento, si considera que el tratamiento de sus datos es contrario a la legislaci\u00f3n vigente.<\/p>\n\n<p>5.6. derecho a solicitar en cualquier momento al responsable del tratamiento el acceso a sus datos personales, la rectificaci\u00f3n o supresi\u00f3n de los mismos o a oponerse a su tratamiento; tiene derecho a solicitar la limitaci\u00f3n del tratamiento en los casos previstos en el Art. 18 del Reglamento, as\u00ed como a obtener en un formato estructurado, de uso com\u00fan y lectura mec\u00e1nica los datos que le conciernan, en los casos previstos en el Art. 20 del Reglamento.<\/p>\n\n<p>E) Base jur\u00eddica del tratamiento<\/p>\n\n<p>Informamos a los usuarios del sitio que la base legal para el procesamiento de datos es la naci\u00f3n italiana (parte de la Comunidad Europea);<\/p>\n\n<p>F) Per\u00edodo de conservaci\u00f3n de los datos<\/p>\n\n<p>Los Datos Personales tratados se conservar\u00e1n durante el tiempo estrictamente necesario para alcanzar dichos fines. En cualquier caso, dado que el tratamiento se lleva a cabo para la prestaci\u00f3n de Servicios, trataremos los Datos Personales durante el tiempo que permita la legislaci\u00f3n italiana para proteger sus intereses (Art. 2946 c.c. y siguientes).<\/p>\n\n<p>Los Datos Personales tratados para los fines enumerados en el apartado A se conservar\u00e1n durante el tiempo que exija la obligaci\u00f3n espec\u00edfica o la norma jur\u00eddica aplicable. Por ejemplo, como ya se ha especificado, los datos de tr\u00e1fico se conservar\u00e1n a efectos de justicia durante siete a\u00f1os despu\u00e9s de su generaci\u00f3n; en caso contrario, se conservar\u00e1n durante tres a\u00f1os.<\/p>\n\n<p>Tus Datos Personales se utilizar\u00e1n con fines informativos (apartado A 1.3) hasta que retires tu consentimiento o hasta tres a\u00f1os despu\u00e9s de que hayas dejado de ser nuestro cliente, o simplemente te hayas registrado en el Sitio, y no hayas realizado ninguna compra de productos o servicios. No obstante, esto se entiende sin perjuicio de la posibilidad de que conservemos tus Datos Personales durante el tiempo que permita la legislaci\u00f3n italiana para proteger tus intereses (Art. 2947(1)(3) c.c.). Puedes obtener m\u00e1s informaci\u00f3n sobre el periodo de conservaci\u00f3n de datos y los criterios utilizados para determinar dicho periodo escribiendo al Responsable de Protecci\u00f3n de Datos.<\/p>\n\n<p>G) Responsable y encargado del tratamiento<\/p>\n\n<p>El responsable del tratamiento de los datos es Polygraf srl, via dell&#8217;Edilizia, 23 36100 (Vicenza) Italia.<\/p>\n\n<p>H) Modificaciones<\/p>\n\n<p>Esta pol\u00edtica de privacidad es efectiva desde el 25 de mayo de 2018. Nos reservamos el derecho a modificar o simplemente actualizar su contenido, en parte o en su totalidad, tambi\u00e9n debido a cambios en la legislaci\u00f3n aplicable. Cuando las modificaciones de esta Pol\u00edtica se refieran a cambios sustanciales en el tratamiento o puedan tener un impacto material sobre los interesados, nos encargaremos de notificarlo a los interesados.<\/p>\n\t\t\t\t\t\t\t\t<\/div>\n\t\t\t\t<\/div>\n\t\t\t\t\t<\/div>\n\t\t\t\t<\/div>\n\t\t\t\t<\/div>\n\t\t","protected":false},"excerpt":{"rendered":"<p>Proteger tu privacidad es uno de nuestros principales objetivos. Este documento te permitir\u00e1 familiarizarte con nuestra pol\u00edtica de privacidad para entender c\u00f3mo se tratan tus datos personales cuando utilizas nuestros servicios y para que puedas, en su caso, dar tu consentimiento expreso e informado al tratamiento de tus datos personales en las secciones del sitio [&hellip;]<\/p>\n","protected":false},"author":1,"featured_media":0,"parent":0,"menu_order":0,"comment_status":"closed","ping_status":"closed","template":"","meta":{"_acf_changed":false,"inline_featured_image":false,"footnotes":""},"prodotto":[],"class_list":["post-5267","page","type-page","status-publish","hentry"],"acf":[],"yoast_head":"<!-- This site is optimized with the Yoast SEO plugin v25.0 - https:\/\/yoast.com\/wordpress\/plugins\/seo\/ -->\n<title>Pol\u00edtica de privacidad - Polygraf - stampa offset<\/title>\n<meta name=\"robots\" content=\"index, follow, max-snippet:-1, max-image-preview:large, max-video-preview:-1\" \/>\n<link rel=\"canonical\" href=\"https:\/\/www.polygraf.it\/es\/politica-de-privacidad\/\" \/>\n<meta property=\"og:locale\" content=\"es_ES\" \/>\n<meta property=\"og:type\" content=\"article\" \/>\n<meta property=\"og:title\" content=\"Pol\u00edtica de privacidad - Polygraf - stampa offset\" \/>\n<meta property=\"og:description\" content=\"Proteger tu privacidad es uno de nuestros principales objetivos. Este documento te permitir\u00e1 familiarizarte con nuestra pol\u00edtica de privacidad para entender c\u00f3mo se tratan tus datos personales cuando utilizas nuestros servicios y para que puedas, en su caso, dar tu consentimiento expreso e informado al tratamiento de tus datos personales en las secciones del sitio [&hellip;]\" \/>\n<meta property=\"og:url\" content=\"https:\/\/www.polygraf.it\/es\/politica-de-privacidad\/\" \/>\n<meta property=\"og:site_name\" content=\"Polygraf - stampa offset\" \/>\n<meta property=\"article:modified_time\" content=\"2024-05-03T13:08:05+00:00\" \/>\n<meta name=\"twitter:card\" content=\"summary_large_image\" \/>\n<meta name=\"twitter:label1\" content=\"Tiempo de lectura\" \/>\n\t<meta name=\"twitter:data1\" content=\"7 minutos\" \/>\n<script type=\"application\/ld+json\" class=\"yoast-schema-graph\">{\"@context\":\"https:\/\/schema.org\",\"@graph\":[{\"@type\":\"WebPage\",\"@id\":\"https:\/\/www.polygraf.it\/es\/politica-de-privacidad\/\",\"url\":\"https:\/\/www.polygraf.it\/es\/politica-de-privacidad\/\",\"name\":\"Pol\u00edtica de privacidad - Polygraf - stampa offset\",\"isPartOf\":{\"@id\":\"https:\/\/www.polygraf.it\/es\/#website\"},\"datePublished\":\"2024-04-10T06:38:34+00:00\",\"dateModified\":\"2024-05-03T13:08:05+00:00\",\"breadcrumb\":{\"@id\":\"https:\/\/www.polygraf.it\/es\/politica-de-privacidad\/#breadcrumb\"},\"inLanguage\":\"es\",\"potentialAction\":[{\"@type\":\"ReadAction\",\"target\":[\"https:\/\/www.polygraf.it\/es\/politica-de-privacidad\/\"]}]},{\"@type\":\"BreadcrumbList\",\"@id\":\"https:\/\/www.polygraf.it\/es\/politica-de-privacidad\/#breadcrumb\",\"itemListElement\":[{\"@type\":\"ListItem\",\"position\":1,\"name\":\"Home\",\"item\":\"https:\/\/www.polygraf.it\/es\/inicio\/\"},{\"@type\":\"ListItem\",\"position\":2,\"name\":\"Pol\u00edtica de privacidad\"}]},{\"@type\":\"WebSite\",\"@id\":\"https:\/\/www.polygraf.it\/es\/#website\",\"url\":\"https:\/\/www.polygraf.it\/es\/\",\"name\":\"Polygraf - stampa offset\",\"description\":\"\",\"potentialAction\":[{\"@type\":\"SearchAction\",\"target\":{\"@type\":\"EntryPoint\",\"urlTemplate\":\"https:\/\/www.polygraf.it\/es\/?s={search_term_string}\"},\"query-input\":{\"@type\":\"PropertyValueSpecification\",\"valueRequired\":true,\"valueName\":\"search_term_string\"}}],\"inLanguage\":\"es\"}]}<\/script>\n<!-- \/ Yoast SEO plugin. -->","yoast_head_json":{"title":"Pol\u00edtica de privacidad - Polygraf - stampa offset","robots":{"index":"index","follow":"follow","max-snippet":"max-snippet:-1","max-image-preview":"max-image-preview:large","max-video-preview":"max-video-preview:-1"},"canonical":"https:\/\/www.polygraf.it\/es\/politica-de-privacidad\/","og_locale":"es_ES","og_type":"article","og_title":"Pol\u00edtica de privacidad - Polygraf - stampa offset","og_description":"Proteger tu privacidad es uno de nuestros principales objetivos. Este documento te permitir\u00e1 familiarizarte con nuestra pol\u00edtica de privacidad para entender c\u00f3mo se tratan tus datos personales cuando utilizas nuestros servicios y para que puedas, en su caso, dar tu consentimiento expreso e informado al tratamiento de tus datos personales en las secciones del sitio [&hellip;]","og_url":"https:\/\/www.polygraf.it\/es\/politica-de-privacidad\/","og_site_name":"Polygraf - stampa offset","article_modified_time":"2024-05-03T13:08:05+00:00","twitter_card":"summary_large_image","twitter_misc":{"Tiempo de lectura":"7 minutos"},"schema":{"@context":"https:\/\/schema.org","@graph":[{"@type":"WebPage","@id":"https:\/\/www.polygraf.it\/es\/politica-de-privacidad\/","url":"https:\/\/www.polygraf.it\/es\/politica-de-privacidad\/","name":"Pol\u00edtica de privacidad - Polygraf - stampa offset","isPartOf":{"@id":"https:\/\/www.polygraf.it\/es\/#website"},"datePublished":"2024-04-10T06:38:34+00:00","dateModified":"2024-05-03T13:08:05+00:00","breadcrumb":{"@id":"https:\/\/www.polygraf.it\/es\/politica-de-privacidad\/#breadcrumb"},"inLanguage":"es","potentialAction":[{"@type":"ReadAction","target":["https:\/\/www.polygraf.it\/es\/politica-de-privacidad\/"]}]},{"@type":"BreadcrumbList","@id":"https:\/\/www.polygraf.it\/es\/politica-de-privacidad\/#breadcrumb","itemListElement":[{"@type":"ListItem","position":1,"name":"Home","item":"https:\/\/www.polygraf.it\/es\/inicio\/"},{"@type":"ListItem","position":2,"name":"Pol\u00edtica de privacidad"}]},{"@type":"WebSite","@id":"https:\/\/www.polygraf.it\/es\/#website","url":"https:\/\/www.polygraf.it\/es\/","name":"Polygraf - stampa offset","description":"","potentialAction":[{"@type":"SearchAction","target":{"@type":"EntryPoint","urlTemplate":"https:\/\/www.polygraf.it\/es\/?s={search_term_string}"},"query-input":{"@type":"PropertyValueSpecification","valueRequired":true,"valueName":"search_term_string"}}],"inLanguage":"es"}]}},"_links":{"self":[{"href":"https:\/\/www.polygraf.it\/es\/wp-json\/wp\/v2\/pages\/5267","targetHints":{"allow":["GET"]}}],"collection":[{"href":"https:\/\/www.polygraf.it\/es\/wp-json\/wp\/v2\/pages"}],"about":[{"href":"https:\/\/www.polygraf.it\/es\/wp-json\/wp\/v2\/types\/page"}],"author":[{"embeddable":true,"href":"https:\/\/www.polygraf.it\/es\/wp-json\/wp\/v2\/users\/1"}],"replies":[{"embeddable":true,"href":"https:\/\/www.polygraf.it\/es\/wp-json\/wp\/v2\/comments?post=5267"}],"version-history":[{"count":2,"href":"https:\/\/www.polygraf.it\/es\/wp-json\/wp\/v2\/pages\/5267\/revisions"}],"predecessor-version":[{"id":5562,"href":"https:\/\/www.polygraf.it\/es\/wp-json\/wp\/v2\/pages\/5267\/revisions\/5562"}],"wp:attachment":[{"href":"https:\/\/www.polygraf.it\/es\/wp-json\/wp\/v2\/media?parent=5267"}],"wp:term":[{"taxonomy":"prodotto","embeddable":true,"href":"https:\/\/www.polygraf.it\/es\/wp-json\/wp\/v2\/prodotto?post=5267"}],"curies":[{"name":"wp","href":"https:\/\/api.w.org\/{rel}","templated":true}]}}