{"id":5130,"date":"2024-04-11T07:07:49","date_gmt":"2024-04-11T07:07:49","guid":{"rendered":"https:\/\/www.polygraf.it\/impresion-hibrida\/"},"modified":"2024-04-11T07:07:49","modified_gmt":"2024-04-11T07:07:49","slug":"impresion-hibrida","status":"publish","type":"page","link":"https:\/\/www.polygraf.it\/es\/impresion-hibrida\/","title":{"rendered":"Impresi\u00f3n h\u00edbrida"},"content":{"rendered":"","protected":false},"excerpt":{"rendered":"","protected":false},"author":1,"featured_media":0,"parent":0,"menu_order":0,"comment_status":"closed","ping_status":"closed","template":"","meta":{"_acf_changed":false,"inline_featured_image":false,"footnotes":""},"prodotto":[5],"class_list":["post-5130","page","type-page","status-publish","hentry","prodotto-si"],"acf":[],"yoast_head":"<!-- This site is optimized with the Yoast SEO plugin v25.0 - https:\/\/yoast.com\/wordpress\/plugins\/seo\/ -->\n<title>Impresi\u00f3n h\u00edbrida: impresi\u00f3n UV para crear efectos en l\u00ednea extraordinarios y vers\u00e1tiles<\/title>\n<meta name=\"description\" content=\"La impresi\u00f3n h\u00edbrida es un proceso de acabado en l\u00ednea extremadamente rentable, vers\u00e1til y de alta calidad\" \/>\n<meta name=\"robots\" content=\"index, follow, max-snippet:-1, max-image-preview:large, max-video-preview:-1\" \/>\n<link rel=\"canonical\" href=\"https:\/\/www.polygraf.it\/es\/impresion-hibrida\/\" \/>\n<meta property=\"og:locale\" content=\"es_ES\" \/>\n<meta property=\"og:type\" content=\"article\" \/>\n<meta property=\"og:title\" content=\"Impresi\u00f3n h\u00edbrida: impresi\u00f3n UV para crear efectos en l\u00ednea extraordinarios y vers\u00e1tiles\" \/>\n<meta property=\"og:description\" content=\"La impresi\u00f3n h\u00edbrida es un proceso de acabado en l\u00ednea extremadamente rentable, vers\u00e1til y de alta calidad\" \/>\n<meta property=\"og:url\" content=\"https:\/\/www.polygraf.it\/es\/impresion-hibrida\/\" \/>\n<meta property=\"og:site_name\" content=\"Polygraf - stampa offset\" \/>\n<meta name=\"twitter:card\" content=\"summary_large_image\" \/>\n<script type=\"application\/ld+json\" class=\"yoast-schema-graph\">{\"@context\":\"https:\/\/schema.org\",\"@graph\":[{\"@type\":\"WebPage\",\"@id\":\"https:\/\/www.polygraf.it\/es\/impresion-hibrida\/\",\"url\":\"https:\/\/www.polygraf.it\/es\/impresion-hibrida\/\",\"name\":\"Impresi\u00f3n h\u00edbrida: impresi\u00f3n UV para crear efectos en l\u00ednea extraordinarios y vers\u00e1tiles\",\"isPartOf\":{\"@id\":\"https:\/\/www.polygraf.it\/es\/#website\"},\"datePublished\":\"2024-04-11T07:07:49+00:00\",\"description\":\"La impresi\u00f3n h\u00edbrida es un proceso de acabado en l\u00ednea extremadamente rentable, vers\u00e1til y de alta calidad\",\"breadcrumb\":{\"@id\":\"https:\/\/www.polygraf.it\/es\/impresion-hibrida\/#breadcrumb\"},\"inLanguage\":\"es\",\"potentialAction\":[{\"@type\":\"ReadAction\",\"target\":[\"https:\/\/www.polygraf.it\/es\/impresion-hibrida\/\"]}]},{\"@type\":\"BreadcrumbList\",\"@id\":\"https:\/\/www.polygraf.it\/es\/impresion-hibrida\/#breadcrumb\",\"itemListElement\":[{\"@type\":\"ListItem\",\"position\":1,\"name\":\"Home\",\"item\":\"https:\/\/www.polygraf.it\/es\/inicio\/\"},{\"@type\":\"ListItem\",\"position\":2,\"name\":\"Impresi\u00f3n h\u00edbrida\"}]},{\"@type\":\"WebSite\",\"@id\":\"https:\/\/www.polygraf.it\/es\/#website\",\"url\":\"https:\/\/www.polygraf.it\/es\/\",\"name\":\"Polygraf - stampa offset\",\"description\":\"\",\"potentialAction\":[{\"@type\":\"SearchAction\",\"target\":{\"@type\":\"EntryPoint\",\"urlTemplate\":\"https:\/\/www.polygraf.it\/es\/?s={search_term_string}\"},\"query-input\":{\"@type\":\"PropertyValueSpecification\",\"valueRequired\":true,\"valueName\":\"search_term_string\"}}],\"inLanguage\":\"es\"}]}<\/script>\n<!-- \/ Yoast SEO plugin. -->","yoast_head_json":{"title":"Impresi\u00f3n h\u00edbrida: impresi\u00f3n UV para crear efectos en l\u00ednea extraordinarios y vers\u00e1tiles","description":"La impresi\u00f3n h\u00edbrida es un proceso de acabado en l\u00ednea extremadamente rentable, vers\u00e1til y de alta calidad","robots":{"index":"index","follow":"follow","max-snippet":"max-snippet:-1","max-image-preview":"max-image-preview:large","max-video-preview":"max-video-preview:-1"},"canonical":"https:\/\/www.polygraf.it\/es\/impresion-hibrida\/","og_locale":"es_ES","og_type":"article","og_title":"Impresi\u00f3n h\u00edbrida: impresi\u00f3n UV para crear efectos en l\u00ednea extraordinarios y vers\u00e1tiles","og_description":"La impresi\u00f3n h\u00edbrida es un proceso de acabado en l\u00ednea extremadamente rentable, vers\u00e1til y de alta calidad","og_url":"https:\/\/www.polygraf.it\/es\/impresion-hibrida\/","og_site_name":"Polygraf - stampa offset","twitter_card":"summary_large_image","schema":{"@context":"https:\/\/schema.org","@graph":[{"@type":"WebPage","@id":"https:\/\/www.polygraf.it\/es\/impresion-hibrida\/","url":"https:\/\/www.polygraf.it\/es\/impresion-hibrida\/","name":"Impresi\u00f3n h\u00edbrida: impresi\u00f3n UV para crear efectos en l\u00ednea extraordinarios y vers\u00e1tiles","isPartOf":{"@id":"https:\/\/www.polygraf.it\/es\/#website"},"datePublished":"2024-04-11T07:07:49+00:00","description":"La impresi\u00f3n h\u00edbrida es un proceso de acabado en l\u00ednea extremadamente rentable, vers\u00e1til y de alta calidad","breadcrumb":{"@id":"https:\/\/www.polygraf.it\/es\/impresion-hibrida\/#breadcrumb"},"inLanguage":"es","potentialAction":[{"@type":"ReadAction","target":["https:\/\/www.polygraf.it\/es\/impresion-hibrida\/"]}]},{"@type":"BreadcrumbList","@id":"https:\/\/www.polygraf.it\/es\/impresion-hibrida\/#breadcrumb","itemListElement":[{"@type":"ListItem","position":1,"name":"Home","item":"https:\/\/www.polygraf.it\/es\/inicio\/"},{"@type":"ListItem","position":2,"name":"Impresi\u00f3n h\u00edbrida"}]},{"@type":"WebSite","@id":"https:\/\/www.polygraf.it\/es\/#website","url":"https:\/\/www.polygraf.it\/es\/","name":"Polygraf - stampa offset","description":"","potentialAction":[{"@type":"SearchAction","target":{"@type":"EntryPoint","urlTemplate":"https:\/\/www.polygraf.it\/es\/?s={search_term_string}"},"query-input":{"@type":"PropertyValueSpecification","valueRequired":true,"valueName":"search_term_string"}}],"inLanguage":"es"}]}},"_links":{"self":[{"href":"https:\/\/www.polygraf.it\/es\/wp-json\/wp\/v2\/pages\/5130","targetHints":{"allow":["GET"]}}],"collection":[{"href":"https:\/\/www.polygraf.it\/es\/wp-json\/wp\/v2\/pages"}],"about":[{"href":"https:\/\/www.polygraf.it\/es\/wp-json\/wp\/v2\/types\/page"}],"author":[{"embeddable":true,"href":"https:\/\/www.polygraf.it\/es\/wp-json\/wp\/v2\/users\/1"}],"replies":[{"embeddable":true,"href":"https:\/\/www.polygraf.it\/es\/wp-json\/wp\/v2\/comments?post=5130"}],"version-history":[{"count":0,"href":"https:\/\/www.polygraf.it\/es\/wp-json\/wp\/v2\/pages\/5130\/revisions"}],"wp:attachment":[{"href":"https:\/\/www.polygraf.it\/es\/wp-json\/wp\/v2\/media?parent=5130"}],"wp:term":[{"taxonomy":"prodotto","embeddable":true,"href":"https:\/\/www.polygraf.it\/es\/wp-json\/wp\/v2\/prodotto?post=5130"}],"curies":[{"name":"wp","href":"https:\/\/api.w.org\/{rel}","templated":true}]}}