{"id":5120,"date":"2024-04-11T07:27:45","date_gmt":"2024-04-11T07:27:45","guid":{"rendered":"https:\/\/www.polygraf.it\/ponte-en-contacto-con\/"},"modified":"2024-04-23T12:17:07","modified_gmt":"2024-04-23T12:17:07","slug":"ponte-en-contacto-con","status":"publish","type":"page","link":"https:\/\/www.polygraf.it\/es\/ponte-en-contacto-con\/","title":{"rendered":"Ponte en contacto con"},"content":{"rendered":"\t\t<div data-elementor-type=\"wp-page\" data-elementor-id=\"5120\" class=\"elementor elementor-5120 elementor-3001\" data-elementor-post-type=\"page\">\n\t\t\t\t<div class=\"elementor-element elementor-element-f50ba58 e-con-full e-flex e-con e-parent\" data-id=\"f50ba58\" data-element_type=\"container\">\n\t\t\t\t<div class=\"elementor-element elementor-element-a01da69 elementor-widget elementor-widget-template\" data-id=\"a01da69\" data-element_type=\"widget\" data-widget_type=\"template.default\">\n\t\t\t\t<div class=\"elementor-widget-container\">\n\t\t\t\t\t\t\t<div class=\"elementor-template\">\n\t\t\t\t\t<div data-elementor-type=\"container\" data-elementor-id=\"5079\" class=\"elementor elementor-5079 elementor-4971\" data-elementor-post-type=\"elementor_library\">\n\t\t\t\t<div class=\"elementor-element elementor-element-83c65e5 e-flex e-con-boxed e-con e-parent\" data-id=\"83c65e5\" data-element_type=\"container\" data-settings=\"{&quot;background_background&quot;:&quot;classic&quot;}\">\n\t\t\t\t\t<div class=\"e-con-inner\">\n\t\t<div class=\"elementor-element elementor-element-8b3ab7f e-con-full e-flex e-con e-child\" data-id=\"8b3ab7f\" data-element_type=\"container\">\n\t\t\t\t<div class=\"elementor-element elementor-element-893d690 elementor-widget elementor-widget-heading\" data-id=\"893d690\" data-element_type=\"widget\" data-widget_type=\"heading.default\">\n\t\t\t\t<div class=\"elementor-widget-container\">\n\t\t\t\t\t<h1 class=\"elementor-heading-title elementor-size-default\">Ponte en contacto con<\/h1>\t\t\t\t<\/div>\n\t\t\t\t<\/div>\n\t\t\t\t<div class=\"elementor-element elementor-element-419ece8 elementor-widget elementor-widget-heading\" data-id=\"419ece8\" data-element_type=\"widget\" data-widget_type=\"heading.default\">\n\t\t\t\t<div class=\"elementor-widget-container\">\n\t\t\t\t\t<h2 class=\"elementor-heading-title elementor-size-default\">Investigaci\u00f3n y desarrollo para innovar procesos, productos y servicios<\/h2>\t\t\t\t<\/div>\n\t\t\t\t<\/div>\n\t\t\t\t<\/div>\n\t\t<div class=\"elementor-element elementor-element-b621bef e-con-full elementor-hidden-tablet elementor-hidden-mobile e-flex e-con e-child\" data-id=\"b621bef\" data-element_type=\"container\">\n\t\t\t\t<div class=\"elementor-element elementor-element-ed47f23 elementor-align-right elementor-tablet-align-left elementor-widget elementor-widget-breadcrumbs\" data-id=\"ed47f23\" data-element_type=\"widget\" data-widget_type=\"breadcrumbs.default\">\n\t\t\t\t<div class=\"elementor-widget-container\">\n\t\t\t\t\t<p id=\"breadcrumbs\"><span><span><a href=\"https:\/\/www.polygraf.it\/es\/inicio\/\">Home<\/a><\/span><\/span><\/p>\t\t\t\t<\/div>\n\t\t\t\t<\/div>\n\t\t\t\t<\/div>\n\t\t\t\t\t<\/div>\n\t\t\t\t<\/div>\n\t\t\t\t<\/div>\n\t\t\t\t<\/div>\n\t\t\t\t\t\t<\/div>\n\t\t\t\t<\/div>\n\t\t\t\t<\/div>\n\t\t<div class=\"elementor-element elementor-element-d3722b1 link-contatti e-flex e-con-boxed e-con e-parent\" data-id=\"d3722b1\" data-element_type=\"container\" data-settings=\"{&quot;background_background&quot;:&quot;classic&quot;}\">\n\t\t\t\t\t<div class=\"e-con-inner\">\n\t\t<div class=\"elementor-element elementor-element-1bffbf0 e-con-full e-flex e-con e-child\" data-id=\"1bffbf0\" data-element_type=\"container\">\n\t\t\t\t<div class=\"elementor-element elementor-element-21285bb elementor-widget elementor-widget-heading\" data-id=\"21285bb\" data-element_type=\"widget\" data-widget_type=\"heading.default\">\n\t\t\t\t<div class=\"elementor-widget-container\">\n\t\t\t\t\t<h3 class=\"elementor-heading-title elementor-size-default\">TEL\u00c9FONO<\/h3>\t\t\t\t<\/div>\n\t\t\t\t<\/div>\n\t\t\t\t<div class=\"elementor-element elementor-element-c294c6a elementor-widget-divider--view-line elementor-widget elementor-widget-divider\" data-id=\"c294c6a\" data-element_type=\"widget\" data-widget_type=\"divider.default\">\n\t\t\t\t<div class=\"elementor-widget-container\">\n\t\t\t\t\t\t\t<div class=\"elementor-divider\">\n\t\t\t<span class=\"elementor-divider-separator\">\n\t\t\t\t\t\t<\/span>\n\t\t<\/div>\n\t\t\t\t\t\t<\/div>\n\t\t\t\t<\/div>\n\t\t\t\t<div class=\"elementor-element elementor-element-72822cf elementor-widget elementor-widget-text-editor\" data-id=\"72822cf\" data-element_type=\"widget\" data-widget_type=\"text-editor.default\">\n\t\t\t\t<div class=\"elementor-widget-container\">\n\t\t\t\t\t\t\t\t\t<p><a href=\"tel:+390444960750\">+39 0444 960750<\/a><\/p>\n\t\t\t\t\t\t\t\t<\/div>\n\t\t\t\t<\/div>\n\t\t\t\t<\/div>\n\t\t<div class=\"elementor-element elementor-element-5d31d01 e-con-full e-flex e-con e-child\" data-id=\"5d31d01\" data-element_type=\"container\">\n\t\t\t\t<div class=\"elementor-element elementor-element-8d382d3 elementor-widget elementor-widget-heading\" data-id=\"8d382d3\" data-element_type=\"widget\" data-widget_type=\"heading.default\">\n\t\t\t\t<div class=\"elementor-widget-container\">\n\t\t\t\t\t<h3 class=\"elementor-heading-title elementor-size-default\">CORREO ELECTR\u00d3NICO<\/h3>\t\t\t\t<\/div>\n\t\t\t\t<\/div>\n\t\t\t\t<div class=\"elementor-element elementor-element-75ef676 elementor-widget-divider--view-line elementor-widget elementor-widget-divider\" data-id=\"75ef676\" data-element_type=\"widget\" data-widget_type=\"divider.default\">\n\t\t\t\t<div class=\"elementor-widget-container\">\n\t\t\t\t\t\t\t<div class=\"elementor-divider\">\n\t\t\t<span class=\"elementor-divider-separator\">\n\t\t\t\t\t\t<\/span>\n\t\t<\/div>\n\t\t\t\t\t\t<\/div>\n\t\t\t\t<\/div>\n\t\t\t\t<div class=\"elementor-element elementor-element-b61336c elementor-widget elementor-widget-text-editor\" data-id=\"b61336c\" data-element_type=\"widget\" data-widget_type=\"text-editor.default\">\n\t\t\t\t<div class=\"elementor-widget-container\">\n\t\t\t\t\t\t\t\t\t<p><a href=\"mailto:info@polygraf.it\">info@polygraf.it<\/a><\/p>\n\t\t\t\t\t\t\t\t<\/div>\n\t\t\t\t<\/div>\n\t\t\t\t<\/div>\n\t\t<div class=\"elementor-element elementor-element-7780f2b e-con-full e-flex e-con e-child\" data-id=\"7780f2b\" data-element_type=\"container\">\n\t\t\t\t<div class=\"elementor-element elementor-element-8b99f90 elementor-widget elementor-widget-heading\" data-id=\"8b99f90\" data-element_type=\"widget\" data-widget_type=\"heading.default\">\n\t\t\t\t<div class=\"elementor-widget-container\">\n\t\t\t\t\t<h3 class=\"elementor-heading-title elementor-size-default\">PEC<\/h3>\t\t\t\t<\/div>\n\t\t\t\t<\/div>\n\t\t\t\t<div class=\"elementor-element elementor-element-098b85e elementor-widget-divider--view-line elementor-widget elementor-widget-divider\" data-id=\"098b85e\" data-element_type=\"widget\" data-widget_type=\"divider.default\">\n\t\t\t\t<div class=\"elementor-widget-container\">\n\t\t\t\t\t\t\t<div class=\"elementor-divider\">\n\t\t\t<span class=\"elementor-divider-separator\">\n\t\t\t\t\t\t<\/span>\n\t\t<\/div>\n\t\t\t\t\t\t<\/div>\n\t\t\t\t<\/div>\n\t\t\t\t<div class=\"elementor-element elementor-element-90b7026 elementor-widget elementor-widget-text-editor\" data-id=\"90b7026\" data-element_type=\"widget\" data-widget_type=\"text-editor.default\">\n\t\t\t\t<div class=\"elementor-widget-container\">\n\t\t\t\t\t\t\t\t\t<p><a href=\"mailto:polygraf@pecimpresa.it\">polygraf@pecimpresa.it<\/a><\/p>\n\t\t\t\t\t\t\t\t<\/div>\n\t\t\t\t<\/div>\n\t\t\t\t<\/div>\n\t\t<div class=\"elementor-element elementor-element-be0be1e e-con-full e-flex e-con e-child\" data-id=\"be0be1e\" data-element_type=\"container\">\n\t\t\t\t<div class=\"elementor-element elementor-element-a97ba00 elementor-widget elementor-widget-heading\" data-id=\"a97ba00\" data-element_type=\"widget\" data-widget_type=\"heading.default\">\n\t\t\t\t<div class=\"elementor-widget-container\">\n\t\t\t\t\t<h3 class=\"elementor-heading-title elementor-size-default\">D\u00d3NDE ESTAMOS<\/h3>\t\t\t\t<\/div>\n\t\t\t\t<\/div>\n\t\t\t\t<div class=\"elementor-element elementor-element-6dbc676 elementor-widget-divider--view-line elementor-widget elementor-widget-divider\" data-id=\"6dbc676\" data-element_type=\"widget\" data-widget_type=\"divider.default\">\n\t\t\t\t<div class=\"elementor-widget-container\">\n\t\t\t\t\t\t\t<div class=\"elementor-divider\">\n\t\t\t<span class=\"elementor-divider-separator\">\n\t\t\t\t\t\t<\/span>\n\t\t<\/div>\n\t\t\t\t\t\t<\/div>\n\t\t\t\t<\/div>\n\t\t\t\t<div class=\"elementor-element elementor-element-0e8a2d5 elementor-widget elementor-widget-button\" data-id=\"0e8a2d5\" data-element_type=\"widget\" data-widget_type=\"button.default\">\n\t\t\t\t<div class=\"elementor-widget-container\">\n\t\t\t\t\t\t\t\t\t<div class=\"elementor-button-wrapper\">\n\t\t\t\t\t<a class=\"elementor-button elementor-button-link elementor-size-sm\" href=\"https:\/\/www.google.it\/maps\/place\/Polygraf+Srl\/@45.532297,11.510797,17z\/data=!4m5!3m4!1s0x477f3147fcc2ed13:0xcccfac34246fdf10!8m2!3d45.5323029!4d11.5108057?hl=it\" target=\"_blank\">\n\t\t\t\t\t\t<span class=\"elementor-button-content-wrapper\">\n\t\t\t\t\t\t<span class=\"elementor-button-icon\">\n\t\t\t\t<svg aria-hidden=\"true\" class=\"e-font-icon-svg e-fas-chevron-right\" viewBox=\"0 0 320 512\" xmlns=\"http:\/\/www.w3.org\/2000\/svg\"><path d=\"M285.476 272.971L91.132 467.314c-9.373 9.373-24.569 9.373-33.941 0l-22.667-22.667c-9.357-9.357-9.375-24.522-.04-33.901L188.505 256 34.484 101.255c-9.335-9.379-9.317-24.544.04-33.901l22.667-22.667c9.373-9.373 24.569-9.373 33.941 0L285.475 239.03c9.373 9.372 9.373 24.568.001 33.941z\"><\/path><\/svg>\t\t\t<\/span>\n\t\t\t\t\t\t\t\t\t<span class=\"elementor-button-text\">Google Maps<\/span>\n\t\t\t\t\t<\/span>\n\t\t\t\t\t<\/a>\n\t\t\t\t<\/div>\n\t\t\t\t\t\t\t\t<\/div>\n\t\t\t\t<\/div>\n\t\t\t\t<\/div>\n\t\t\t\t\t<\/div>\n\t\t\t\t<\/div>\n\t\t<div class=\"elementor-element elementor-element-490e312 e-flex e-con-boxed e-con e-parent\" data-id=\"490e312\" data-element_type=\"container\" data-settings=\"{&quot;background_background&quot;:&quot;classic&quot;}\">\n\t\t\t\t\t<div class=\"e-con-inner\">\n\t\t<div class=\"elementor-element elementor-element-2836693 e-con-full e-flex e-con e-child\" data-id=\"2836693\" data-element_type=\"container\">\n\t\t\t\t<div class=\"elementor-element elementor-element-341aee7 elementor-widget elementor-widget-heading\" data-id=\"341aee7\" data-element_type=\"widget\" data-widget_type=\"heading.default\">\n\t\t\t\t<div class=\"elementor-widget-container\">\n\t\t\t\t\t<h2 class=\"elementor-heading-title elementor-size-default\">Ubicaciones de los grupos<\/h2>\t\t\t\t<\/div>\n\t\t\t\t<\/div>\n\t\t\t\t<div class=\"elementor-element elementor-element-4bf0e61 elementor-widget elementor-widget-heading\" data-id=\"4bf0e61\" data-element_type=\"widget\" data-widget_type=\"heading.default\">\n\t\t\t\t<div class=\"elementor-widget-container\">\n\t\t\t\t\t<h3 class=\"elementor-heading-title elementor-size-default\">ITALIA<\/h3>\t\t\t\t<\/div>\n\t\t\t\t<\/div>\n\t\t\t\t<div class=\"elementor-element elementor-element-e0a66f4 elementor-widget elementor-widget-heading\" data-id=\"e0a66f4\" data-element_type=\"widget\" data-widget_type=\"heading.default\">\n\t\t\t\t<div class=\"elementor-widget-container\">\n\t\t\t\t\t<p class=\"elementor-heading-title elementor-size-default\">VICENZA - OFICINAS COMERCIALES\nVIA DELL'EDILIZIA 23, 36100<\/p>\t\t\t\t<\/div>\n\t\t\t\t<\/div>\n\t\t\t\t<div class=\"elementor-element elementor-element-9d0a31e elementor-widget elementor-widget-heading\" data-id=\"9d0a31e\" data-element_type=\"widget\" data-widget_type=\"heading.default\">\n\t\t\t\t<div class=\"elementor-widget-container\">\n\t\t\t\t\t<h2 class=\"elementor-heading-title elementor-size-default\">VERONA\nVIA PALAZZINA 37135<\/h2>\t\t\t\t<\/div>\n\t\t\t\t<\/div>\n\t\t\t\t<div class=\"elementor-element elementor-element-2e5feb4 elementor-widget elementor-widget-heading\" data-id=\"2e5feb4\" data-element_type=\"widget\" data-widget_type=\"heading.default\">\n\t\t\t\t<div class=\"elementor-widget-container\">\n\t\t\t\t\t<h2 class=\"elementor-heading-title elementor-size-default\">CADONEGHE (PADUA)\nVIA ZANGROSSI 35010<\/h2>\t\t\t\t<\/div>\n\t\t\t\t<\/div>\n\t\t\t\t<div class=\"elementor-element elementor-element-e2712e5 elementor-widget elementor-widget-heading\" data-id=\"e2712e5\" data-element_type=\"widget\" data-widget_type=\"heading.default\">\n\t\t\t\t<div class=\"elementor-widget-container\">\n\t\t\t\t\t<h3 class=\"elementor-heading-title elementor-size-default\">FRANCIA<\/h3>\t\t\t\t<\/div>\n\t\t\t\t<\/div>\n\t\t\t\t<div class=\"elementor-element elementor-element-eba9f23 elementor-widget elementor-widget-heading\" data-id=\"eba9f23\" data-element_type=\"widget\" data-widget_type=\"heading.default\">\n\t\t\t\t<div class=\"elementor-widget-container\">\n\t\t\t\t\t<h2 class=\"elementor-heading-title elementor-size-default\">CHATILLON EN VENDELAIS\nCHALET LE BOIS 35210<\/h2>\t\t\t\t<\/div>\n\t\t\t\t<\/div>\n\t\t\t\t<\/div>\n\t\t<div class=\"elementor-element elementor-element-1454388 e-con-full elementor-hidden-tablet elementor-hidden-mobile e-flex e-con e-child\" data-id=\"1454388\" data-element_type=\"container\" data-settings=\"{&quot;background_background&quot;:&quot;classic&quot;}\">\n\t\t\t\t<\/div>\n\t\t<div class=\"elementor-element elementor-element-2a3cd9d e-con-full elementor-hidden-tablet elementor-hidden-mobile e-flex e-con e-child\" data-id=\"2a3cd9d\" data-element_type=\"container\" data-settings=\"{&quot;background_background&quot;:&quot;classic&quot;}\">\n\t\t\t\t<\/div>\n\t\t\t\t\t<\/div>\n\t\t\t\t<\/div>\n\t\t\t\t<\/div>\n\t\t","protected":false},"excerpt":{"rendered":"<p>TEL\u00c9FONO +39 0444 960750 CORREO ELECTR\u00d3NICO info@polygraf.it PEC polygraf@pecimpresa.it D\u00d3NDE ESTAMOS Google Maps Ubicaciones de los grupos ITALIA VICENZA &#8211; OFICINAS COMERCIALES VIA DELL&#8217;EDILIZIA 23, 36100 VERONA VIA PALAZZINA 37135 CADONEGHE (PADUA) VIA ZANGROSSI 35010 FRANCIA CHATILLON EN VENDELAIS CHALET LE BOIS 35210<\/p>\n","protected":false},"author":1,"featured_media":0,"parent":0,"menu_order":0,"comment_status":"closed","ping_status":"closed","template":"","meta":{"_acf_changed":false,"inline_featured_image":false,"footnotes":""},"prodotto":[],"class_list":["post-5120","page","type-page","status-publish","hentry"],"acf":[],"yoast_head":"<!-- This site is optimized with the Yoast SEO plugin v25.0 - https:\/\/yoast.com\/wordpress\/plugins\/seo\/ -->\n<title>Contacto - Polygraf empresa l\u00edder en el sector de la impresi\u00f3n bivalente<\/title>\n<meta name=\"description\" content=\"Contacta con Polygraf: Escr\u00edbenos un correo electr\u00f3nico - Ll\u00e1manos. Para Polygraf, l\u00edder en impresi\u00f3n offset bivalente\" \/>\n<meta name=\"robots\" content=\"index, follow, max-snippet:-1, max-image-preview:large, max-video-preview:-1\" \/>\n<link rel=\"canonical\" href=\"https:\/\/www.polygraf.it\/es\/ponte-en-contacto-con\/\" \/>\n<meta property=\"og:locale\" content=\"es_ES\" \/>\n<meta property=\"og:type\" content=\"article\" \/>\n<meta property=\"og:title\" content=\"Contacto - Polygraf empresa l\u00edder en el sector de la impresi\u00f3n bivalente\" \/>\n<meta property=\"og:description\" content=\"Contacta con Polygraf: Escr\u00edbenos un correo electr\u00f3nico - Ll\u00e1manos. Para Polygraf, l\u00edder en impresi\u00f3n offset bivalente\" \/>\n<meta property=\"og:url\" content=\"https:\/\/www.polygraf.it\/es\/ponte-en-contacto-con\/\" \/>\n<meta property=\"og:site_name\" content=\"Polygraf - stampa offset\" \/>\n<meta property=\"article:modified_time\" content=\"2024-04-23T12:17:07+00:00\" \/>\n<meta name=\"twitter:card\" content=\"summary_large_image\" \/>\n<script type=\"application\/ld+json\" class=\"yoast-schema-graph\">{\"@context\":\"https:\/\/schema.org\",\"@graph\":[{\"@type\":\"WebPage\",\"@id\":\"https:\/\/www.polygraf.it\/es\/ponte-en-contacto-con\/\",\"url\":\"https:\/\/www.polygraf.it\/es\/ponte-en-contacto-con\/\",\"name\":\"Contacto - Polygraf empresa l\u00edder en el sector de la impresi\u00f3n bivalente\",\"isPartOf\":{\"@id\":\"https:\/\/www.polygraf.it\/es\/#website\"},\"datePublished\":\"2024-04-11T07:27:45+00:00\",\"dateModified\":\"2024-04-23T12:17:07+00:00\",\"description\":\"Contacta con Polygraf: Escr\u00edbenos un correo electr\u00f3nico - Ll\u00e1manos. Para Polygraf, l\u00edder en impresi\u00f3n offset bivalente\",\"breadcrumb\":{\"@id\":\"https:\/\/www.polygraf.it\/es\/ponte-en-contacto-con\/#breadcrumb\"},\"inLanguage\":\"es\",\"potentialAction\":[{\"@type\":\"ReadAction\",\"target\":[\"https:\/\/www.polygraf.it\/es\/ponte-en-contacto-con\/\"]}]},{\"@type\":\"BreadcrumbList\",\"@id\":\"https:\/\/www.polygraf.it\/es\/ponte-en-contacto-con\/#breadcrumb\",\"itemListElement\":[{\"@type\":\"ListItem\",\"position\":1,\"name\":\"Home\",\"item\":\"https:\/\/www.polygraf.it\/es\/inicio\/\"},{\"@type\":\"ListItem\",\"position\":2,\"name\":\"Ponte en contacto con\"}]},{\"@type\":\"WebSite\",\"@id\":\"https:\/\/www.polygraf.it\/es\/#website\",\"url\":\"https:\/\/www.polygraf.it\/es\/\",\"name\":\"Polygraf - stampa offset\",\"description\":\"\",\"potentialAction\":[{\"@type\":\"SearchAction\",\"target\":{\"@type\":\"EntryPoint\",\"urlTemplate\":\"https:\/\/www.polygraf.it\/es\/?s={search_term_string}\"},\"query-input\":{\"@type\":\"PropertyValueSpecification\",\"valueRequired\":true,\"valueName\":\"search_term_string\"}}],\"inLanguage\":\"es\"}]}<\/script>\n<!-- \/ Yoast SEO plugin. -->","yoast_head_json":{"title":"Contacto - Polygraf empresa l\u00edder en el sector de la impresi\u00f3n bivalente","description":"Contacta con Polygraf: Escr\u00edbenos un correo electr\u00f3nico - Ll\u00e1manos. Para Polygraf, l\u00edder en impresi\u00f3n offset bivalente","robots":{"index":"index","follow":"follow","max-snippet":"max-snippet:-1","max-image-preview":"max-image-preview:large","max-video-preview":"max-video-preview:-1"},"canonical":"https:\/\/www.polygraf.it\/es\/ponte-en-contacto-con\/","og_locale":"es_ES","og_type":"article","og_title":"Contacto - Polygraf empresa l\u00edder en el sector de la impresi\u00f3n bivalente","og_description":"Contacta con Polygraf: Escr\u00edbenos un correo electr\u00f3nico - Ll\u00e1manos. Para Polygraf, l\u00edder en impresi\u00f3n offset bivalente","og_url":"https:\/\/www.polygraf.it\/es\/ponte-en-contacto-con\/","og_site_name":"Polygraf - stampa offset","article_modified_time":"2024-04-23T12:17:07+00:00","twitter_card":"summary_large_image","schema":{"@context":"https:\/\/schema.org","@graph":[{"@type":"WebPage","@id":"https:\/\/www.polygraf.it\/es\/ponte-en-contacto-con\/","url":"https:\/\/www.polygraf.it\/es\/ponte-en-contacto-con\/","name":"Contacto - Polygraf empresa l\u00edder en el sector de la impresi\u00f3n bivalente","isPartOf":{"@id":"https:\/\/www.polygraf.it\/es\/#website"},"datePublished":"2024-04-11T07:27:45+00:00","dateModified":"2024-04-23T12:17:07+00:00","description":"Contacta con Polygraf: Escr\u00edbenos un correo electr\u00f3nico - Ll\u00e1manos. Para Polygraf, l\u00edder en impresi\u00f3n offset bivalente","breadcrumb":{"@id":"https:\/\/www.polygraf.it\/es\/ponte-en-contacto-con\/#breadcrumb"},"inLanguage":"es","potentialAction":[{"@type":"ReadAction","target":["https:\/\/www.polygraf.it\/es\/ponte-en-contacto-con\/"]}]},{"@type":"BreadcrumbList","@id":"https:\/\/www.polygraf.it\/es\/ponte-en-contacto-con\/#breadcrumb","itemListElement":[{"@type":"ListItem","position":1,"name":"Home","item":"https:\/\/www.polygraf.it\/es\/inicio\/"},{"@type":"ListItem","position":2,"name":"Ponte en contacto con"}]},{"@type":"WebSite","@id":"https:\/\/www.polygraf.it\/es\/#website","url":"https:\/\/www.polygraf.it\/es\/","name":"Polygraf - stampa offset","description":"","potentialAction":[{"@type":"SearchAction","target":{"@type":"EntryPoint","urlTemplate":"https:\/\/www.polygraf.it\/es\/?s={search_term_string}"},"query-input":{"@type":"PropertyValueSpecification","valueRequired":true,"valueName":"search_term_string"}}],"inLanguage":"es"}]}},"_links":{"self":[{"href":"https:\/\/www.polygraf.it\/es\/wp-json\/wp\/v2\/pages\/5120","targetHints":{"allow":["GET"]}}],"collection":[{"href":"https:\/\/www.polygraf.it\/es\/wp-json\/wp\/v2\/pages"}],"about":[{"href":"https:\/\/www.polygraf.it\/es\/wp-json\/wp\/v2\/types\/page"}],"author":[{"embeddable":true,"href":"https:\/\/www.polygraf.it\/es\/wp-json\/wp\/v2\/users\/1"}],"replies":[{"embeddable":true,"href":"https:\/\/www.polygraf.it\/es\/wp-json\/wp\/v2\/comments?post=5120"}],"version-history":[{"count":3,"href":"https:\/\/www.polygraf.it\/es\/wp-json\/wp\/v2\/pages\/5120\/revisions"}],"predecessor-version":[{"id":5165,"href":"https:\/\/www.polygraf.it\/es\/wp-json\/wp\/v2\/pages\/5120\/revisions\/5165"}],"wp:attachment":[{"href":"https:\/\/www.polygraf.it\/es\/wp-json\/wp\/v2\/media?parent=5120"}],"wp:term":[{"taxonomy":"prodotto","embeddable":true,"href":"https:\/\/www.polygraf.it\/es\/wp-json\/wp\/v2\/prodotto?post=5120"}],"curies":[{"name":"wp","href":"https:\/\/api.w.org\/{rel}","templated":true}]}}