{"id":5117,"date":"2024-04-11T07:07:56","date_gmt":"2024-04-11T07:07:56","guid":{"rendered":"https:\/\/www.polygraf.it\/etiquetas-adhesivas-de-recogida-de-puntos-safeid-void-etiquetas-holograficas\/"},"modified":"2024-04-23T12:17:09","modified_gmt":"2024-04-23T12:17:09","slug":"etiquetas-adhesivas-de-recogida-de-puntos-safeid-void-etiquetas-holograficas","status":"publish","type":"page","link":"https:\/\/www.polygraf.it\/es\/etiquetas-adhesivas-de-recogida-de-puntos-safeid-void-etiquetas-holograficas\/","title":{"rendered":"Etiquetas adhesivas de recogida de puntos safeid void etiquetas hologr\u00e1ficas"},"content":{"rendered":"","protected":false},"excerpt":{"rendered":"","protected":false},"author":1,"featured_media":3519,"parent":0,"menu_order":0,"comment_status":"closed","ping_status":"closed","template":"","meta":{"_acf_changed":false,"inline_featured_image":false,"footnotes":""},"prodotto":[5],"class_list":["post-5117","page","type-page","status-publish","has-post-thumbnail","hentry","prodotto-si"],"acf":[],"yoast_head":"<!-- This site is optimized with the Yoast SEO plugin v25.0 - https:\/\/yoast.com\/wordpress\/plugins\/seo\/ -->\n<title>Etiquetas hologr\u00e1ficas antifalsificaci\u00f3n con datos variables o logotipo fijo<\/title>\n<meta name=\"description\" content=\"Impresi\u00f3n de etiquetas hologr\u00e1ficas antifalsificaci\u00f3n de datos variables o logotipo fijo, utilizadas en pegatinas de recogida de puntos, concursos minoristas,...\" \/>\n<meta name=\"robots\" content=\"index, follow, max-snippet:-1, max-image-preview:large, max-video-preview:-1\" \/>\n<link rel=\"canonical\" href=\"https:\/\/www.polygraf.it\/es\/etiquetas-adhesivas-de-recogida-de-puntos-safeid-void-etiquetas-holograficas\/\" \/>\n<meta property=\"og:locale\" content=\"es_ES\" \/>\n<meta property=\"og:type\" content=\"article\" \/>\n<meta property=\"og:title\" content=\"Etiquetas hologr\u00e1ficas antifalsificaci\u00f3n con datos variables o logotipo fijo\" \/>\n<meta property=\"og:description\" content=\"Impresi\u00f3n de etiquetas hologr\u00e1ficas antifalsificaci\u00f3n de datos variables o logotipo fijo, utilizadas en pegatinas de recogida de puntos, concursos minoristas,...\" \/>\n<meta property=\"og:url\" content=\"https:\/\/www.polygraf.it\/es\/etiquetas-adhesivas-de-recogida-de-puntos-safeid-void-etiquetas-holograficas\/\" \/>\n<meta property=\"og:site_name\" content=\"Polygraf - stampa offset\" \/>\n<meta property=\"article:modified_time\" content=\"2024-04-23T12:17:09+00:00\" \/>\n<meta property=\"og:image\" content=\"https:\/\/www.polygraf.it\/wp-content\/uploads\/2022\/06\/stampa-offset-bollino-raccolta-punti-concorso-auchan.jpg\" \/>\n\t<meta property=\"og:image:width\" content=\"1000\" \/>\n\t<meta property=\"og:image:height\" content=\"673\" \/>\n\t<meta property=\"og:image:type\" content=\"image\/jpeg\" \/>\n<meta name=\"twitter:card\" content=\"summary_large_image\" \/>\n<script type=\"application\/ld+json\" class=\"yoast-schema-graph\">{\"@context\":\"https:\/\/schema.org\",\"@graph\":[{\"@type\":\"WebPage\",\"@id\":\"https:\/\/www.polygraf.it\/es\/etiquetas-adhesivas-de-recogida-de-puntos-safeid-void-etiquetas-holograficas\/\",\"url\":\"https:\/\/www.polygraf.it\/es\/etiquetas-adhesivas-de-recogida-de-puntos-safeid-void-etiquetas-holograficas\/\",\"name\":\"Etiquetas hologr\u00e1ficas antifalsificaci\u00f3n con datos variables o logotipo fijo\",\"isPartOf\":{\"@id\":\"https:\/\/www.polygraf.it\/es\/#website\"},\"primaryImageOfPage\":{\"@id\":\"https:\/\/www.polygraf.it\/es\/etiquetas-adhesivas-de-recogida-de-puntos-safeid-void-etiquetas-holograficas\/#primaryimage\"},\"image\":{\"@id\":\"https:\/\/www.polygraf.it\/es\/etiquetas-adhesivas-de-recogida-de-puntos-safeid-void-etiquetas-holograficas\/#primaryimage\"},\"thumbnailUrl\":\"https:\/\/www.polygraf.it\/wp-content\/uploads\/2022\/06\/stampa-offset-bollino-raccolta-punti-concorso-auchan.jpg\",\"datePublished\":\"2024-04-11T07:07:56+00:00\",\"dateModified\":\"2024-04-23T12:17:09+00:00\",\"description\":\"Impresi\u00f3n de etiquetas hologr\u00e1ficas antifalsificaci\u00f3n de datos variables o logotipo fijo, utilizadas en pegatinas de recogida de puntos, concursos minoristas,...\",\"breadcrumb\":{\"@id\":\"https:\/\/www.polygraf.it\/es\/etiquetas-adhesivas-de-recogida-de-puntos-safeid-void-etiquetas-holograficas\/#breadcrumb\"},\"inLanguage\":\"es\",\"potentialAction\":[{\"@type\":\"ReadAction\",\"target\":[\"https:\/\/www.polygraf.it\/es\/etiquetas-adhesivas-de-recogida-de-puntos-safeid-void-etiquetas-holograficas\/\"]}]},{\"@type\":\"ImageObject\",\"inLanguage\":\"es\",\"@id\":\"https:\/\/www.polygraf.it\/es\/etiquetas-adhesivas-de-recogida-de-puntos-safeid-void-etiquetas-holograficas\/#primaryimage\",\"url\":\"https:\/\/www.polygraf.it\/wp-content\/uploads\/2022\/06\/stampa-offset-bollino-raccolta-punti-concorso-auchan.jpg\",\"contentUrl\":\"https:\/\/www.polygraf.it\/wp-content\/uploads\/2022\/06\/stampa-offset-bollino-raccolta-punti-concorso-auchan.jpg\",\"width\":1000,\"height\":673},{\"@type\":\"BreadcrumbList\",\"@id\":\"https:\/\/www.polygraf.it\/es\/etiquetas-adhesivas-de-recogida-de-puntos-safeid-void-etiquetas-holograficas\/#breadcrumb\",\"itemListElement\":[{\"@type\":\"ListItem\",\"position\":1,\"name\":\"Home\",\"item\":\"https:\/\/www.polygraf.it\/es\/inicio\/\"},{\"@type\":\"ListItem\",\"position\":2,\"name\":\"Etiquetas adhesivas de recogida de puntos safeid void etiquetas hologr\u00e1ficas\"}]},{\"@type\":\"WebSite\",\"@id\":\"https:\/\/www.polygraf.it\/es\/#website\",\"url\":\"https:\/\/www.polygraf.it\/es\/\",\"name\":\"Polygraf - stampa offset\",\"description\":\"\",\"potentialAction\":[{\"@type\":\"SearchAction\",\"target\":{\"@type\":\"EntryPoint\",\"urlTemplate\":\"https:\/\/www.polygraf.it\/es\/?s={search_term_string}\"},\"query-input\":{\"@type\":\"PropertyValueSpecification\",\"valueRequired\":true,\"valueName\":\"search_term_string\"}}],\"inLanguage\":\"es\"}]}<\/script>\n<!-- \/ Yoast SEO plugin. -->","yoast_head_json":{"title":"Etiquetas hologr\u00e1ficas antifalsificaci\u00f3n con datos variables o logotipo fijo","description":"Impresi\u00f3n de etiquetas hologr\u00e1ficas antifalsificaci\u00f3n de datos variables o logotipo fijo, utilizadas en pegatinas de recogida de puntos, concursos minoristas,...","robots":{"index":"index","follow":"follow","max-snippet":"max-snippet:-1","max-image-preview":"max-image-preview:large","max-video-preview":"max-video-preview:-1"},"canonical":"https:\/\/www.polygraf.it\/es\/etiquetas-adhesivas-de-recogida-de-puntos-safeid-void-etiquetas-holograficas\/","og_locale":"es_ES","og_type":"article","og_title":"Etiquetas hologr\u00e1ficas antifalsificaci\u00f3n con datos variables o logotipo fijo","og_description":"Impresi\u00f3n de etiquetas hologr\u00e1ficas antifalsificaci\u00f3n de datos variables o logotipo fijo, utilizadas en pegatinas de recogida de puntos, concursos minoristas,...","og_url":"https:\/\/www.polygraf.it\/es\/etiquetas-adhesivas-de-recogida-de-puntos-safeid-void-etiquetas-holograficas\/","og_site_name":"Polygraf - stampa offset","article_modified_time":"2024-04-23T12:17:09+00:00","og_image":[{"width":1000,"height":673,"url":"https:\/\/www.polygraf.it\/wp-content\/uploads\/2022\/06\/stampa-offset-bollino-raccolta-punti-concorso-auchan.jpg","type":"image\/jpeg"}],"twitter_card":"summary_large_image","schema":{"@context":"https:\/\/schema.org","@graph":[{"@type":"WebPage","@id":"https:\/\/www.polygraf.it\/es\/etiquetas-adhesivas-de-recogida-de-puntos-safeid-void-etiquetas-holograficas\/","url":"https:\/\/www.polygraf.it\/es\/etiquetas-adhesivas-de-recogida-de-puntos-safeid-void-etiquetas-holograficas\/","name":"Etiquetas hologr\u00e1ficas antifalsificaci\u00f3n con datos variables o logotipo fijo","isPartOf":{"@id":"https:\/\/www.polygraf.it\/es\/#website"},"primaryImageOfPage":{"@id":"https:\/\/www.polygraf.it\/es\/etiquetas-adhesivas-de-recogida-de-puntos-safeid-void-etiquetas-holograficas\/#primaryimage"},"image":{"@id":"https:\/\/www.polygraf.it\/es\/etiquetas-adhesivas-de-recogida-de-puntos-safeid-void-etiquetas-holograficas\/#primaryimage"},"thumbnailUrl":"https:\/\/www.polygraf.it\/wp-content\/uploads\/2022\/06\/stampa-offset-bollino-raccolta-punti-concorso-auchan.jpg","datePublished":"2024-04-11T07:07:56+00:00","dateModified":"2024-04-23T12:17:09+00:00","description":"Impresi\u00f3n de etiquetas hologr\u00e1ficas antifalsificaci\u00f3n de datos variables o logotipo fijo, utilizadas en pegatinas de recogida de puntos, concursos minoristas,...","breadcrumb":{"@id":"https:\/\/www.polygraf.it\/es\/etiquetas-adhesivas-de-recogida-de-puntos-safeid-void-etiquetas-holograficas\/#breadcrumb"},"inLanguage":"es","potentialAction":[{"@type":"ReadAction","target":["https:\/\/www.polygraf.it\/es\/etiquetas-adhesivas-de-recogida-de-puntos-safeid-void-etiquetas-holograficas\/"]}]},{"@type":"ImageObject","inLanguage":"es","@id":"https:\/\/www.polygraf.it\/es\/etiquetas-adhesivas-de-recogida-de-puntos-safeid-void-etiquetas-holograficas\/#primaryimage","url":"https:\/\/www.polygraf.it\/wp-content\/uploads\/2022\/06\/stampa-offset-bollino-raccolta-punti-concorso-auchan.jpg","contentUrl":"https:\/\/www.polygraf.it\/wp-content\/uploads\/2022\/06\/stampa-offset-bollino-raccolta-punti-concorso-auchan.jpg","width":1000,"height":673},{"@type":"BreadcrumbList","@id":"https:\/\/www.polygraf.it\/es\/etiquetas-adhesivas-de-recogida-de-puntos-safeid-void-etiquetas-holograficas\/#breadcrumb","itemListElement":[{"@type":"ListItem","position":1,"name":"Home","item":"https:\/\/www.polygraf.it\/es\/inicio\/"},{"@type":"ListItem","position":2,"name":"Etiquetas adhesivas de recogida de puntos safeid void etiquetas hologr\u00e1ficas"}]},{"@type":"WebSite","@id":"https:\/\/www.polygraf.it\/es\/#website","url":"https:\/\/www.polygraf.it\/es\/","name":"Polygraf - stampa offset","description":"","potentialAction":[{"@type":"SearchAction","target":{"@type":"EntryPoint","urlTemplate":"https:\/\/www.polygraf.it\/es\/?s={search_term_string}"},"query-input":{"@type":"PropertyValueSpecification","valueRequired":true,"valueName":"search_term_string"}}],"inLanguage":"es"}]}},"_links":{"self":[{"href":"https:\/\/www.polygraf.it\/es\/wp-json\/wp\/v2\/pages\/5117","targetHints":{"allow":["GET"]}}],"collection":[{"href":"https:\/\/www.polygraf.it\/es\/wp-json\/wp\/v2\/pages"}],"about":[{"href":"https:\/\/www.polygraf.it\/es\/wp-json\/wp\/v2\/types\/page"}],"author":[{"embeddable":true,"href":"https:\/\/www.polygraf.it\/es\/wp-json\/wp\/v2\/users\/1"}],"replies":[{"embeddable":true,"href":"https:\/\/www.polygraf.it\/es\/wp-json\/wp\/v2\/comments?post=5117"}],"version-history":[{"count":1,"href":"https:\/\/www.polygraf.it\/es\/wp-json\/wp\/v2\/pages\/5117\/revisions"}],"predecessor-version":[{"id":5169,"href":"https:\/\/www.polygraf.it\/es\/wp-json\/wp\/v2\/pages\/5117\/revisions\/5169"}],"wp:featuredmedia":[{"embeddable":true,"href":"https:\/\/www.polygraf.it\/es\/wp-json\/wp\/v2\/media\/3519"}],"wp:attachment":[{"href":"https:\/\/www.polygraf.it\/es\/wp-json\/wp\/v2\/media?parent=5117"}],"wp:term":[{"taxonomy":"prodotto","embeddable":true,"href":"https:\/\/www.polygraf.it\/es\/wp-json\/wp\/v2\/prodotto?post=5117"}],"curies":[{"name":"wp","href":"https:\/\/api.w.org\/{rel}","templated":true}]}}