{"id":5101,"date":"2024-04-11T07:28:12","date_gmt":"2024-04-11T07:28:12","guid":{"rendered":"https:\/\/www.polygraf.it\/el-grupo-pbp\/"},"modified":"2024-05-03T06:15:55","modified_gmt":"2024-05-03T06:15:55","slug":"el-grupo-pbp","status":"publish","type":"page","link":"https:\/\/www.polygraf.it\/es\/el-grupo-pbp\/","title":{"rendered":"El Grupo PBP"},"content":{"rendered":"\t\t<div data-elementor-type=\"wp-page\" data-elementor-id=\"5101\" class=\"elementor elementor-5101 elementor-3005\" data-elementor-post-type=\"page\">\n\t\t\t\t<div class=\"elementor-element elementor-element-9850a2c e-con-full e-flex e-con e-parent\" data-id=\"9850a2c\" data-element_type=\"container\">\n\t\t\t\t<div class=\"elementor-element elementor-element-1ccebb4 elementor-widget elementor-widget-template\" data-id=\"1ccebb4\" data-element_type=\"widget\" data-widget_type=\"template.default\">\n\t\t\t\t<div class=\"elementor-widget-container\">\n\t\t\t\t\t\t\t<div class=\"elementor-template\">\n\t\t\t\t\t<div data-elementor-type=\"container\" data-elementor-id=\"5079\" class=\"elementor elementor-5079 elementor-4971\" data-elementor-post-type=\"elementor_library\">\n\t\t\t\t<div class=\"elementor-element elementor-element-83c65e5 e-flex e-con-boxed e-con e-parent\" data-id=\"83c65e5\" data-element_type=\"container\" data-settings=\"{&quot;background_background&quot;:&quot;classic&quot;}\">\n\t\t\t\t\t<div class=\"e-con-inner\">\n\t\t<div class=\"elementor-element elementor-element-8b3ab7f e-con-full e-flex e-con e-child\" data-id=\"8b3ab7f\" data-element_type=\"container\">\n\t\t\t\t<div class=\"elementor-element elementor-element-893d690 elementor-widget elementor-widget-heading\" data-id=\"893d690\" data-element_type=\"widget\" data-widget_type=\"heading.default\">\n\t\t\t\t<div class=\"elementor-widget-container\">\n\t\t\t\t\t<h1 class=\"elementor-heading-title elementor-size-default\">El Grupo PBP<\/h1>\t\t\t\t<\/div>\n\t\t\t\t<\/div>\n\t\t\t\t<div class=\"elementor-element elementor-element-419ece8 elementor-widget elementor-widget-heading\" data-id=\"419ece8\" data-element_type=\"widget\" data-widget_type=\"heading.default\">\n\t\t\t\t<div class=\"elementor-widget-container\">\n\t\t\t\t\t<h2 class=\"elementor-heading-title elementor-size-default\">Investigaci\u00f3n y desarrollo para innovar procesos, productos y servicios<\/h2>\t\t\t\t<\/div>\n\t\t\t\t<\/div>\n\t\t\t\t<\/div>\n\t\t<div class=\"elementor-element elementor-element-b621bef e-con-full elementor-hidden-tablet elementor-hidden-mobile e-flex e-con e-child\" data-id=\"b621bef\" data-element_type=\"container\">\n\t\t\t\t<div class=\"elementor-element elementor-element-ed47f23 elementor-align-right elementor-tablet-align-left elementor-widget elementor-widget-breadcrumbs\" data-id=\"ed47f23\" data-element_type=\"widget\" data-widget_type=\"breadcrumbs.default\">\n\t\t\t\t<div class=\"elementor-widget-container\">\n\t\t\t\t\t<p id=\"breadcrumbs\"><span><span><a href=\"https:\/\/www.polygraf.it\/es\/inicio\/\">Home<\/a><\/span><\/span><\/p>\t\t\t\t<\/div>\n\t\t\t\t<\/div>\n\t\t\t\t<\/div>\n\t\t\t\t\t<\/div>\n\t\t\t\t<\/div>\n\t\t\t\t<\/div>\n\t\t\t\t<\/div>\n\t\t\t\t\t\t<\/div>\n\t\t\t\t<\/div>\n\t\t\t\t<\/div>\n\t\t<div class=\"elementor-element elementor-element-9f02054 e-flex e-con-boxed e-con e-parent\" data-id=\"9f02054\" data-element_type=\"container\">\n\t\t\t\t\t<div class=\"e-con-inner\">\n\t\t<div class=\"elementor-element elementor-element-2e9f839 e-con-full e-flex e-con e-child\" data-id=\"2e9f839\" data-element_type=\"container\">\n\t\t\t\t<div class=\"elementor-element elementor-element-8364b2d elementor-drop-cap-yes elementor-drop-cap-view-default elementor-widget elementor-widget-text-editor\" data-id=\"8364b2d\" data-element_type=\"widget\" data-settings=\"{&quot;drop_cap&quot;:&quot;yes&quot;}\" data-widget_type=\"text-editor.default\">\n\t\t\t\t<div class=\"elementor-widget-container\">\n\t\t\t\t\t\t\t\t\t<p>A d\u00eda de hoy, el grupo PBP en su conjunto emplea a 30 trabajadores de cuello blanco y de producci\u00f3n, con una facturaci\u00f3n aproximada de 8,6 millones de euros y una tendencia de crecimiento constante entre 2018 y 2021 del 5% anual.<\/p>\n\t\t\t\t\t\t\t\t<\/div>\n\t\t\t\t<\/div>\n\t\t\t\t<\/div>\n\t\t<div class=\"elementor-element elementor-element-f4cce67 e-con-full e-flex e-con e-child\" data-id=\"f4cce67\" data-element_type=\"container\">\n\t\t\t\t<div class=\"elementor-element elementor-element-ca61966 elementor-widget elementor-widget-text-editor\" data-id=\"ca61966\" data-element_type=\"widget\" data-widget_type=\"text-editor.default\">\n\t\t\t\t<div class=\"elementor-widget-container\">\n\t\t\t\t\t\t\t\t\t<p>El grupo PBP se fund\u00f3 en 2006 compartiendo las inversiones estructurales, los recursos humanos y las especializaciones de 4 empresas entre Verona, Vicenza y Padua, una zona del noreste con una densidad de producci\u00f3n muy elevada y una larga experiencia en el campo de las artes gr\u00e1ficas.<\/p>\n\t\t\t\t\t\t\t\t<\/div>\n\t\t\t\t<\/div>\n\t\t\t\t<\/div>\n\t\t<div class=\"elementor-element elementor-element-b222a78 e-con-full e-flex e-con e-child\" data-id=\"b222a78\" data-element_type=\"container\">\n\t\t\t\t<div class=\"elementor-element elementor-element-30856d0 elementor-widget elementor-widget-text-editor\" data-id=\"30856d0\" data-element_type=\"widget\" data-widget_type=\"text-editor.default\">\n\t\t\t\t<div class=\"elementor-widget-container\">\n\t\t\t\t\t\t\t\t\t<p>La formaci\u00f3n del grupo fue impulsada por la necesidad de eliminar las divisiones de producci\u00f3n obsoletas de cada empresa a cambio de un proyecto de inversi\u00f3n conjunta en t\u00e9cnicas de impresi\u00f3n de \u00faltima generaci\u00f3n.<\/p>\n\t\t\t\t\t\t\t\t<\/div>\n\t\t\t\t<\/div>\n\t\t\t\t<\/div>\n\t\t<div class=\"elementor-element elementor-element-cb0e948 e-con-full e-flex e-con e-child\" data-id=\"cb0e948\" data-element_type=\"container\">\n\t\t\t\t<div class=\"elementor-element elementor-element-b4cecaf elementor-widget elementor-widget-text-editor\" data-id=\"b4cecaf\" data-element_type=\"widget\" data-widget_type=\"text-editor.default\">\n\t\t\t\t<div class=\"elementor-widget-container\">\n\t\t\t\t\t\t\t\t\t<p>En 2012, dirigiendo y transformando la experiencia adquirida en m\u00e1s de 25 a\u00f1os de artes gr\u00e1ficas y con el objetivo de ampliar el per\u00edmetro estrat\u00e9gico de los productos de impresi\u00f3n, el grupo orient\u00f3 su producci\u00f3n y direcci\u00f3n comercial hacia el mercado minorista, el sector alimentario y la gran distribuci\u00f3n en general.<\/p>\n\t\t\t\t\t\t\t\t<\/div>\n\t\t\t\t<\/div>\n\t\t\t\t<\/div>\n\t\t\t\t\t<\/div>\n\t\t\t\t<\/div>\n\t\t<div class=\"elementor-element elementor-element-56accc0 e-flex e-con-boxed e-con e-parent\" data-id=\"56accc0\" data-element_type=\"container\" data-settings=\"{&quot;background_background&quot;:&quot;classic&quot;}\">\n\t\t\t\t\t<div class=\"e-con-inner\">\n\t\t\t\t<div class=\"elementor-element elementor-element-ef74785 elementor-widget elementor-widget-image\" data-id=\"ef74785\" data-element_type=\"widget\" data-widget_type=\"image.default\">\n\t\t\t\t<div class=\"elementor-widget-container\">\n\t\t\t\t\t\t\t\t\t\t\t\t\t\t\t<img fetchpriority=\"high\" decoding=\"async\" width=\"1920\" height=\"1080\" src=\"https:\/\/www.polygraf.it\/wp-content\/uploads\/2022\/06\/polygraf-sede_alt.jpg\" class=\"attachment-full size-full wp-image-4479\" alt=\"\" srcset=\"https:\/\/www.polygraf.it\/wp-content\/uploads\/2022\/06\/polygraf-sede_alt.jpg 1920w, https:\/\/www.polygraf.it\/wp-content\/uploads\/2022\/06\/polygraf-sede_alt-300x169.jpg 300w, https:\/\/www.polygraf.it\/wp-content\/uploads\/2022\/06\/polygraf-sede_alt-1024x576.jpg 1024w, https:\/\/www.polygraf.it\/wp-content\/uploads\/2022\/06\/polygraf-sede_alt-768x432.jpg 768w, https:\/\/www.polygraf.it\/wp-content\/uploads\/2022\/06\/polygraf-sede_alt-1536x864.jpg 1536w\" sizes=\"(max-width: 1920px) 100vw, 1920px\" \/>\t\t\t\t\t\t\t\t\t\t\t\t\t\t\t<\/div>\n\t\t\t\t<\/div>\n\t\t\t\t\t<\/div>\n\t\t\t\t<\/div>\n\t\t<div class=\"elementor-element elementor-element-0b7004f e-flex e-con-boxed e-con e-parent\" data-id=\"0b7004f\" data-element_type=\"container\" data-settings=\"{&quot;background_background&quot;:&quot;classic&quot;}\">\n\t\t\t\t\t<div class=\"e-con-inner\">\n\t\t<div class=\"elementor-element elementor-element-d61ffc5 e-con-full e-flex e-con e-child\" data-id=\"d61ffc5\" data-element_type=\"container\">\n\t\t\t\t<div class=\"elementor-element elementor-element-d3886e1 elementor-widget elementor-widget-heading\" data-id=\"d3886e1\" data-element_type=\"widget\" data-widget_type=\"heading.default\">\n\t\t\t\t<div class=\"elementor-widget-container\">\n\t\t\t\t\t<h2 class=\"elementor-heading-title elementor-size-default\">NUESTRO<\/h2>\t\t\t\t<\/div>\n\t\t\t\t<\/div>\n\t\t\t\t<div class=\"elementor-element elementor-element-3ae975e elementor-widget elementor-widget-heading\" data-id=\"3ae975e\" data-element_type=\"widget\" data-widget_type=\"heading.default\">\n\t\t\t\t<div class=\"elementor-widget-container\">\n\t\t\t\t\t<h2 class=\"elementor-heading-title elementor-size-default\">SECTOR PRODUCTIVO<\/h2>\t\t\t\t<\/div>\n\t\t\t\t<\/div>\n\t\t\t\t<div class=\"elementor-element elementor-element-81176f8 elementor-widget-divider--view-line elementor-widget elementor-widget-divider\" data-id=\"81176f8\" data-element_type=\"widget\" data-widget_type=\"divider.default\">\n\t\t\t\t<div class=\"elementor-widget-container\">\n\t\t\t\t\t\t\t<div class=\"elementor-divider\">\n\t\t\t<span class=\"elementor-divider-separator\">\n\t\t\t\t\t\t<\/span>\n\t\t<\/div>\n\t\t\t\t\t\t<\/div>\n\t\t\t\t<\/div>\n\t\t\t\t<\/div>\n\t\t\t\t\t<\/div>\n\t\t\t\t<\/div>\n\t\t<div class=\"elementor-element elementor-element-9245f16 e-flex e-con-boxed e-con e-parent\" data-id=\"9245f16\" data-element_type=\"container\" data-settings=\"{&quot;background_background&quot;:&quot;classic&quot;}\">\n\t\t\t\t\t<div class=\"e-con-inner\">\n\t\t<div class=\"elementor-element elementor-element-caae3ed e-con-full e-flex e-con e-child\" data-id=\"caae3ed\" data-element_type=\"container\">\n\t\t\t\t<div class=\"elementor-element elementor-element-0a6a8b8 elementor-widget elementor-widget-counter\" data-id=\"0a6a8b8\" data-element_type=\"widget\" data-widget_type=\"counter.default\">\n\t\t\t\t<div class=\"elementor-widget-container\">\n\t\t\t\t\t\t\t<div class=\"elementor-counter\">\n\t\t\t<div class=\"elementor-counter-title\">Estaciones de trabajo gr\u00e1ficas<\/div>\t\t\t<div class=\"elementor-counter-number-wrapper\">\n\t\t\t\t<span class=\"elementor-counter-number-prefix\"><\/span>\n\t\t\t\t<span class=\"elementor-counter-number\" data-duration=\"2000\" data-to-value=\"9\" data-from-value=\"0\" data-delimiter=\",\">0<\/span>\n\t\t\t\t<span class=\"elementor-counter-number-suffix\"><\/span>\n\t\t\t<\/div>\n\t\t<\/div>\n\t\t\t\t\t\t<\/div>\n\t\t\t\t<\/div>\n\t\t\t\t<\/div>\n\t\t<div class=\"elementor-element elementor-element-1a1e48c e-con-full e-flex e-con e-child\" data-id=\"1a1e48c\" data-element_type=\"container\">\n\t\t\t\t<div class=\"elementor-element elementor-element-2c9cf83 elementor-widget elementor-widget-counter\" data-id=\"2c9cf83\" data-element_type=\"widget\" data-widget_type=\"counter.default\">\n\t\t\t\t<div class=\"elementor-widget-container\">\n\t\t\t\t\t\t\t<div class=\"elementor-counter\">\n\t\t\t<div class=\"elementor-counter-title\">Unidad de desplazamiento<\/div>\t\t\t<div class=\"elementor-counter-number-wrapper\">\n\t\t\t\t<span class=\"elementor-counter-number-prefix\"><\/span>\n\t\t\t\t<span class=\"elementor-counter-number\" data-duration=\"2000\" data-to-value=\"2\" data-from-value=\"0\" data-delimiter=\",\">0<\/span>\n\t\t\t\t<span class=\"elementor-counter-number-suffix\"><\/span>\n\t\t\t<\/div>\n\t\t<\/div>\n\t\t\t\t\t\t<\/div>\n\t\t\t\t<\/div>\n\t\t\t\t<\/div>\n\t\t<div class=\"elementor-element elementor-element-3cee979 e-con-full e-flex e-con e-child\" data-id=\"3cee979\" data-element_type=\"container\">\n\t\t\t\t<div class=\"elementor-element elementor-element-5053321 elementor-widget elementor-widget-counter\" data-id=\"5053321\" data-element_type=\"widget\" data-widget_type=\"counter.default\">\n\t\t\t\t<div class=\"elementor-widget-container\">\n\t\t\t\t\t\t\t<div class=\"elementor-counter\">\n\t\t\t<div class=\"elementor-counter-title\">Unidades digitales<\/div>\t\t\t<div class=\"elementor-counter-number-wrapper\">\n\t\t\t\t<span class=\"elementor-counter-number-prefix\"><\/span>\n\t\t\t\t<span class=\"elementor-counter-number\" data-duration=\"2000\" data-to-value=\"5\" data-from-value=\"0\" data-delimiter=\",\">0<\/span>\n\t\t\t\t<span class=\"elementor-counter-number-suffix\"><\/span>\n\t\t\t<\/div>\n\t\t<\/div>\n\t\t\t\t\t\t<\/div>\n\t\t\t\t<\/div>\n\t\t\t\t<\/div>\n\t\t<div class=\"elementor-element elementor-element-7dddace e-con-full e-flex e-con e-child\" data-id=\"7dddace\" data-element_type=\"container\">\n\t\t\t\t<div class=\"elementor-element elementor-element-a34c152 elementor-widget elementor-widget-counter\" data-id=\"a34c152\" data-element_type=\"widget\" data-widget_type=\"counter.default\">\n\t\t\t\t<div class=\"elementor-widget-container\">\n\t\t\t\t\t\t\t<div class=\"elementor-counter\">\n\t\t\t<div class=\"elementor-counter-title\">Unidades interiores de acabado<\/div>\t\t\t<div class=\"elementor-counter-number-wrapper\">\n\t\t\t\t<span class=\"elementor-counter-number-prefix\"><\/span>\n\t\t\t\t<span class=\"elementor-counter-number\" data-duration=\"2000\" data-to-value=\"4\" data-from-value=\"0\" data-delimiter=\",\">0<\/span>\n\t\t\t\t<span class=\"elementor-counter-number-suffix\"><\/span>\n\t\t\t<\/div>\n\t\t<\/div>\n\t\t\t\t\t\t<\/div>\n\t\t\t\t<\/div>\n\t\t\t\t<\/div>\n\t\t\t\t\t<\/div>\n\t\t\t\t<\/div>\n\t\t\t\t<\/div>\n\t\t","protected":false},"excerpt":{"rendered":"<p>A d\u00eda de hoy, el grupo PBP en su conjunto emplea a 30 trabajadores de cuello blanco y de producci\u00f3n, con una facturaci\u00f3n aproximada de 8,6 millones de euros y una tendencia de crecimiento constante entre 2018 y 2021 del 5% anual. El grupo PBP se fund\u00f3 en 2006 compartiendo las inversiones estructurales, los recursos [&hellip;]<\/p>\n","protected":false},"author":1,"featured_media":0,"parent":0,"menu_order":0,"comment_status":"closed","ping_status":"closed","template":"","meta":{"_acf_changed":false,"inline_featured_image":false,"footnotes":""},"prodotto":[],"class_list":["post-5101","page","type-page","status-publish","hentry"],"acf":[],"yoast_head":"<!-- This site is optimized with the Yoast SEO plugin v25.0 - https:\/\/yoast.com\/wordpress\/plugins\/seo\/ -->\n<title>El Grupo PBP - Fundado en 2006 compartiendo inversiones<\/title>\n<meta name=\"description\" content=\"Hasta la fecha, el grupo PBP emplea a 30 trabajadores de cuello blanco y de producci\u00f3n, con un volumen de negocios de aproximadamente 8,6 millones de euros\" \/>\n<meta name=\"robots\" content=\"index, follow, max-snippet:-1, max-image-preview:large, max-video-preview:-1\" \/>\n<link rel=\"canonical\" href=\"https:\/\/www.polygraf.it\/es\/el-grupo-pbp\/\" \/>\n<meta property=\"og:locale\" content=\"es_ES\" \/>\n<meta property=\"og:type\" content=\"article\" \/>\n<meta property=\"og:title\" content=\"El Grupo PBP - Fundado en 2006 compartiendo inversiones\" \/>\n<meta property=\"og:description\" content=\"Hasta la fecha, el grupo PBP emplea a 30 trabajadores de cuello blanco y de producci\u00f3n, con un volumen de negocios de aproximadamente 8,6 millones de euros\" \/>\n<meta property=\"og:url\" content=\"https:\/\/www.polygraf.it\/es\/el-grupo-pbp\/\" \/>\n<meta property=\"og:site_name\" content=\"Polygraf - stampa offset\" \/>\n<meta property=\"article:modified_time\" content=\"2024-05-03T06:15:55+00:00\" \/>\n<meta property=\"og:image\" content=\"https:\/\/www.polygraf.it\/wp-content\/uploads\/2022\/06\/polygraf-sede_alt.jpg\" \/>\n<meta name=\"twitter:card\" content=\"summary_large_image\" \/>\n<meta name=\"twitter:label1\" content=\"Tiempo de lectura\" \/>\n\t<meta name=\"twitter:data1\" content=\"1 minuto\" \/>\n<script type=\"application\/ld+json\" class=\"yoast-schema-graph\">{\"@context\":\"https:\/\/schema.org\",\"@graph\":[{\"@type\":\"WebPage\",\"@id\":\"https:\/\/www.polygraf.it\/es\/el-grupo-pbp\/\",\"url\":\"https:\/\/www.polygraf.it\/es\/el-grupo-pbp\/\",\"name\":\"El Grupo PBP - Fundado en 2006 compartiendo inversiones\",\"isPartOf\":{\"@id\":\"https:\/\/www.polygraf.it\/es\/#website\"},\"primaryImageOfPage\":{\"@id\":\"https:\/\/www.polygraf.it\/es\/el-grupo-pbp\/#primaryimage\"},\"image\":{\"@id\":\"https:\/\/www.polygraf.it\/es\/el-grupo-pbp\/#primaryimage\"},\"thumbnailUrl\":\"https:\/\/www.polygraf.it\/wp-content\/uploads\/2022\/06\/polygraf-sede_alt.jpg\",\"datePublished\":\"2024-04-11T07:28:12+00:00\",\"dateModified\":\"2024-05-03T06:15:55+00:00\",\"description\":\"Hasta la fecha, el grupo PBP emplea a 30 trabajadores de cuello blanco y de producci\u00f3n, con un volumen de negocios de aproximadamente 8,6 millones de euros\",\"breadcrumb\":{\"@id\":\"https:\/\/www.polygraf.it\/es\/el-grupo-pbp\/#breadcrumb\"},\"inLanguage\":\"es\",\"potentialAction\":[{\"@type\":\"ReadAction\",\"target\":[\"https:\/\/www.polygraf.it\/es\/el-grupo-pbp\/\"]}]},{\"@type\":\"ImageObject\",\"inLanguage\":\"es\",\"@id\":\"https:\/\/www.polygraf.it\/es\/el-grupo-pbp\/#primaryimage\",\"url\":\"https:\/\/www.polygraf.it\/wp-content\/uploads\/2022\/06\/polygraf-sede_alt.jpg\",\"contentUrl\":\"https:\/\/www.polygraf.it\/wp-content\/uploads\/2022\/06\/polygraf-sede_alt.jpg\"},{\"@type\":\"BreadcrumbList\",\"@id\":\"https:\/\/www.polygraf.it\/es\/el-grupo-pbp\/#breadcrumb\",\"itemListElement\":[{\"@type\":\"ListItem\",\"position\":1,\"name\":\"Home\",\"item\":\"https:\/\/www.polygraf.it\/es\/inicio\/\"},{\"@type\":\"ListItem\",\"position\":2,\"name\":\"El Grupo PBP\"}]},{\"@type\":\"WebSite\",\"@id\":\"https:\/\/www.polygraf.it\/es\/#website\",\"url\":\"https:\/\/www.polygraf.it\/es\/\",\"name\":\"Polygraf - stampa offset\",\"description\":\"\",\"potentialAction\":[{\"@type\":\"SearchAction\",\"target\":{\"@type\":\"EntryPoint\",\"urlTemplate\":\"https:\/\/www.polygraf.it\/es\/?s={search_term_string}\"},\"query-input\":{\"@type\":\"PropertyValueSpecification\",\"valueRequired\":true,\"valueName\":\"search_term_string\"}}],\"inLanguage\":\"es\"}]}<\/script>\n<!-- \/ Yoast SEO plugin. -->","yoast_head_json":{"title":"El Grupo PBP - Fundado en 2006 compartiendo inversiones","description":"Hasta la fecha, el grupo PBP emplea a 30 trabajadores de cuello blanco y de producci\u00f3n, con un volumen de negocios de aproximadamente 8,6 millones de euros","robots":{"index":"index","follow":"follow","max-snippet":"max-snippet:-1","max-image-preview":"max-image-preview:large","max-video-preview":"max-video-preview:-1"},"canonical":"https:\/\/www.polygraf.it\/es\/el-grupo-pbp\/","og_locale":"es_ES","og_type":"article","og_title":"El Grupo PBP - Fundado en 2006 compartiendo inversiones","og_description":"Hasta la fecha, el grupo PBP emplea a 30 trabajadores de cuello blanco y de producci\u00f3n, con un volumen de negocios de aproximadamente 8,6 millones de euros","og_url":"https:\/\/www.polygraf.it\/es\/el-grupo-pbp\/","og_site_name":"Polygraf - stampa offset","article_modified_time":"2024-05-03T06:15:55+00:00","og_image":[{"url":"https:\/\/www.polygraf.it\/wp-content\/uploads\/2022\/06\/polygraf-sede_alt.jpg","type":"","width":"","height":""}],"twitter_card":"summary_large_image","twitter_misc":{"Tiempo de lectura":"1 minuto"},"schema":{"@context":"https:\/\/schema.org","@graph":[{"@type":"WebPage","@id":"https:\/\/www.polygraf.it\/es\/el-grupo-pbp\/","url":"https:\/\/www.polygraf.it\/es\/el-grupo-pbp\/","name":"El Grupo PBP - Fundado en 2006 compartiendo inversiones","isPartOf":{"@id":"https:\/\/www.polygraf.it\/es\/#website"},"primaryImageOfPage":{"@id":"https:\/\/www.polygraf.it\/es\/el-grupo-pbp\/#primaryimage"},"image":{"@id":"https:\/\/www.polygraf.it\/es\/el-grupo-pbp\/#primaryimage"},"thumbnailUrl":"https:\/\/www.polygraf.it\/wp-content\/uploads\/2022\/06\/polygraf-sede_alt.jpg","datePublished":"2024-04-11T07:28:12+00:00","dateModified":"2024-05-03T06:15:55+00:00","description":"Hasta la fecha, el grupo PBP emplea a 30 trabajadores de cuello blanco y de producci\u00f3n, con un volumen de negocios de aproximadamente 8,6 millones de euros","breadcrumb":{"@id":"https:\/\/www.polygraf.it\/es\/el-grupo-pbp\/#breadcrumb"},"inLanguage":"es","potentialAction":[{"@type":"ReadAction","target":["https:\/\/www.polygraf.it\/es\/el-grupo-pbp\/"]}]},{"@type":"ImageObject","inLanguage":"es","@id":"https:\/\/www.polygraf.it\/es\/el-grupo-pbp\/#primaryimage","url":"https:\/\/www.polygraf.it\/wp-content\/uploads\/2022\/06\/polygraf-sede_alt.jpg","contentUrl":"https:\/\/www.polygraf.it\/wp-content\/uploads\/2022\/06\/polygraf-sede_alt.jpg"},{"@type":"BreadcrumbList","@id":"https:\/\/www.polygraf.it\/es\/el-grupo-pbp\/#breadcrumb","itemListElement":[{"@type":"ListItem","position":1,"name":"Home","item":"https:\/\/www.polygraf.it\/es\/inicio\/"},{"@type":"ListItem","position":2,"name":"El Grupo PBP"}]},{"@type":"WebSite","@id":"https:\/\/www.polygraf.it\/es\/#website","url":"https:\/\/www.polygraf.it\/es\/","name":"Polygraf - stampa offset","description":"","potentialAction":[{"@type":"SearchAction","target":{"@type":"EntryPoint","urlTemplate":"https:\/\/www.polygraf.it\/es\/?s={search_term_string}"},"query-input":{"@type":"PropertyValueSpecification","valueRequired":true,"valueName":"search_term_string"}}],"inLanguage":"es"}]}},"_links":{"self":[{"href":"https:\/\/www.polygraf.it\/es\/wp-json\/wp\/v2\/pages\/5101","targetHints":{"allow":["GET"]}}],"collection":[{"href":"https:\/\/www.polygraf.it\/es\/wp-json\/wp\/v2\/pages"}],"about":[{"href":"https:\/\/www.polygraf.it\/es\/wp-json\/wp\/v2\/types\/page"}],"author":[{"embeddable":true,"href":"https:\/\/www.polygraf.it\/es\/wp-json\/wp\/v2\/users\/1"}],"replies":[{"embeddable":true,"href":"https:\/\/www.polygraf.it\/es\/wp-json\/wp\/v2\/comments?post=5101"}],"version-history":[{"count":8,"href":"https:\/\/www.polygraf.it\/es\/wp-json\/wp\/v2\/pages\/5101\/revisions"}],"predecessor-version":[{"id":5430,"href":"https:\/\/www.polygraf.it\/es\/wp-json\/wp\/v2\/pages\/5101\/revisions\/5430"}],"wp:attachment":[{"href":"https:\/\/www.polygraf.it\/es\/wp-json\/wp\/v2\/media?parent=5101"}],"wp:term":[{"taxonomy":"prodotto","embeddable":true,"href":"https:\/\/www.polygraf.it\/es\/wp-json\/wp\/v2\/prodotto?post=5101"}],"curies":[{"name":"wp","href":"https:\/\/api.w.org\/{rel}","templated":true}]}}