{"id":5083,"date":"2024-04-11T07:27:53","date_gmt":"2024-04-11T07:27:53","guid":{"rendered":"https:\/\/www.polygraf.it\/politica-de-cookies\/"},"modified":"2024-05-03T13:04:37","modified_gmt":"2024-05-03T13:04:37","slug":"politica-de-cookies","status":"publish","type":"page","link":"https:\/\/www.polygraf.it\/es\/politica-de-cookies\/","title":{"rendered":"Pol\u00edtica de cookies"},"content":{"rendered":"\t\t<div data-elementor-type=\"wp-page\" data-elementor-id=\"5083\" class=\"elementor elementor-5083 elementor-3003\" data-elementor-post-type=\"page\">\n\t\t\t\t<div class=\"elementor-element elementor-element-7a3f9d0 e-flex e-con-boxed e-con e-parent\" data-id=\"7a3f9d0\" data-element_type=\"container\">\n\t\t\t\t\t<div class=\"e-con-inner\">\n\t\t\t\t<div class=\"elementor-element elementor-element-344b4d3 elementor-widget elementor-widget-text-editor\" data-id=\"344b4d3\" data-element_type=\"widget\" data-widget_type=\"text-editor.default\">\n\t\t\t\t<div class=\"elementor-widget-container\">\n\t\t\t\t\t\t\t\t\t<\/p>\n<p>Pol\u00edtica de cookies &#8211; Pol\u00edtica ampliada  <\/p>\n<\/p>\n<p><strong>Polygraf srl<\/strong>  titular del tratamiento de datos personales en el sitio web informa a www.polygraf.it que utiliza cookies con el fin de hacer que nuestros servicios sean eficientes y f\u00e1ciles de usar, garantizando tambi\u00e9n el derecho a la autodeterminaci\u00f3n informada, de conformidad con los art\u00edculos 13 y 122 del Decreto Legislativo 196\/2003 (\u00abC\u00f3digo de Privacidad\u00bb) y la disposici\u00f3n del Garante para la protecci\u00f3n de datos personales no. 229 de 8 de mayo de 2014; esta informaci\u00f3n ampliada s\u00f3lo se proporciona para el sitio zanz-zap.es, excluyendo otros sitios que pueda consultar el usuario a trav\u00e9s de un enlace desde nuestro sitio.<\/p>\n<\/p>\n<p>Qu\u00e9 son las cookies<\/p>\n<\/p>\n<p>Cuando visitas nuestro sitio, se almacena en tu dispositivo una peque\u00f1a cantidad de informaci\u00f3n en forma de peque\u00f1os archivos de texto, llamados \u00abcookies\u00bb, que se guardan en el directorio de tu navegador web; hay diferentes tipos de cookies, pero principalmente el prop\u00f3sito de una cookie es hacer que el sitio funcione de forma m\u00e1s eficiente y permitir ciertas funcionalidades.<\/p>\n<\/p>\n<p>Las cookies se utilizan principalmente para mejorar la navegaci\u00f3n general del usuario.<\/p>\n<\/p>\n<p>Las cookies de nuestro sitio sirven para:<\/p>\n<\/p>\n<p>navega con eficacia;<br \/>medir el uso de los servicios por parte de los usuarios, con informaci\u00f3n recogida de forma agregada, para optimizar la experiencia de navegaci\u00f3n y los propios servicios;<br \/>almacenan el nombre de usuario y los productos colocados en la cesta de la compra;<br \/>permiten evitar introducir la misma informaci\u00f3n (como el nombre de usuario y la contrase\u00f1a) varias veces durante una visita.<\/p>\n<\/p>\n<p>Durante la navegaci\u00f3n es posible que se coloquen en tu dispositivo cookies de diferentes sitios, conocidas como \u00abcookies de terceros\u00bb. Estas cookies son configuradas directamente por terceros y se utilizan en las formas y para los fines definidos por ellos.<\/p>\n<\/p>\n<p>Tipos de cookies<\/p>\n<\/p>\n<p>Existen varios tipos de cookies; a continuaci\u00f3n se indican los tipos de cookies que pueden utilizarse en nuestro sitio con una descripci\u00f3n de la finalidad de su uso.<\/p>\n<\/p>\n<p>Cookies t\u00e9cnicas<\/p>\n<\/p>\n<p>Las cookies de este tipo son necesarias para el correcto funcionamiento de ciertas \u00e1reas del sitio www.polygraf.it sin estas cookies nuestro sitio no ser\u00eda navegable correctamente. Las cookies de esta categor\u00eda incluyen tanto cookies persistentes como de sesi\u00f3n. Este tipo de cookie se utiliza siempre, independientemente de las preferencias del usuario, y se env\u00eda desde nuestro dominio al dispositivo del usuario que visita nuestro sitio.<\/p>\n<\/p>\n<p>Cookies anal\u00edticas<\/p>\n<\/p>\n<p>Este tipo de cookie se utiliza para recopilar informaci\u00f3n sobre el uso del sitio; utilizamos esta informaci\u00f3n con los fines de:<\/p>\n<\/p>\n<p>an\u00e1lisis estad\u00edstico;<br \/>mejorar el sitio, simplificar su uso y optimizar los servicios ofrecidos;<br \/>supervisar el buen funcionamiento del sitio.<\/p>\n<\/p>\n<p>Este tipo de cookie recopila informaci\u00f3n de forma an\u00f3nima sobre la actividad de los usuarios en el sitio y sobre c\u00f3mo llegaron al sitio y las p\u00e1ginas que visitaron; las cookies de este tipo se env\u00edan desde nuestro sitio o desde dominios de terceros.<\/p>\n<\/p>\n<p>Cookies de terceros<\/p>\n<\/p>\n<p>Se utilizan para recopilar informaci\u00f3n, de forma an\u00f3nima, sobre el uso del sitio www.polygraf.it por parte de los visitantes, las palabras clave utilizadas para llegar al sitio, las p\u00e1ginas visitadas y los or\u00edgenes del tr\u00e1fico del que proceden los usuarios para campa\u00f1as, informes y para mejorar el sitio. Las cookies de este tipo se env\u00edan desde nuestro sitio o desde dominios de terceros. Las cookies de integraci\u00f3n de funciones de terceros se utilizan para integrar funciones de terceros en nuestro sitio, como formularios de comentarios o enlaces a redes sociales, que permiten a los usuarios compartir contenidos del sitio en el que est\u00e1n incrustados. Estas cookies pueden ser enviadas por sitios asociados o sitios que ofrecen otras funcionalidades en nuestro sitio.<\/p>\n<\/p>\n<p>Cookies de perfil<\/p>\n<\/p>\n<p>Se utilizan para crear perfiles de usuario y se utilizan para enviar mensajes publicitarios de acuerdo con las preferencias expresadas por el usuario durante la navegaci\u00f3n. Las cookies de perfiles de origen no se utilizan en www.polygraf.it.<\/p>\n<\/p>\n<p>Cookies utilizadas en nuestro sitio web<\/p>\n<\/p>\n<p>El sitio web www.polygraf.it utiliza cookies t\u00e9cnicas, anal\u00edticas de origen, anal\u00edticas de terceros con poder identificador reducido y de elaboraci\u00f3n de perfiles de terceros. Respecto a las cookies t\u00e9cnicas, el titular no est\u00e1 obligado a solicitar el consentimiento del usuario para la instalaci\u00f3n de cookies t\u00e9cnicas, ya que son estrictamente necesarias para que el sitio funcione correctamente, mientras que para otro tipo de cookies el usuario puede expresar su consentimiento en nuestro sitio tal y como establece la legislaci\u00f3n vigente.<\/p>\n<\/p>\n<p>El consentimiento puede darse a trav\u00e9s de configuraciones espec\u00edficas del navegador utilizado para navegar y\/o a trav\u00e9s de programas inform\u00e1ticos de f\u00e1cil uso; ten en cuenta que puedes cambiar tus preferencias sobre cookies en cualquier momento; tambi\u00e9n es posible desactivar las cookies de tu navegador en cualquier momento, pero esto puede impedirte utilizar ciertas partes de nuestro sitio.<\/p>\n<\/p>\n<p>Activar\/desactivar cookies a trav\u00e9s del navegador<\/p>\n<\/p>\n<p>Hay diferentes formas de manejar las cookies y otras tecnolog\u00edas de rastreo; cambiando la configuraci\u00f3n de tu navegador, puedes aceptar o rechazar las cookies o decidir recibir un mensaje de advertencia antes de aceptar una cookie de los sitios web que visitas. Ten en cuenta que si desactivas completamente las cookies en tu navegador, es posible que no puedas utilizar todas las funciones interactivas de www.polygraf.it.<\/p>\n<\/p>\n<p>Es posible eliminar todas las cookies instaladas accediendo a la carpeta de cookies del navegador utilizado para navegar. Cada navegador tiene procedimientos diferentes para gestionar los ajustes. Haz clic en uno de los enlaces siguientes para obtener instrucciones espec\u00edficas.<\/p>\n<\/p>\n<p>Explorador de Windows de Microsoft<\/p>\n<\/p>\n<p>Google Chrome<\/p>\n<\/p>\n<p>Mozilla Firefox<\/p>\n<\/p>\n<p>Safari de Apple<\/p>\n<\/p>\n<p>Si utilizas un navegador distinto de los indicados anteriormente, selecciona \u00abcookies\u00bb en la secci\u00f3n correspondiente de la gu\u00eda para averiguar d\u00f3nde se encuentra la carpeta de cookies.<\/p>\n<\/p>\n<p>Eliminar cookies de Flash<\/p>\n<\/p>\n<p>Haz clic en el siguiente enlace para cambiar la configuraci\u00f3n de las cookies Flash.<\/p>\n<\/p>\n<p>Desactivar las cookies de Flash<\/p>\n<\/p>\n<p>Cookies instaladas<\/p>\n<\/p>\n<p>No se requiere el consentimiento previo del usuario para la instalaci\u00f3n de dichas cookies.<\/p>\n<\/p>\n<p>El sitio web www.polygraf.it tambi\u00e9n instala una serie de cookies de terceros, incluidas cookies de elaboraci\u00f3n de perfiles, que se activan haciendo clic en \u00abok\u00bb en el banner de la p\u00e1gina de inicio; a continuaci\u00f3n se enumeran las cookies de terceros y los enlaces correspondientes donde el usuario puede encontrar m\u00e1s informaci\u00f3n, as\u00ed como solicitar su desactivaci\u00f3n.<\/p>\n<\/p>\n<p>Google Analytics<\/p>\n<\/p>\n<p>Nuestro sitio utiliza Google Analytics con fines estad\u00edsticos. Se trata de un servicio, prestado por Google Inc., que recopila an\u00e1lisis estad\u00edsticos en forma agregada sobre el uso de nuestro sitio mediante el uso de cookies, que se depositan en el ordenador del usuario; cabe se\u00f1alar que, adem\u00e1s de las cookies, tambi\u00e9n se utiliza una etiqueta de p\u00edxel, tambi\u00e9n de Google Inc.<a href=\"http:\/\/www.google.it\/intl\/it\/policies\/privacy\/key-terms\/\">http:\/\/www.google.it\/intl\/it\/policies\/privacy\/key-terms\/)<\/a>. Los datos recogidos a trav\u00e9s de esta funci\u00f3n est\u00e1n a disposici\u00f3n de Google Inc. como se indica en la informaci\u00f3n disponible en <a href=\"https:\/\/developers.google.com\/analytics\/devguides\/collection\/analyticsjs\/cookie-usage\">https:\/\/developers.google.com\/analytics\/devguides\/collection\/analyticsjs\/cookie-usage;<\/a> la pol\u00edtica de privacidad de Google Inc., responsable del tratamiento de datos del servicio Google Analytics, est\u00e1 disponible en <a href=\"http:\/\/www.google.com\/intl\/en\/analytics\/privacyoverview.html\">http:\/\/www.google.com\/intl\/en\/analytics\/privacyoverview.html.<\/a>. Tal y como indica expresamente el Garante de la Privacidad con las \u00abAclaraciones relativas a la aplicaci\u00f3n de la legislaci\u00f3n sobre cookies\u00bb de 5 de junio de 2015, punto 2 (\u00abUso de cookies anal\u00edticas de terceros\u00bb), nuestro sitio, utilizando con fines meramente estad\u00edsticos cookies anal\u00edticas creadas y puestas a disposici\u00f3n por terceros, ha decidido hacer uso de la funci\u00f3n de anonimizaci\u00f3n de las IP de los usuarios proporcionada por Google Inc. tal y como se indica en la p\u00e1gina  <a href=\"https:\/\/support.google.com\/analytics\/answer\/2763052?hl=it\">https:\/\/support.google.com\/analytics\/answer\/2763052?hl=it<\/a>  y ha aceptado la enmienda de procesamiento de datos (Enmienda de Procesamiento de Datos de Google Analytics v20130906), puesta a disposici\u00f3n por Google Analytics en cumplimiento de la Directiva 95\/46\/CE, por la que Google Inc. se compromete a procesar los datos de acuerdo con las solicitudes del Cliente &#8211; Propietario y a no compartirlos con otros servicios adicionales a menos que el Propietario lo solicite a trav\u00e9s de la configuraci\u00f3n del servicio; con este fin, te informamos de que el Propietario de nuestro sitio no ha vinculado Google Analytics a ning\u00fan servicio adicional y que no se ha activado ninguna opci\u00f3n de publicidad o de intercambio de datos con Google Inc.., por lo que el servicio Google Analytics, utilizado por nuestro sitio \u00fanicamente con fines estad\u00edsticos, no requiere el consentimiento del usuario para liberar las cookies pertinentes; el complemento del navegador para desactivar Google Analytics est\u00e1 disponible en https:\/\/tools.google.com\/dlpage\/gaoptout?hl=it.<\/p>\n<\/p>\n<p>Enlaces y widgets de redes sociales<\/p>\n<\/p>\n<p>En el sitio existen enlaces y\/o widgets relativos a redes sociales (como Facebook, Twitter, Pinterest, &#8230;) que permiten al usuario que navega por nuestro sitio interactuar con un \u00abclic\u00bb directamente con las plataformas sociales; se trata de enlaces que remiten a la cuenta del titular en las redes sociales indicadas, por lo que no suponen una instalaci\u00f3n de cookies de terceros. A t\u00edtulo informativo, a continuaci\u00f3n se indican las p\u00e1ginas donde el usuario puede consultar la pol\u00edtica de privacidad de las redes sociales indicadas.<\/p>\n<\/p>\n<p><a href=\"https:\/\/support.twitter.com\/articles\/20170519-uso-dei-cookie-e-di-altre-tecnologie-simili-da-parte-di-twitter#\">https:\/\/support.twitter.com\/articles\/20170519-uso-dei-cookie-e-di-altre-tecnologie-simili-da-parte-di-twitter#<\/a><\/p>\n<\/p>\n<p><a href=\"https:\/\/www.facebook.com\/help\/cookies\">https:\/\/www.facebook.com\/help\/cookies<\/a><\/p>\n<\/p>\n<p><a href=\"https:\/\/about.pinterest.com\/it\/privacy-policy\">https:\/\/about.pinterest.com\/it\/privacy-policy<\/a><\/p>\n<\/p>\n<p>Twitter<\/p>\n<\/p>\n<p>Nuestro sitio incorpora el widget de Twitter que implica la instalaci\u00f3n de cookies, incluidas las cookies de elaboraci\u00f3n de perfiles (cookies de elaboraci\u00f3n de perfiles de terceros), por parte de Twitter Inc, pero el sitio en el que est\u00e1 instalado el widget no comparte ninguna informaci\u00f3n. La informaci\u00f3n sobre el servicio, as\u00ed como la forma de desactivar las cookies, est\u00e1 disponible en http:\/\/twitter.com\/privacy yhttps:\/\/support.twitter.com\/articles\/20170519-uso-dei-cookie-e-di-altre-tecnologie-simili-da-parte-di-twitter#.<\/p>\n<\/p>\n<p>Consideraciones finales<\/p>\n<\/p>\n<p>El tratamiento se lleva a cabo mediante herramientas automatizadas por el propietario del sitio en www.polygraf.it, sin ninguna difusi\u00f3n o comunicaci\u00f3n de los datos. A excepci\u00f3n de las cookies t\u00e9cnicas estrictamente necesarias para la navegaci\u00f3n normal, el suministro de datos se deja a la voluntad del usuario que decide navegar por nuestro sitio web tras haber le\u00eddo la breve informaci\u00f3n contenida en el banner correspondiente; el usuario puede evitar la instalaci\u00f3n de cookies manteniendo el banner y absteni\u00e9ndose de navegar o cerr\u00e1ndolo haciendo clic en el bot\u00f3n \u00abAceptar\u00bb o utilizando las funciones adecuadas disponibles en el navegador del dispositivo utilizado para la navegaci\u00f3n; cualquier continuaci\u00f3n de la navegaci\u00f3n en la misma p\u00e1gina web se califica como una acci\u00f3n positiva por parte del usuario y equivale al consentimiento para la instalaci\u00f3n de cookies.<\/p>\n<\/p>\n<p>El usuario puede eliminar\/desactivar las cookies que no sean estrictamente necesarias para la navegaci\u00f3n a trav\u00e9s de las funcionalidades disponibles con esta nota informativa ampliada o directamente a trav\u00e9s de su navegador, y para las cookies de terceros a trav\u00e9s de las funcionalidades indicadas en esta nota informativa que remiten a las p\u00e1ginas de informaci\u00f3n de las empresas de terceros.<\/p>\n<\/p>\n<p>Puedes encontrar informaci\u00f3n \u00fatil sobre las cookies de tu dispositivo, as\u00ed como la posibilidad de desactivarlas individualmente, en http:\/\/www.youronlinechoices.com\/it\/le-tue-scelte.<\/p>\n<\/p>\n<p>El interesado podr\u00e1 hacer valer en cualquier momento los derechos establecidos en el Art. 7 del Decreto Legislativo 196\/2003, como se indica en la p\u00e1gina de pol\u00edtica de privacidad de nuestro sitio.<\/p>\n<\/p>\n<p>Revocaci\u00f3n del consentimiento para el uso de cookies<\/p>\n<\/p>\n<p>Tienes derecho a revocar tu consentimiento para aceptar cookies en cualquier momento.<\/p>\n<\/p>\n<p>Para ello, simplemente haz clic en el bot\u00f3n \u00abRetirar el consentimiento de cookies\u00bb que aparece a continuaci\u00f3n.<\/p>\n<\/p>\n<p><a class=\"cky-banner-element\" href=\"#\">Configuraci\u00f3n de cookies y revocaci\u00f3n del consentimiento de cookies<\/a><\/p>\n\t\t\t\t\t\t\t\t<\/div>\n\t\t\t\t<\/div>\n\t\t\t\t\t<\/div>\n\t\t\t\t<\/div>\n\t\t\t\t<\/div>\n\t\t","protected":false},"excerpt":{"rendered":"<p>Pol\u00edtica de cookies &#8211; Pol\u00edtica ampliada Polygraf srl titular del tratamiento de datos personales en el sitio web informa a www.polygraf.it que utiliza cookies con el fin de hacer que nuestros servicios sean eficientes y f\u00e1ciles de usar, garantizando tambi\u00e9n el derecho a la autodeterminaci\u00f3n informada, de conformidad con los art\u00edculos 13 y 122 del [&hellip;]<\/p>\n","protected":false},"author":1,"featured_media":0,"parent":0,"menu_order":0,"comment_status":"closed","ping_status":"closed","template":"","meta":{"_acf_changed":false,"inline_featured_image":false,"footnotes":""},"prodotto":[],"class_list":["post-5083","page","type-page","status-publish","hentry"],"acf":[],"yoast_head":"<!-- This site is optimized with the Yoast SEO plugin v25.0 - https:\/\/yoast.com\/wordpress\/plugins\/seo\/ -->\n<title>Pol\u00edtica de cookies - Polygraf - stampa offset<\/title>\n<meta name=\"robots\" content=\"index, follow, max-snippet:-1, max-image-preview:large, max-video-preview:-1\" \/>\n<link rel=\"canonical\" href=\"https:\/\/www.polygraf.it\/es\/politica-de-cookies\/\" \/>\n<meta property=\"og:locale\" content=\"es_ES\" \/>\n<meta property=\"og:type\" content=\"article\" \/>\n<meta property=\"og:title\" content=\"Pol\u00edtica de cookies - Polygraf - stampa offset\" \/>\n<meta property=\"og:description\" content=\"Pol\u00edtica de cookies &#8211; Pol\u00edtica ampliada Polygraf srl titular del tratamiento de datos personales en el sitio web informa a www.polygraf.it que utiliza cookies con el fin de hacer que nuestros servicios sean eficientes y f\u00e1ciles de usar, garantizando tambi\u00e9n el derecho a la autodeterminaci\u00f3n informada, de conformidad con los art\u00edculos 13 y 122 del [&hellip;]\" \/>\n<meta property=\"og:url\" content=\"https:\/\/www.polygraf.it\/es\/politica-de-cookies\/\" \/>\n<meta property=\"og:site_name\" content=\"Polygraf - stampa offset\" \/>\n<meta property=\"article:modified_time\" content=\"2024-05-03T13:04:37+00:00\" \/>\n<meta name=\"twitter:card\" content=\"summary_large_image\" \/>\n<meta name=\"twitter:label1\" content=\"Tiempo de lectura\" \/>\n\t<meta name=\"twitter:data1\" content=\"10 minutos\" \/>\n<script type=\"application\/ld+json\" class=\"yoast-schema-graph\">{\"@context\":\"https:\/\/schema.org\",\"@graph\":[{\"@type\":\"WebPage\",\"@id\":\"https:\/\/www.polygraf.it\/es\/politica-de-cookies\/\",\"url\":\"https:\/\/www.polygraf.it\/es\/politica-de-cookies\/\",\"name\":\"Pol\u00edtica de cookies - Polygraf - stampa offset\",\"isPartOf\":{\"@id\":\"https:\/\/www.polygraf.it\/es\/#website\"},\"datePublished\":\"2024-04-11T07:27:53+00:00\",\"dateModified\":\"2024-05-03T13:04:37+00:00\",\"breadcrumb\":{\"@id\":\"https:\/\/www.polygraf.it\/es\/politica-de-cookies\/#breadcrumb\"},\"inLanguage\":\"es\",\"potentialAction\":[{\"@type\":\"ReadAction\",\"target\":[\"https:\/\/www.polygraf.it\/es\/politica-de-cookies\/\"]}]},{\"@type\":\"BreadcrumbList\",\"@id\":\"https:\/\/www.polygraf.it\/es\/politica-de-cookies\/#breadcrumb\",\"itemListElement\":[{\"@type\":\"ListItem\",\"position\":1,\"name\":\"Home\",\"item\":\"https:\/\/www.polygraf.it\/es\/inicio\/\"},{\"@type\":\"ListItem\",\"position\":2,\"name\":\"Pol\u00edtica de cookies\"}]},{\"@type\":\"WebSite\",\"@id\":\"https:\/\/www.polygraf.it\/es\/#website\",\"url\":\"https:\/\/www.polygraf.it\/es\/\",\"name\":\"Polygraf - stampa offset\",\"description\":\"\",\"potentialAction\":[{\"@type\":\"SearchAction\",\"target\":{\"@type\":\"EntryPoint\",\"urlTemplate\":\"https:\/\/www.polygraf.it\/es\/?s={search_term_string}\"},\"query-input\":{\"@type\":\"PropertyValueSpecification\",\"valueRequired\":true,\"valueName\":\"search_term_string\"}}],\"inLanguage\":\"es\"}]}<\/script>\n<!-- \/ Yoast SEO plugin. -->","yoast_head_json":{"title":"Pol\u00edtica de cookies - Polygraf - stampa offset","robots":{"index":"index","follow":"follow","max-snippet":"max-snippet:-1","max-image-preview":"max-image-preview:large","max-video-preview":"max-video-preview:-1"},"canonical":"https:\/\/www.polygraf.it\/es\/politica-de-cookies\/","og_locale":"es_ES","og_type":"article","og_title":"Pol\u00edtica de cookies - Polygraf - stampa offset","og_description":"Pol\u00edtica de cookies &#8211; Pol\u00edtica ampliada Polygraf srl titular del tratamiento de datos personales en el sitio web informa a www.polygraf.it que utiliza cookies con el fin de hacer que nuestros servicios sean eficientes y f\u00e1ciles de usar, garantizando tambi\u00e9n el derecho a la autodeterminaci\u00f3n informada, de conformidad con los art\u00edculos 13 y 122 del [&hellip;]","og_url":"https:\/\/www.polygraf.it\/es\/politica-de-cookies\/","og_site_name":"Polygraf - stampa offset","article_modified_time":"2024-05-03T13:04:37+00:00","twitter_card":"summary_large_image","twitter_misc":{"Tiempo de lectura":"10 minutos"},"schema":{"@context":"https:\/\/schema.org","@graph":[{"@type":"WebPage","@id":"https:\/\/www.polygraf.it\/es\/politica-de-cookies\/","url":"https:\/\/www.polygraf.it\/es\/politica-de-cookies\/","name":"Pol\u00edtica de cookies - Polygraf - stampa offset","isPartOf":{"@id":"https:\/\/www.polygraf.it\/es\/#website"},"datePublished":"2024-04-11T07:27:53+00:00","dateModified":"2024-05-03T13:04:37+00:00","breadcrumb":{"@id":"https:\/\/www.polygraf.it\/es\/politica-de-cookies\/#breadcrumb"},"inLanguage":"es","potentialAction":[{"@type":"ReadAction","target":["https:\/\/www.polygraf.it\/es\/politica-de-cookies\/"]}]},{"@type":"BreadcrumbList","@id":"https:\/\/www.polygraf.it\/es\/politica-de-cookies\/#breadcrumb","itemListElement":[{"@type":"ListItem","position":1,"name":"Home","item":"https:\/\/www.polygraf.it\/es\/inicio\/"},{"@type":"ListItem","position":2,"name":"Pol\u00edtica de cookies"}]},{"@type":"WebSite","@id":"https:\/\/www.polygraf.it\/es\/#website","url":"https:\/\/www.polygraf.it\/es\/","name":"Polygraf - stampa offset","description":"","potentialAction":[{"@type":"SearchAction","target":{"@type":"EntryPoint","urlTemplate":"https:\/\/www.polygraf.it\/es\/?s={search_term_string}"},"query-input":{"@type":"PropertyValueSpecification","valueRequired":true,"valueName":"search_term_string"}}],"inLanguage":"es"}]}},"_links":{"self":[{"href":"https:\/\/www.polygraf.it\/es\/wp-json\/wp\/v2\/pages\/5083","targetHints":{"allow":["GET"]}}],"collection":[{"href":"https:\/\/www.polygraf.it\/es\/wp-json\/wp\/v2\/pages"}],"about":[{"href":"https:\/\/www.polygraf.it\/es\/wp-json\/wp\/v2\/types\/page"}],"author":[{"embeddable":true,"href":"https:\/\/www.polygraf.it\/es\/wp-json\/wp\/v2\/users\/1"}],"replies":[{"embeddable":true,"href":"https:\/\/www.polygraf.it\/es\/wp-json\/wp\/v2\/comments?post=5083"}],"version-history":[{"count":2,"href":"https:\/\/www.polygraf.it\/es\/wp-json\/wp\/v2\/pages\/5083\/revisions"}],"predecessor-version":[{"id":5554,"href":"https:\/\/www.polygraf.it\/es\/wp-json\/wp\/v2\/pages\/5083\/revisions\/5554"}],"wp:attachment":[{"href":"https:\/\/www.polygraf.it\/es\/wp-json\/wp\/v2\/media?parent=5083"}],"wp:term":[{"taxonomy":"prodotto","embeddable":true,"href":"https:\/\/www.polygraf.it\/es\/wp-json\/wp\/v2\/prodotto?post=5083"}],"curies":[{"name":"wp","href":"https:\/\/api.w.org\/{rel}","templated":true}]}}