{"id":5263,"date":"2024-04-10T06:38:34","date_gmt":"2024-04-10T06:38:34","guid":{"rendered":"https:\/\/www.polygraf.it\/?page_id=5263"},"modified":"2024-05-03T13:07:25","modified_gmt":"2024-05-03T13:07:25","slug":"datenschutzbestimmungen","status":"publish","type":"page","link":"https:\/\/www.polygraf.it\/de\/datenschutzbestimmungen\/","title":{"rendered":"Datenschutzbestimmungen"},"content":{"rendered":"\t\t<div data-elementor-type=\"wp-page\" data-elementor-id=\"5263\" class=\"elementor elementor-5263 elementor-3\" data-elementor-post-type=\"page\">\n\t\t\t\t<div class=\"elementor-element elementor-element-edc29d8 e-flex e-con-boxed e-con e-parent\" data-id=\"edc29d8\" data-element_type=\"container\">\n\t\t\t\t\t<div class=\"e-con-inner\">\n\t\t\t\t<div class=\"elementor-element elementor-element-cef15b5 elementor-widget elementor-widget-text-editor\" data-id=\"cef15b5\" data-element_type=\"widget\" data-widget_type=\"text-editor.default\">\n\t\t\t\t<div class=\"elementor-widget-container\">\n\t\t\t\t\t\t\t\t\t\n<p>Der Schutz Ihrer Privatsph\u00e4re ist eines unserer wichtigsten Ziele!<\/p>\n\n<p>Dieses Dokument erm\u00f6glicht es Ihnen, sich mit unserer Datenschutzpolitik vertraut zu machen, um zu verstehen, wie Ihre pers\u00f6nlichen Daten behandelt werden, wenn Sie unsere Dienste nutzen, und um Ihnen gegebenenfalls die M\u00f6glichkeit zu geben, Ihre ausdr\u00fcckliche und informierte Zustimmung zur Verarbeitung Ihrer pers\u00f6nlichen Daten in den Bereichen der Website zu geben, in denen Sie zur Angabe pers\u00f6nlicher Daten aufgefordert werden.<\/p>\n\n<p>Wir m\u00f6chten Sie daran erinnern, dass in den verschiedenen Bereichen unserer Website (im Folgenden &#8222;Website&#8220; genannt), in denen wir Ihre personenbezogenen Daten erfassen, spezifische Informationen gem\u00e4\u00df Art. 13 der Verordnung (EU) 2016\/679 (im Folgenden: &#8222;Verordnung&#8220;) f\u00fcr die notwendige Best\u00e4tigung vor der Bereitstellung der angeforderten Daten.<\/p>\n\n<p>Die von Ihnen zur Verf\u00fcgung gestellten oder anderweitig erworbenen Informationen und Daten im Rahmen Ihrer Registrierung f\u00fcr die verschiedenen Dienste (wie z.B.: Informationsanforderung, Beratung, Newsletter-Registrierung, Online- und Offline-Marketing- und Kommunikationsaktivit\u00e4ten, Teilnahme an Veranstaltungen, Presse- und PR-Aktivit\u00e4ten, kommerzielle Kommunikation usw., im Folgenden zusammenfassend als &#8222;Dienste&#8220; bezeichnet) werden unter Einhaltung der Bestimmungen der Verordnung und der Vertraulichkeitsverpflichtungen, die unserer T\u00e4tigkeit zugrunde liegen, verarbeitet.<\/p>\n\n<p>Gem\u00e4\u00df der Allgemeinen Datenschutzverordnung &#8211; EU-Verordnung 2016\/679 (Datenschutzkodex) basiert die Verarbeitung der Sie betreffenden Informationen auf den Grunds\u00e4tzen der Rechtm\u00e4\u00dfigkeit, Fairness, Transparenz, Zweckbindung und Speicherung, Datenminimierung, Genauigkeit, Integrit\u00e4t und Vertraulichkeit.<\/p>\n\n<p><strong>Polygraf srl<\/strong>  (f\u00fcr die Verarbeitung Verantwortlicher) gem\u00e4\u00df Artikel 13 der Allgemeinen Datenschutzverordnung &#8211; Verordnung (EU) 2016\/679 stellt Ihnen daher die folgenden Informationen \u00fcber die Verarbeitung personenbezogener Daten zur Verf\u00fcgung, die f\u00fcr die Nutzung der vom f\u00fcr die Verarbeitung Verantwortlichen angebotenen Dienste und der Website www.polygraf.it und aller ihrer Subdomains (im Folgenden als Website bezeichnet) bereitgestellt werden.<\/p>\n\n<p>A) Zwecke der Verarbeitung:<\/p>\n\n<p>Gem\u00e4\u00df der Verordnung werden die gesammelten personenbezogenen Daten von dem f\u00fcr die Datenverarbeitung Verantwortlichen mittels automatisierter Speicherung im Computersystem f\u00fcr Zwecke im Zusammenhang mit den Aktivit\u00e4ten und Dienstleistungen des f\u00fcr die Datenverarbeitung Verantwortlichen verarbeitet:<\/p>\n\n<p>1.1. um Sie bei der Nutzung der Dienste zu unterst\u00fctzen und ganz allgemein f\u00fcr die Verwaltung der Dienste;<\/p>\n\n<p>1.2. um Ihnen Mitteilungen \u00fcber die Nutzung der Dienste zukommen zu lassen;<\/p>\n\n<p>1.3. um Ihnen kommerzielle Mitteilungen in Bezug auf die Aktivit\u00e4ten des f\u00fcr die Datenverarbeitung Verantwortlichen zu senden;<\/p>\n\n<p>1.4. nur mit Ihrer ausdr\u00fccklichen Zustimmung, um Ihnen kommerzielle Mitteilungen \u00fcber die Aktivit\u00e4ten von Dritten zu senden. Wenn dies nicht mitgeteilt wird, gilt es als NICHT gew\u00e4hrt.<\/p>\n\n<p>B) Obligatorischer oder fakultativer Charakter der Daten\u00fcbermittlung und Folgen einer Weigerung<\/p>\n\n<p>Die Rechtsgrundlage f\u00fcr die Verarbeitung personenbezogener Daten f\u00fcr die in Abschnitt 3 (a-b-c) genannten Zwecke ist Art. 6(1)(b) der Verordnung, da die Verarbeitung f\u00fcr die Erbringung der vertraglich vereinbarten Dienstleistungen erforderlich ist. Die Bereitstellung von pers\u00f6nlichen Daten f\u00fcr diese Zwecke ist optional, aber die Nichtbereitstellung w\u00fcrde dazu f\u00fchren, dass die angeforderten Dienste nicht aktiviert werden k\u00f6nnen.<br>Der in Abschnitt 3(d) genannte Zweck ist eine rechtm\u00e4\u00dfige Verarbeitung personenbezogener Daten im Sinne von Artikel 6(1)(c) der Verordnung. Sobald personenbezogene Daten zur Verf\u00fcgung gestellt wurden, kann die Verarbeitung in der Tat erforderlich sein, um rechtlichen Verpflichtungen nachzukommen.<\/p>\n\n<p>Die Angabe von Daten ist daher fakultativ, aber eine Verweigerung kann dazu f\u00fchren, dass der Zugang zu den von dieser Website angebotenen Diensten nicht m\u00f6glich ist.<\/p>\n\n<p>C) Personen, an die Daten weitergegeben werden d\u00fcrfen &#8211; Umfang der Datenweitergabe<\/p>\n\n<p>Die von Ihnen zur Verf\u00fcgung gestellten pers\u00f6nlichen Daten d\u00fcrfen ausschlie\u00dflich an folgende Stellen weitergegeben werden:<\/p>\n\n<p>4.1. assoziierte Unternehmen oder Tochtergesellschaften, die Teil unserer Gruppe sind, f\u00fcr die Verfolgung der gleichen Zwecke, f\u00fcr die die Daten erhoben wurden;<\/p>\n\n<p>4.2. \u00f6ffentliche oder private Einrichtungen zur Erf\u00fcllung von Verpflichtungen aus der Satzung, dem Gesetz oder EU-Verordnungen;<\/p>\n\n<p>4.3. einige Ihrer pers\u00f6nlichen Daten k\u00f6nnen an Empf\u00e4nger au\u00dferhalb des Europ\u00e4ischen Wirtschaftsraums weitergegeben werden. Wir stellen sicher, dass die Verarbeitung personenbezogener Daten durch diese Empf\u00e4nger in \u00dcbereinstimmung mit der Verordnung erfolgt. \u00dcberweisungen k\u00f6nnen n\u00e4mlich auf der Grundlage eines Angemessenheitsbeschlusses oder auf der Grundlage von Standardvertragsklauseln erfolgen, die von der Europ\u00e4ischen Kommission genehmigt wurden. Weitere Informationen erhalten Sie von dem f\u00fcr die Datenverarbeitung Verantwortlichen.<\/p>\n\n<p>D) Rechte der betroffenen Person gem\u00e4\u00df den Artikeln 15, 18, 20 und 77 der Verordnung<\/p>\n\n<p>5.1. das Recht, eine Best\u00e4tigung \u00fcber das Vorhandensein oder Nichtvorhandensein der ihn betreffenden personenbezogenen Daten zu erhalten, auch wenn diese noch nicht gespeichert sind, sowie deren Mitteilung in verst\u00e4ndlicher Form;<\/p>\n\n<p>5.2 das Recht auf Auskunft \u00fcber die Herkunft der personenbezogenen Daten (Artikel 15), den Zweck und die Modalit\u00e4ten der Verarbeitung, die angewandte Logik im Falle einer Verarbeitung mit Hilfe elektronischer Mittel, die Kontaktdaten des Inhabers der Datenverarbeitung, der Verantwortlichen und des benannten Vertreters, der Personen oder Kategorien von Personen, denen die personenbezogenen Daten mitgeteilt werden k\u00f6nnen oder die in ihrer Eigenschaft als benannter Vertreter im Staatsgebiet davon Kenntnis erlangen k\u00f6nnen, der Verantwortlichen oder der Verantwortlichen f\u00fcr die Verarbeitung.<\/p>\n\n<p>5.3. das Recht auf Aktualisierung, Berichtigung oder Erg\u00e4nzung der Daten sowie deren L\u00f6schung, Umwandlung in anonyme Form oder Sperrung, wenn die Verarbeitung gegen das Gesetz verst\u00f6\u00dft, einschlie\u00dflich der Daten, deren Speicherung f\u00fcr die Zwecke, f\u00fcr die die Daten erhoben oder sp\u00e4ter verarbeitet wurden, nicht erforderlich ist;<\/p>\n\n<p>5.4. das Recht, der Verarbeitung der ihn betreffenden personenbezogenen Daten zum Zwecke der Zusendung von Werbung oder Direktverkaufsmaterial oder zur Durchf\u00fchrung von Marktforschung oder kommerzieller Kommunikation zu widersprechen.<\/p>\n\n<p>5.5. das Recht auf Beschwerde bei der Aufsichtsbeh\u00f6rde (Datenschutzbeh\u00f6rde), gem\u00e4\u00df Art. 77 der Verordnung, wenn er der Ansicht ist, dass die Verarbeitung seiner Daten im Widerspruch zu den geltenden Rechtsvorschriften steht.<\/p>\n\n<p>5.6. das Recht, von dem f\u00fcr die Verarbeitung Verantwortlichen jederzeit Auskunft \u00fcber seine personenbezogenen Daten zu verlangen, sie zu berichtigen oder zu l\u00f6schen oder ihrer Verarbeitung zu widersprechen; er hat das Recht, die Einschr\u00e4nkung der Verarbeitung in den F\u00e4llen gem\u00e4\u00df Art. 18 der Verordnung, sowie in den F\u00e4llen des Art. 20 der Verordnung.<\/p>\n\n<p>E) Rechtsgrundlage der Verarbeitung<\/p>\n\n<p>Wir informieren die Nutzer der Website, dass die Rechtsgrundlage f\u00fcr die Datenverarbeitung die italienische Nation (Teil der Europ\u00e4ischen Gemeinschaft) ist;<\/p>\n\n<p>F) Dauer der Datenspeicherung<\/p>\n\n<p>Die verarbeiteten personenbezogenen Daten werden nur so lange aufbewahrt, wie es zur Erreichung dieser Zwecke unbedingt erforderlich ist. Da die Verarbeitung f\u00fcr die Erbringung von Dienstleistungen erfolgt, werden wir die personenbezogenen Daten in jedem Fall so lange verarbeiten, wie es das italienische Recht zum Schutz seiner Interessen zul\u00e4sst (Art. 2946 c.c. et seq.).<\/p>\n\n<p>Personenbezogene Daten, die f\u00fcr die in Abschnitt A aufgef\u00fchrten Zwecke verarbeitet werden, werden so lange aufbewahrt, wie es die jeweils geltende Verpflichtung oder Rechtsvorschrift erfordert. So werden beispielsweise, wie bereits erw\u00e4hnt, Verkehrsdaten f\u00fcr die Zwecke der Justiz sieben Jahre nach ihrer Erstellung aufbewahrt; ansonsten werden sie drei Jahre lang aufbewahrt.<\/p>\n\n<p>Ihre pers\u00f6nlichen Daten werden zu Informationszwecken (Abschnitt A 1.3) verwendet, bis Sie Ihre Zustimmung zur\u00fcckziehen oder bis zu drei Jahre, nachdem Sie nicht mehr unser Kunde sind oder sich lediglich auf der Website registriert haben und keine Produkte oder Dienstleistungen gekauft haben. Dies gilt jedoch unbeschadet der M\u00f6glichkeit, dass wir Ihre pers\u00f6nlichen Daten so lange aufbewahren, wie es das italienische Recht zum Schutz Ihrer Interessen erlaubt (Art. 2947(1)(3) c.c.). Weitere Informationen \u00fcber die Aufbewahrungsfrist f\u00fcr Daten und die Kriterien, die zur Bestimmung dieser Frist herangezogen werden, erhalten Sie, wenn Sie sich schriftlich an den Data Protection Officer wenden.<\/p>\n\n<p>G) Datenverantwortlicher und -verarbeiter<\/p>\n\n<p>Der Inhaber der Datenverarbeitung ist Polygraf srl, via dell&#8217;Edilizia, 23 36100 (Vicenza) Italien.<\/p>\n\n<p>H) Modifikationen<\/p>\n\n<p>Diese Datenschutzrichtlinie gilt ab dem 25. Mai 2018. Wir behalten uns das Recht vor, den Inhalt ganz oder teilweise zu \u00e4ndern oder einfach zu aktualisieren, auch aufgrund von \u00c4nderungen der geltenden Gesetzgebung. Wenn \u00c4nderungen dieser Richtlinie wesentliche \u00c4nderungen in der Verarbeitung betreffen oder anderweitig wesentliche Auswirkungen auf die betroffenen Personen haben k\u00f6nnen, werden wir darauf achten, die betroffenen Personen entsprechend zu informieren.<\/p>\n\t\t\t\t\t\t\t\t<\/div>\n\t\t\t\t<\/div>\n\t\t\t\t\t<\/div>\n\t\t\t\t<\/div>\n\t\t\t\t<\/div>\n\t\t","protected":false},"excerpt":{"rendered":"<p>Der Schutz Ihrer Privatsph\u00e4re ist eines unserer wichtigsten Ziele! Dieses Dokument erm\u00f6glicht es Ihnen, sich mit unserer Datenschutzpolitik vertraut zu machen, um zu verstehen, wie Ihre pers\u00f6nlichen Daten behandelt werden, wenn Sie unsere Dienste nutzen, und um Ihnen gegebenenfalls die M\u00f6glichkeit zu geben, Ihre ausdr\u00fcckliche und informierte Zustimmung zur Verarbeitung Ihrer pers\u00f6nlichen Daten in den [&hellip;]<\/p>\n","protected":false},"author":1,"featured_media":0,"parent":0,"menu_order":0,"comment_status":"closed","ping_status":"closed","template":"","meta":{"_acf_changed":false,"inline_featured_image":false,"footnotes":""},"prodotto":[],"class_list":["post-5263","page","type-page","status-publish","hentry"],"acf":[],"yoast_head":"<!-- This site is optimized with the Yoast SEO plugin v25.0 - https:\/\/yoast.com\/wordpress\/plugins\/seo\/ -->\n<title>Datenschutzbestimmungen - Polygraf - stampa offset<\/title>\n<meta name=\"robots\" content=\"index, follow, max-snippet:-1, max-image-preview:large, max-video-preview:-1\" \/>\n<link rel=\"canonical\" href=\"https:\/\/www.polygraf.it\/de\/datenschutzbestimmungen\/\" \/>\n<meta property=\"og:locale\" content=\"de_DE\" \/>\n<meta property=\"og:type\" content=\"article\" \/>\n<meta property=\"og:title\" content=\"Datenschutzbestimmungen - Polygraf - stampa offset\" \/>\n<meta property=\"og:description\" content=\"Der Schutz Ihrer Privatsph\u00e4re ist eines unserer wichtigsten Ziele! Dieses Dokument erm\u00f6glicht es Ihnen, sich mit unserer Datenschutzpolitik vertraut zu machen, um zu verstehen, wie Ihre pers\u00f6nlichen Daten behandelt werden, wenn Sie unsere Dienste nutzen, und um Ihnen gegebenenfalls die M\u00f6glichkeit zu geben, Ihre ausdr\u00fcckliche und informierte Zustimmung zur Verarbeitung Ihrer pers\u00f6nlichen Daten in den [&hellip;]\" \/>\n<meta property=\"og:url\" content=\"https:\/\/www.polygraf.it\/de\/datenschutzbestimmungen\/\" \/>\n<meta property=\"og:site_name\" content=\"Polygraf - stampa offset\" \/>\n<meta property=\"article:modified_time\" content=\"2024-05-03T13:07:25+00:00\" \/>\n<meta name=\"twitter:card\" content=\"summary_large_image\" \/>\n<meta name=\"twitter:label1\" content=\"Gesch\u00e4tzte Lesezeit\" \/>\n\t<meta name=\"twitter:data1\" content=\"6\u00a0Minuten\" \/>\n<script type=\"application\/ld+json\" class=\"yoast-schema-graph\">{\"@context\":\"https:\/\/schema.org\",\"@graph\":[{\"@type\":\"WebPage\",\"@id\":\"https:\/\/www.polygraf.it\/de\/datenschutzbestimmungen\/\",\"url\":\"https:\/\/www.polygraf.it\/de\/datenschutzbestimmungen\/\",\"name\":\"Datenschutzbestimmungen - Polygraf - stampa offset\",\"isPartOf\":{\"@id\":\"https:\/\/www.polygraf.it\/de\/#website\"},\"datePublished\":\"2024-04-10T06:38:34+00:00\",\"dateModified\":\"2024-05-03T13:07:25+00:00\",\"breadcrumb\":{\"@id\":\"https:\/\/www.polygraf.it\/de\/datenschutzbestimmungen\/#breadcrumb\"},\"inLanguage\":\"de\",\"potentialAction\":[{\"@type\":\"ReadAction\",\"target\":[\"https:\/\/www.polygraf.it\/de\/datenschutzbestimmungen\/\"]}]},{\"@type\":\"BreadcrumbList\",\"@id\":\"https:\/\/www.polygraf.it\/de\/datenschutzbestimmungen\/#breadcrumb\",\"itemListElement\":[{\"@type\":\"ListItem\",\"position\":1,\"name\":\"Home\",\"item\":\"https:\/\/www.polygraf.it\/de\/startseite\/\"},{\"@type\":\"ListItem\",\"position\":2,\"name\":\"Datenschutzbestimmungen\"}]},{\"@type\":\"WebSite\",\"@id\":\"https:\/\/www.polygraf.it\/de\/#website\",\"url\":\"https:\/\/www.polygraf.it\/de\/\",\"name\":\"Polygraf - stampa offset\",\"description\":\"\",\"potentialAction\":[{\"@type\":\"SearchAction\",\"target\":{\"@type\":\"EntryPoint\",\"urlTemplate\":\"https:\/\/www.polygraf.it\/de\/?s={search_term_string}\"},\"query-input\":{\"@type\":\"PropertyValueSpecification\",\"valueRequired\":true,\"valueName\":\"search_term_string\"}}],\"inLanguage\":\"de\"}]}<\/script>\n<!-- \/ Yoast SEO plugin. -->","yoast_head_json":{"title":"Datenschutzbestimmungen - Polygraf - stampa offset","robots":{"index":"index","follow":"follow","max-snippet":"max-snippet:-1","max-image-preview":"max-image-preview:large","max-video-preview":"max-video-preview:-1"},"canonical":"https:\/\/www.polygraf.it\/de\/datenschutzbestimmungen\/","og_locale":"de_DE","og_type":"article","og_title":"Datenschutzbestimmungen - Polygraf - stampa offset","og_description":"Der Schutz Ihrer Privatsph\u00e4re ist eines unserer wichtigsten Ziele! Dieses Dokument erm\u00f6glicht es Ihnen, sich mit unserer Datenschutzpolitik vertraut zu machen, um zu verstehen, wie Ihre pers\u00f6nlichen Daten behandelt werden, wenn Sie unsere Dienste nutzen, und um Ihnen gegebenenfalls die M\u00f6glichkeit zu geben, Ihre ausdr\u00fcckliche und informierte Zustimmung zur Verarbeitung Ihrer pers\u00f6nlichen Daten in den [&hellip;]","og_url":"https:\/\/www.polygraf.it\/de\/datenschutzbestimmungen\/","og_site_name":"Polygraf - stampa offset","article_modified_time":"2024-05-03T13:07:25+00:00","twitter_card":"summary_large_image","twitter_misc":{"Gesch\u00e4tzte Lesezeit":"6\u00a0Minuten"},"schema":{"@context":"https:\/\/schema.org","@graph":[{"@type":"WebPage","@id":"https:\/\/www.polygraf.it\/de\/datenschutzbestimmungen\/","url":"https:\/\/www.polygraf.it\/de\/datenschutzbestimmungen\/","name":"Datenschutzbestimmungen - Polygraf - stampa offset","isPartOf":{"@id":"https:\/\/www.polygraf.it\/de\/#website"},"datePublished":"2024-04-10T06:38:34+00:00","dateModified":"2024-05-03T13:07:25+00:00","breadcrumb":{"@id":"https:\/\/www.polygraf.it\/de\/datenschutzbestimmungen\/#breadcrumb"},"inLanguage":"de","potentialAction":[{"@type":"ReadAction","target":["https:\/\/www.polygraf.it\/de\/datenschutzbestimmungen\/"]}]},{"@type":"BreadcrumbList","@id":"https:\/\/www.polygraf.it\/de\/datenschutzbestimmungen\/#breadcrumb","itemListElement":[{"@type":"ListItem","position":1,"name":"Home","item":"https:\/\/www.polygraf.it\/de\/startseite\/"},{"@type":"ListItem","position":2,"name":"Datenschutzbestimmungen"}]},{"@type":"WebSite","@id":"https:\/\/www.polygraf.it\/de\/#website","url":"https:\/\/www.polygraf.it\/de\/","name":"Polygraf - stampa offset","description":"","potentialAction":[{"@type":"SearchAction","target":{"@type":"EntryPoint","urlTemplate":"https:\/\/www.polygraf.it\/de\/?s={search_term_string}"},"query-input":{"@type":"PropertyValueSpecification","valueRequired":true,"valueName":"search_term_string"}}],"inLanguage":"de"}]}},"_links":{"self":[{"href":"https:\/\/www.polygraf.it\/de\/wp-json\/wp\/v2\/pages\/5263","targetHints":{"allow":["GET"]}}],"collection":[{"href":"https:\/\/www.polygraf.it\/de\/wp-json\/wp\/v2\/pages"}],"about":[{"href":"https:\/\/www.polygraf.it\/de\/wp-json\/wp\/v2\/types\/page"}],"author":[{"embeddable":true,"href":"https:\/\/www.polygraf.it\/de\/wp-json\/wp\/v2\/users\/1"}],"replies":[{"embeddable":true,"href":"https:\/\/www.polygraf.it\/de\/wp-json\/wp\/v2\/comments?post=5263"}],"version-history":[{"count":2,"href":"https:\/\/www.polygraf.it\/de\/wp-json\/wp\/v2\/pages\/5263\/revisions"}],"predecessor-version":[{"id":5561,"href":"https:\/\/www.polygraf.it\/de\/wp-json\/wp\/v2\/pages\/5263\/revisions\/5561"}],"wp:attachment":[{"href":"https:\/\/www.polygraf.it\/de\/wp-json\/wp\/v2\/media?parent=5263"}],"wp:term":[{"taxonomy":"prodotto","embeddable":true,"href":"https:\/\/www.polygraf.it\/de\/wp-json\/wp\/v2\/prodotto?post=5263"}],"curies":[{"name":"wp","href":"https:\/\/api.w.org\/{rel}","templated":true}]}}