{"id":5127,"date":"2024-04-11T07:07:49","date_gmt":"2024-04-11T07:07:49","guid":{"rendered":"https:\/\/www.polygraf.it\/hybrider-druck\/"},"modified":"2024-04-11T07:07:49","modified_gmt":"2024-04-11T07:07:49","slug":"hybrider-druck","status":"publish","type":"page","link":"https:\/\/www.polygraf.it\/de\/hybrider-druck\/","title":{"rendered":"Hybrider Druck"},"content":{"rendered":"","protected":false},"excerpt":{"rendered":"","protected":false},"author":1,"featured_media":0,"parent":0,"menu_order":0,"comment_status":"closed","ping_status":"closed","template":"","meta":{"_acf_changed":false,"inline_featured_image":false,"footnotes":""},"prodotto":[5],"class_list":["post-5127","page","type-page","status-publish","hentry","prodotto-si"],"acf":[],"yoast_head":"<!-- This site is optimized with the Yoast SEO plugin v25.0 - https:\/\/yoast.com\/wordpress\/plugins\/seo\/ -->\n<title>Hybriddruck - UV-Druck f\u00fcr au\u00dfergew\u00f6hnliche und vielseitige Inline-Effekte<\/title>\n<meta name=\"description\" content=\"Der Hybriddruck ist ein \u00e4u\u00dferst kosteneffizientes, vielseitiges und hochwertiges Inline-Finishing-Verfahren\" \/>\n<meta name=\"robots\" content=\"index, follow, max-snippet:-1, max-image-preview:large, max-video-preview:-1\" \/>\n<link rel=\"canonical\" href=\"https:\/\/www.polygraf.it\/de\/hybrider-druck\/\" \/>\n<meta property=\"og:locale\" content=\"de_DE\" \/>\n<meta property=\"og:type\" content=\"article\" \/>\n<meta property=\"og:title\" content=\"Hybriddruck - UV-Druck f\u00fcr au\u00dfergew\u00f6hnliche und vielseitige Inline-Effekte\" \/>\n<meta property=\"og:description\" content=\"Der Hybriddruck ist ein \u00e4u\u00dferst kosteneffizientes, vielseitiges und hochwertiges Inline-Finishing-Verfahren\" \/>\n<meta property=\"og:url\" content=\"https:\/\/www.polygraf.it\/de\/hybrider-druck\/\" \/>\n<meta property=\"og:site_name\" content=\"Polygraf - stampa offset\" \/>\n<meta name=\"twitter:card\" content=\"summary_large_image\" \/>\n<script type=\"application\/ld+json\" class=\"yoast-schema-graph\">{\"@context\":\"https:\/\/schema.org\",\"@graph\":[{\"@type\":\"WebPage\",\"@id\":\"https:\/\/www.polygraf.it\/de\/hybrider-druck\/\",\"url\":\"https:\/\/www.polygraf.it\/de\/hybrider-druck\/\",\"name\":\"Hybriddruck - UV-Druck f\u00fcr au\u00dfergew\u00f6hnliche und vielseitige Inline-Effekte\",\"isPartOf\":{\"@id\":\"https:\/\/www.polygraf.it\/de\/#website\"},\"datePublished\":\"2024-04-11T07:07:49+00:00\",\"description\":\"Der Hybriddruck ist ein \u00e4u\u00dferst kosteneffizientes, vielseitiges und hochwertiges Inline-Finishing-Verfahren\",\"breadcrumb\":{\"@id\":\"https:\/\/www.polygraf.it\/de\/hybrider-druck\/#breadcrumb\"},\"inLanguage\":\"de\",\"potentialAction\":[{\"@type\":\"ReadAction\",\"target\":[\"https:\/\/www.polygraf.it\/de\/hybrider-druck\/\"]}]},{\"@type\":\"BreadcrumbList\",\"@id\":\"https:\/\/www.polygraf.it\/de\/hybrider-druck\/#breadcrumb\",\"itemListElement\":[{\"@type\":\"ListItem\",\"position\":1,\"name\":\"Home\",\"item\":\"https:\/\/www.polygraf.it\/de\/startseite\/\"},{\"@type\":\"ListItem\",\"position\":2,\"name\":\"Hybrider Druck\"}]},{\"@type\":\"WebSite\",\"@id\":\"https:\/\/www.polygraf.it\/de\/#website\",\"url\":\"https:\/\/www.polygraf.it\/de\/\",\"name\":\"Polygraf - stampa offset\",\"description\":\"\",\"potentialAction\":[{\"@type\":\"SearchAction\",\"target\":{\"@type\":\"EntryPoint\",\"urlTemplate\":\"https:\/\/www.polygraf.it\/de\/?s={search_term_string}\"},\"query-input\":{\"@type\":\"PropertyValueSpecification\",\"valueRequired\":true,\"valueName\":\"search_term_string\"}}],\"inLanguage\":\"de\"}]}<\/script>\n<!-- \/ Yoast SEO plugin. -->","yoast_head_json":{"title":"Hybriddruck - UV-Druck f\u00fcr au\u00dfergew\u00f6hnliche und vielseitige Inline-Effekte","description":"Der Hybriddruck ist ein \u00e4u\u00dferst kosteneffizientes, vielseitiges und hochwertiges Inline-Finishing-Verfahren","robots":{"index":"index","follow":"follow","max-snippet":"max-snippet:-1","max-image-preview":"max-image-preview:large","max-video-preview":"max-video-preview:-1"},"canonical":"https:\/\/www.polygraf.it\/de\/hybrider-druck\/","og_locale":"de_DE","og_type":"article","og_title":"Hybriddruck - UV-Druck f\u00fcr au\u00dfergew\u00f6hnliche und vielseitige Inline-Effekte","og_description":"Der Hybriddruck ist ein \u00e4u\u00dferst kosteneffizientes, vielseitiges und hochwertiges Inline-Finishing-Verfahren","og_url":"https:\/\/www.polygraf.it\/de\/hybrider-druck\/","og_site_name":"Polygraf - stampa offset","twitter_card":"summary_large_image","schema":{"@context":"https:\/\/schema.org","@graph":[{"@type":"WebPage","@id":"https:\/\/www.polygraf.it\/de\/hybrider-druck\/","url":"https:\/\/www.polygraf.it\/de\/hybrider-druck\/","name":"Hybriddruck - UV-Druck f\u00fcr au\u00dfergew\u00f6hnliche und vielseitige Inline-Effekte","isPartOf":{"@id":"https:\/\/www.polygraf.it\/de\/#website"},"datePublished":"2024-04-11T07:07:49+00:00","description":"Der Hybriddruck ist ein \u00e4u\u00dferst kosteneffizientes, vielseitiges und hochwertiges Inline-Finishing-Verfahren","breadcrumb":{"@id":"https:\/\/www.polygraf.it\/de\/hybrider-druck\/#breadcrumb"},"inLanguage":"de","potentialAction":[{"@type":"ReadAction","target":["https:\/\/www.polygraf.it\/de\/hybrider-druck\/"]}]},{"@type":"BreadcrumbList","@id":"https:\/\/www.polygraf.it\/de\/hybrider-druck\/#breadcrumb","itemListElement":[{"@type":"ListItem","position":1,"name":"Home","item":"https:\/\/www.polygraf.it\/de\/startseite\/"},{"@type":"ListItem","position":2,"name":"Hybrider Druck"}]},{"@type":"WebSite","@id":"https:\/\/www.polygraf.it\/de\/#website","url":"https:\/\/www.polygraf.it\/de\/","name":"Polygraf - stampa offset","description":"","potentialAction":[{"@type":"SearchAction","target":{"@type":"EntryPoint","urlTemplate":"https:\/\/www.polygraf.it\/de\/?s={search_term_string}"},"query-input":{"@type":"PropertyValueSpecification","valueRequired":true,"valueName":"search_term_string"}}],"inLanguage":"de"}]}},"_links":{"self":[{"href":"https:\/\/www.polygraf.it\/de\/wp-json\/wp\/v2\/pages\/5127","targetHints":{"allow":["GET"]}}],"collection":[{"href":"https:\/\/www.polygraf.it\/de\/wp-json\/wp\/v2\/pages"}],"about":[{"href":"https:\/\/www.polygraf.it\/de\/wp-json\/wp\/v2\/types\/page"}],"author":[{"embeddable":true,"href":"https:\/\/www.polygraf.it\/de\/wp-json\/wp\/v2\/users\/1"}],"replies":[{"embeddable":true,"href":"https:\/\/www.polygraf.it\/de\/wp-json\/wp\/v2\/comments?post=5127"}],"version-history":[{"count":0,"href":"https:\/\/www.polygraf.it\/de\/wp-json\/wp\/v2\/pages\/5127\/revisions"}],"wp:attachment":[{"href":"https:\/\/www.polygraf.it\/de\/wp-json\/wp\/v2\/media?parent=5127"}],"wp:term":[{"taxonomy":"prodotto","embeddable":true,"href":"https:\/\/www.polygraf.it\/de\/wp-json\/wp\/v2\/prodotto?post=5127"}],"curies":[{"name":"wp","href":"https:\/\/api.w.org\/{rel}","templated":true}]}}