{"id":5104,"date":"2024-04-12T07:37:07","date_gmt":"2024-04-12T07:37:07","guid":{"rendered":"https:\/\/www.polygraf.it\/wobbler-pendolini-rotair-und-visual-kit-fuer-gdos\/"},"modified":"2024-04-23T12:17:03","modified_gmt":"2024-04-23T12:17:03","slug":"wobbler-pendolini-rotair-und-visual-kit-fuer-gdos","status":"publish","type":"page","link":"https:\/\/www.polygraf.it\/de\/wobbler-pendolini-rotair-und-visual-kit-fuer-gdos\/","title":{"rendered":"Wobbler, Pendolini, Rotair und Visual Kit f\u00fcr GDOs"},"content":{"rendered":"","protected":false},"excerpt":{"rendered":"","protected":false},"author":1,"featured_media":3958,"parent":0,"menu_order":0,"comment_status":"closed","ping_status":"closed","template":"","meta":{"_acf_changed":false,"inline_featured_image":false,"footnotes":""},"prodotto":[5],"class_list":["post-5104","page","type-page","status-publish","has-post-thumbnail","hentry","prodotto-si"],"acf":[],"yoast_head":"<!-- This site is optimized with the Yoast SEO plugin v25.0 - https:\/\/yoast.com\/wordpress\/plugins\/seo\/ -->\n<title>Wobbler Pendolini Rotair und Visual Kit f\u00fcr den Einzelhandel - Einzelhandel, GDO, Gesch\u00e4fte, ...<\/title>\n<meta name=\"description\" content=\"Wobbler, Pendolini, Rotair und Visual Kits f\u00fcr GDO werden eingesetzt in: Gro\u00dffl\u00e4chiger Einzelhandel, Einzelhandel, Gesch\u00e4fte, Verkaufsstellen...\" \/>\n<meta name=\"robots\" content=\"index, follow, max-snippet:-1, max-image-preview:large, max-video-preview:-1\" \/>\n<link rel=\"canonical\" href=\"https:\/\/www.polygraf.it\/de\/wobbler-pendolini-rotair-und-visual-kit-fuer-gdos\/\" \/>\n<meta property=\"og:locale\" content=\"de_DE\" \/>\n<meta property=\"og:type\" content=\"article\" \/>\n<meta property=\"og:title\" content=\"Wobbler Pendolini Rotair und Visual Kit f\u00fcr den Einzelhandel - Einzelhandel, GDO, Gesch\u00e4fte, ...\" \/>\n<meta property=\"og:description\" content=\"Wobbler, Pendolini, Rotair und Visual Kits f\u00fcr GDO werden eingesetzt in: Gro\u00dffl\u00e4chiger Einzelhandel, Einzelhandel, Gesch\u00e4fte, Verkaufsstellen...\" \/>\n<meta property=\"og:url\" content=\"https:\/\/www.polygraf.it\/de\/wobbler-pendolini-rotair-und-visual-kit-fuer-gdos\/\" \/>\n<meta property=\"og:site_name\" content=\"Polygraf - stampa offset\" \/>\n<meta property=\"article:modified_time\" content=\"2024-04-23T12:17:03+00:00\" \/>\n<meta property=\"og:image\" content=\"https:\/\/www.polygraf.it\/wp-content\/uploads\/2022\/06\/stampa-offset-wobbler-pendolini-rotair1-1.jpg\" \/>\n\t<meta property=\"og:image:width\" content=\"1000\" \/>\n\t<meta property=\"og:image:height\" content=\"673\" \/>\n\t<meta property=\"og:image:type\" content=\"image\/jpeg\" \/>\n<meta name=\"twitter:card\" content=\"summary_large_image\" \/>\n<script type=\"application\/ld+json\" class=\"yoast-schema-graph\">{\"@context\":\"https:\/\/schema.org\",\"@graph\":[{\"@type\":\"WebPage\",\"@id\":\"https:\/\/www.polygraf.it\/de\/wobbler-pendolini-rotair-und-visual-kit-fuer-gdos\/\",\"url\":\"https:\/\/www.polygraf.it\/de\/wobbler-pendolini-rotair-und-visual-kit-fuer-gdos\/\",\"name\":\"Wobbler Pendolini Rotair und Visual Kit f\u00fcr den Einzelhandel - Einzelhandel, GDO, Gesch\u00e4fte, ...\",\"isPartOf\":{\"@id\":\"https:\/\/www.polygraf.it\/de\/#website\"},\"primaryImageOfPage\":{\"@id\":\"https:\/\/www.polygraf.it\/de\/wobbler-pendolini-rotair-und-visual-kit-fuer-gdos\/#primaryimage\"},\"image\":{\"@id\":\"https:\/\/www.polygraf.it\/de\/wobbler-pendolini-rotair-und-visual-kit-fuer-gdos\/#primaryimage\"},\"thumbnailUrl\":\"https:\/\/www.polygraf.it\/wp-content\/uploads\/2022\/06\/stampa-offset-wobbler-pendolini-rotair1-1.jpg\",\"datePublished\":\"2024-04-12T07:37:07+00:00\",\"dateModified\":\"2024-04-23T12:17:03+00:00\",\"description\":\"Wobbler, Pendolini, Rotair und Visual Kits f\u00fcr GDO werden eingesetzt in: Gro\u00dffl\u00e4chiger Einzelhandel, Einzelhandel, Gesch\u00e4fte, Verkaufsstellen...\",\"breadcrumb\":{\"@id\":\"https:\/\/www.polygraf.it\/de\/wobbler-pendolini-rotair-und-visual-kit-fuer-gdos\/#breadcrumb\"},\"inLanguage\":\"de\",\"potentialAction\":[{\"@type\":\"ReadAction\",\"target\":[\"https:\/\/www.polygraf.it\/de\/wobbler-pendolini-rotair-und-visual-kit-fuer-gdos\/\"]}]},{\"@type\":\"ImageObject\",\"inLanguage\":\"de\",\"@id\":\"https:\/\/www.polygraf.it\/de\/wobbler-pendolini-rotair-und-visual-kit-fuer-gdos\/#primaryimage\",\"url\":\"https:\/\/www.polygraf.it\/wp-content\/uploads\/2022\/06\/stampa-offset-wobbler-pendolini-rotair1-1.jpg\",\"contentUrl\":\"https:\/\/www.polygraf.it\/wp-content\/uploads\/2022\/06\/stampa-offset-wobbler-pendolini-rotair1-1.jpg\",\"width\":1000,\"height\":673},{\"@type\":\"BreadcrumbList\",\"@id\":\"https:\/\/www.polygraf.it\/de\/wobbler-pendolini-rotair-und-visual-kit-fuer-gdos\/#breadcrumb\",\"itemListElement\":[{\"@type\":\"ListItem\",\"position\":1,\"name\":\"Home\",\"item\":\"https:\/\/www.polygraf.it\/de\/startseite\/\"},{\"@type\":\"ListItem\",\"position\":2,\"name\":\"Wobbler, Pendolini, Rotair und Visual Kit f\u00fcr GDOs\"}]},{\"@type\":\"WebSite\",\"@id\":\"https:\/\/www.polygraf.it\/de\/#website\",\"url\":\"https:\/\/www.polygraf.it\/de\/\",\"name\":\"Polygraf - stampa offset\",\"description\":\"\",\"potentialAction\":[{\"@type\":\"SearchAction\",\"target\":{\"@type\":\"EntryPoint\",\"urlTemplate\":\"https:\/\/www.polygraf.it\/de\/?s={search_term_string}\"},\"query-input\":{\"@type\":\"PropertyValueSpecification\",\"valueRequired\":true,\"valueName\":\"search_term_string\"}}],\"inLanguage\":\"de\"}]}<\/script>\n<!-- \/ Yoast SEO plugin. -->","yoast_head_json":{"title":"Wobbler Pendolini Rotair und Visual Kit f\u00fcr den Einzelhandel - Einzelhandel, GDO, Gesch\u00e4fte, ...","description":"Wobbler, Pendolini, Rotair und Visual Kits f\u00fcr GDO werden eingesetzt in: Gro\u00dffl\u00e4chiger Einzelhandel, Einzelhandel, Gesch\u00e4fte, Verkaufsstellen...","robots":{"index":"index","follow":"follow","max-snippet":"max-snippet:-1","max-image-preview":"max-image-preview:large","max-video-preview":"max-video-preview:-1"},"canonical":"https:\/\/www.polygraf.it\/de\/wobbler-pendolini-rotair-und-visual-kit-fuer-gdos\/","og_locale":"de_DE","og_type":"article","og_title":"Wobbler Pendolini Rotair und Visual Kit f\u00fcr den Einzelhandel - Einzelhandel, GDO, Gesch\u00e4fte, ...","og_description":"Wobbler, Pendolini, Rotair und Visual Kits f\u00fcr GDO werden eingesetzt in: Gro\u00dffl\u00e4chiger Einzelhandel, Einzelhandel, Gesch\u00e4fte, Verkaufsstellen...","og_url":"https:\/\/www.polygraf.it\/de\/wobbler-pendolini-rotair-und-visual-kit-fuer-gdos\/","og_site_name":"Polygraf - stampa offset","article_modified_time":"2024-04-23T12:17:03+00:00","og_image":[{"width":1000,"height":673,"url":"https:\/\/www.polygraf.it\/wp-content\/uploads\/2022\/06\/stampa-offset-wobbler-pendolini-rotair1-1.jpg","type":"image\/jpeg"}],"twitter_card":"summary_large_image","schema":{"@context":"https:\/\/schema.org","@graph":[{"@type":"WebPage","@id":"https:\/\/www.polygraf.it\/de\/wobbler-pendolini-rotair-und-visual-kit-fuer-gdos\/","url":"https:\/\/www.polygraf.it\/de\/wobbler-pendolini-rotair-und-visual-kit-fuer-gdos\/","name":"Wobbler Pendolini Rotair und Visual Kit f\u00fcr den Einzelhandel - Einzelhandel, GDO, Gesch\u00e4fte, ...","isPartOf":{"@id":"https:\/\/www.polygraf.it\/de\/#website"},"primaryImageOfPage":{"@id":"https:\/\/www.polygraf.it\/de\/wobbler-pendolini-rotair-und-visual-kit-fuer-gdos\/#primaryimage"},"image":{"@id":"https:\/\/www.polygraf.it\/de\/wobbler-pendolini-rotair-und-visual-kit-fuer-gdos\/#primaryimage"},"thumbnailUrl":"https:\/\/www.polygraf.it\/wp-content\/uploads\/2022\/06\/stampa-offset-wobbler-pendolini-rotair1-1.jpg","datePublished":"2024-04-12T07:37:07+00:00","dateModified":"2024-04-23T12:17:03+00:00","description":"Wobbler, Pendolini, Rotair und Visual Kits f\u00fcr GDO werden eingesetzt in: Gro\u00dffl\u00e4chiger Einzelhandel, Einzelhandel, Gesch\u00e4fte, Verkaufsstellen...","breadcrumb":{"@id":"https:\/\/www.polygraf.it\/de\/wobbler-pendolini-rotair-und-visual-kit-fuer-gdos\/#breadcrumb"},"inLanguage":"de","potentialAction":[{"@type":"ReadAction","target":["https:\/\/www.polygraf.it\/de\/wobbler-pendolini-rotair-und-visual-kit-fuer-gdos\/"]}]},{"@type":"ImageObject","inLanguage":"de","@id":"https:\/\/www.polygraf.it\/de\/wobbler-pendolini-rotair-und-visual-kit-fuer-gdos\/#primaryimage","url":"https:\/\/www.polygraf.it\/wp-content\/uploads\/2022\/06\/stampa-offset-wobbler-pendolini-rotair1-1.jpg","contentUrl":"https:\/\/www.polygraf.it\/wp-content\/uploads\/2022\/06\/stampa-offset-wobbler-pendolini-rotair1-1.jpg","width":1000,"height":673},{"@type":"BreadcrumbList","@id":"https:\/\/www.polygraf.it\/de\/wobbler-pendolini-rotair-und-visual-kit-fuer-gdos\/#breadcrumb","itemListElement":[{"@type":"ListItem","position":1,"name":"Home","item":"https:\/\/www.polygraf.it\/de\/startseite\/"},{"@type":"ListItem","position":2,"name":"Wobbler, Pendolini, Rotair und Visual Kit f\u00fcr GDOs"}]},{"@type":"WebSite","@id":"https:\/\/www.polygraf.it\/de\/#website","url":"https:\/\/www.polygraf.it\/de\/","name":"Polygraf - stampa offset","description":"","potentialAction":[{"@type":"SearchAction","target":{"@type":"EntryPoint","urlTemplate":"https:\/\/www.polygraf.it\/de\/?s={search_term_string}"},"query-input":{"@type":"PropertyValueSpecification","valueRequired":true,"valueName":"search_term_string"}}],"inLanguage":"de"}]}},"_links":{"self":[{"href":"https:\/\/www.polygraf.it\/de\/wp-json\/wp\/v2\/pages\/5104","targetHints":{"allow":["GET"]}}],"collection":[{"href":"https:\/\/www.polygraf.it\/de\/wp-json\/wp\/v2\/pages"}],"about":[{"href":"https:\/\/www.polygraf.it\/de\/wp-json\/wp\/v2\/types\/page"}],"author":[{"embeddable":true,"href":"https:\/\/www.polygraf.it\/de\/wp-json\/wp\/v2\/users\/1"}],"replies":[{"embeddable":true,"href":"https:\/\/www.polygraf.it\/de\/wp-json\/wp\/v2\/comments?post=5104"}],"version-history":[{"count":1,"href":"https:\/\/www.polygraf.it\/de\/wp-json\/wp\/v2\/pages\/5104\/revisions"}],"predecessor-version":[{"id":5145,"href":"https:\/\/www.polygraf.it\/de\/wp-json\/wp\/v2\/pages\/5104\/revisions\/5145"}],"wp:featuredmedia":[{"embeddable":true,"href":"https:\/\/www.polygraf.it\/de\/wp-json\/wp\/v2\/media\/3958"}],"wp:attachment":[{"href":"https:\/\/www.polygraf.it\/de\/wp-json\/wp\/v2\/media?parent=5104"}],"wp:term":[{"taxonomy":"prodotto","embeddable":true,"href":"https:\/\/www.polygraf.it\/de\/wp-json\/wp\/v2\/prodotto?post=5104"}],"curies":[{"name":"wp","href":"https:\/\/api.w.org\/{rel}","templated":true}]}}