{"id":5086,"date":"2024-04-11T07:28:12","date_gmt":"2024-04-11T07:28:12","guid":{"rendered":"https:\/\/www.polygraf.it\/die-pbp-gruppe\/"},"modified":"2024-05-03T06:15:53","modified_gmt":"2024-05-03T06:15:53","slug":"die-pbp-gruppe","status":"publish","type":"page","link":"https:\/\/www.polygraf.it\/de\/die-pbp-gruppe\/","title":{"rendered":"Die PBP-Gruppe"},"content":{"rendered":"\t\t<div data-elementor-type=\"wp-page\" data-elementor-id=\"5086\" class=\"elementor elementor-5086 elementor-3005\" data-elementor-post-type=\"page\">\n\t\t\t\t<div class=\"elementor-element elementor-element-9850a2c e-con-full e-flex e-con e-parent\" data-id=\"9850a2c\" data-element_type=\"container\">\n\t\t\t\t<div class=\"elementor-element elementor-element-1ccebb4 elementor-widget elementor-widget-template\" data-id=\"1ccebb4\" data-element_type=\"widget\" data-widget_type=\"template.default\">\n\t\t\t\t<div class=\"elementor-widget-container\">\n\t\t\t\t\t\t\t<div class=\"elementor-template\">\n\t\t\t\t\t<div data-elementor-type=\"container\" data-elementor-id=\"5068\" class=\"elementor elementor-5068 elementor-4971\" data-elementor-post-type=\"elementor_library\">\n\t\t\t\t<div class=\"elementor-element elementor-element-83c65e5 e-flex e-con-boxed e-con e-parent\" data-id=\"83c65e5\" data-element_type=\"container\" data-settings=\"{&quot;background_background&quot;:&quot;classic&quot;}\">\n\t\t\t\t\t<div class=\"e-con-inner\">\n\t\t<div class=\"elementor-element elementor-element-8b3ab7f e-con-full e-flex e-con e-child\" data-id=\"8b3ab7f\" data-element_type=\"container\">\n\t\t\t\t<div class=\"elementor-element elementor-element-893d690 elementor-widget elementor-widget-heading\" data-id=\"893d690\" data-element_type=\"widget\" data-widget_type=\"heading.default\">\n\t\t\t\t<div class=\"elementor-widget-container\">\n\t\t\t\t\t<h1 class=\"elementor-heading-title elementor-size-default\">Die PBP-Gruppe<\/h1>\t\t\t\t<\/div>\n\t\t\t\t<\/div>\n\t\t\t\t<div class=\"elementor-element elementor-element-419ece8 elementor-widget elementor-widget-heading\" data-id=\"419ece8\" data-element_type=\"widget\" data-widget_type=\"heading.default\">\n\t\t\t\t<div class=\"elementor-widget-container\">\n\t\t\t\t\t<h2 class=\"elementor-heading-title elementor-size-default\">Forschung und Entwicklung zur Innovation von Prozessen, Produkten und Dienstleistungen<\/h2>\t\t\t\t<\/div>\n\t\t\t\t<\/div>\n\t\t\t\t<\/div>\n\t\t<div class=\"elementor-element elementor-element-b621bef e-con-full elementor-hidden-tablet elementor-hidden-mobile e-flex e-con e-child\" data-id=\"b621bef\" data-element_type=\"container\">\n\t\t\t\t<div class=\"elementor-element elementor-element-ed47f23 elementor-align-right elementor-tablet-align-left elementor-widget elementor-widget-breadcrumbs\" data-id=\"ed47f23\" data-element_type=\"widget\" data-widget_type=\"breadcrumbs.default\">\n\t\t\t\t<div class=\"elementor-widget-container\">\n\t\t\t\t\t<p id=\"breadcrumbs\"><span><span><a href=\"https:\/\/www.polygraf.it\/de\/startseite\/\">Home<\/a><\/span><\/span><\/p>\t\t\t\t<\/div>\n\t\t\t\t<\/div>\n\t\t\t\t<\/div>\n\t\t\t\t\t<\/div>\n\t\t\t\t<\/div>\n\t\t\t\t<\/div>\n\t\t\t\t<\/div>\n\t\t\t\t\t\t<\/div>\n\t\t\t\t<\/div>\n\t\t\t\t<\/div>\n\t\t<div class=\"elementor-element elementor-element-9f02054 e-flex e-con-boxed e-con e-parent\" data-id=\"9f02054\" data-element_type=\"container\">\n\t\t\t\t\t<div class=\"e-con-inner\">\n\t\t<div class=\"elementor-element elementor-element-2e9f839 e-con-full e-flex e-con e-child\" data-id=\"2e9f839\" data-element_type=\"container\">\n\t\t\t\t<div class=\"elementor-element elementor-element-8364b2d elementor-drop-cap-yes elementor-drop-cap-view-default elementor-widget elementor-widget-text-editor\" data-id=\"8364b2d\" data-element_type=\"widget\" data-settings=\"{&quot;drop_cap&quot;:&quot;yes&quot;}\" data-widget_type=\"text-editor.default\">\n\t\t\t\t<div class=\"elementor-widget-container\">\n\t\t\t\t\t\t\t\t\t<p>Heute besch\u00e4ftigt die PBP-Gruppe insgesamt 30 Angestellte und Produktionsmitarbeiter mit einem Umsatz von etwa 8,6 Millionen Euro und einem konstanten Wachstumstrend zwischen 2018 und 2021 von 5 % pro Jahr.<\/p>\n\t\t\t\t\t\t\t\t<\/div>\n\t\t\t\t<\/div>\n\t\t\t\t<\/div>\n\t\t<div class=\"elementor-element elementor-element-f4cce67 e-con-full e-flex e-con e-child\" data-id=\"f4cce67\" data-element_type=\"container\">\n\t\t\t\t<div class=\"elementor-element elementor-element-ca61966 elementor-widget elementor-widget-text-editor\" data-id=\"ca61966\" data-element_type=\"widget\" data-widget_type=\"text-editor.default\">\n\t\t\t\t<div class=\"elementor-widget-container\">\n\t\t\t\t\t\t\t\t\t<p>Die PBP-Gruppe wurde 2006 durch die gemeinsame Nutzung der strukturellen Investitionen, der Humanressourcen und der Spezialisierungen von 4 Unternehmen zwischen Verona, Vicenza und Padua gegr\u00fcndet, einer nord\u00f6stlichen Region mit einer sehr hohen Produktionsdichte und langj\u00e4hriger Erfahrung im Bereich der grafischen Industrie.<\/p>\n\t\t\t\t\t\t\t\t<\/div>\n\t\t\t\t<\/div>\n\t\t\t\t<\/div>\n\t\t<div class=\"elementor-element elementor-element-b222a78 e-con-full e-flex e-con e-child\" data-id=\"b222a78\" data-element_type=\"container\">\n\t\t\t\t<div class=\"elementor-element elementor-element-30856d0 elementor-widget elementor-widget-text-editor\" data-id=\"30856d0\" data-element_type=\"widget\" data-widget_type=\"text-editor.default\">\n\t\t\t\t<div class=\"elementor-widget-container\">\n\t\t\t\t\t\t\t\t\t<p>Der Grund f\u00fcr die Gr\u00fcndung der Gruppe war die Notwendigkeit, die veralteten Produktionsabteilungen der einzelnen Unternehmen zu eliminieren und im Gegenzug ein gemeinsames Investitionsprojekt in modernste Drucktechniken durchzuf\u00fchren.<\/p>\n\t\t\t\t\t\t\t\t<\/div>\n\t\t\t\t<\/div>\n\t\t\t\t<\/div>\n\t\t<div class=\"elementor-element elementor-element-cb0e948 e-con-full e-flex e-con e-child\" data-id=\"cb0e948\" data-element_type=\"container\">\n\t\t\t\t<div class=\"elementor-element elementor-element-b4cecaf elementor-widget elementor-widget-text-editor\" data-id=\"b4cecaf\" data-element_type=\"widget\" data-widget_type=\"text-editor.default\">\n\t\t\t\t<div class=\"elementor-widget-container\">\n\t\t\t\t\t\t\t\t\t<p>Im Jahr 2012 richtete die Gruppe ihre Produktion und ihre kommerzielle Ausrichtung auf den Einzelhandelsmarkt, den Lebensmittelsektor und den Gro\u00dfhandel im Allgemeinen aus, indem sie die in mehr als 25 Jahren im Bereich der grafischen K\u00fcnste gesammelten Erfahrungen nutzte und umsetzte, um den strategischen Umfang der Druckprodukte zu erweitern.<\/p>\n\t\t\t\t\t\t\t\t<\/div>\n\t\t\t\t<\/div>\n\t\t\t\t<\/div>\n\t\t\t\t\t<\/div>\n\t\t\t\t<\/div>\n\t\t<div class=\"elementor-element elementor-element-56accc0 e-flex e-con-boxed e-con e-parent\" data-id=\"56accc0\" data-element_type=\"container\" data-settings=\"{&quot;background_background&quot;:&quot;classic&quot;}\">\n\t\t\t\t\t<div class=\"e-con-inner\">\n\t\t\t\t<div class=\"elementor-element elementor-element-ef74785 elementor-widget elementor-widget-image\" data-id=\"ef74785\" data-element_type=\"widget\" data-widget_type=\"image.default\">\n\t\t\t\t<div class=\"elementor-widget-container\">\n\t\t\t\t\t\t\t\t\t\t\t\t\t\t\t<img fetchpriority=\"high\" decoding=\"async\" width=\"1920\" height=\"1080\" src=\"https:\/\/www.polygraf.it\/wp-content\/uploads\/2022\/06\/polygraf-sede_alt.jpg\" class=\"attachment-full size-full wp-image-4478\" alt=\"\" srcset=\"https:\/\/www.polygraf.it\/wp-content\/uploads\/2022\/06\/polygraf-sede_alt.jpg 1920w, https:\/\/www.polygraf.it\/wp-content\/uploads\/2022\/06\/polygraf-sede_alt-300x169.jpg 300w, https:\/\/www.polygraf.it\/wp-content\/uploads\/2022\/06\/polygraf-sede_alt-1024x576.jpg 1024w, https:\/\/www.polygraf.it\/wp-content\/uploads\/2022\/06\/polygraf-sede_alt-768x432.jpg 768w, https:\/\/www.polygraf.it\/wp-content\/uploads\/2022\/06\/polygraf-sede_alt-1536x864.jpg 1536w\" sizes=\"(max-width: 1920px) 100vw, 1920px\" \/>\t\t\t\t\t\t\t\t\t\t\t\t\t\t\t<\/div>\n\t\t\t\t<\/div>\n\t\t\t\t\t<\/div>\n\t\t\t\t<\/div>\n\t\t<div class=\"elementor-element elementor-element-0b7004f e-flex e-con-boxed e-con e-parent\" data-id=\"0b7004f\" data-element_type=\"container\" data-settings=\"{&quot;background_background&quot;:&quot;classic&quot;}\">\n\t\t\t\t\t<div class=\"e-con-inner\">\n\t\t<div class=\"elementor-element elementor-element-d61ffc5 e-con-full e-flex e-con e-child\" data-id=\"d61ffc5\" data-element_type=\"container\">\n\t\t\t\t<div class=\"elementor-element elementor-element-d3886e1 elementor-widget elementor-widget-heading\" data-id=\"d3886e1\" data-element_type=\"widget\" data-widget_type=\"heading.default\">\n\t\t\t\t<div class=\"elementor-widget-container\">\n\t\t\t\t\t<h2 class=\"elementor-heading-title elementor-size-default\">UNSER<\/h2>\t\t\t\t<\/div>\n\t\t\t\t<\/div>\n\t\t\t\t<div class=\"elementor-element elementor-element-3ae975e elementor-widget elementor-widget-heading\" data-id=\"3ae975e\" data-element_type=\"widget\" data-widget_type=\"heading.default\">\n\t\t\t\t<div class=\"elementor-widget-container\">\n\t\t\t\t\t<h2 class=\"elementor-heading-title elementor-size-default\">PRODUKTIONSSEKTOR<\/h2>\t\t\t\t<\/div>\n\t\t\t\t<\/div>\n\t\t\t\t<div class=\"elementor-element elementor-element-81176f8 elementor-widget-divider--view-line elementor-widget elementor-widget-divider\" data-id=\"81176f8\" data-element_type=\"widget\" data-widget_type=\"divider.default\">\n\t\t\t\t<div class=\"elementor-widget-container\">\n\t\t\t\t\t\t\t<div class=\"elementor-divider\">\n\t\t\t<span class=\"elementor-divider-separator\">\n\t\t\t\t\t\t<\/span>\n\t\t<\/div>\n\t\t\t\t\t\t<\/div>\n\t\t\t\t<\/div>\n\t\t\t\t<\/div>\n\t\t\t\t\t<\/div>\n\t\t\t\t<\/div>\n\t\t<div class=\"elementor-element elementor-element-9245f16 e-flex e-con-boxed e-con e-parent\" data-id=\"9245f16\" data-element_type=\"container\" data-settings=\"{&quot;background_background&quot;:&quot;classic&quot;}\">\n\t\t\t\t\t<div class=\"e-con-inner\">\n\t\t<div class=\"elementor-element elementor-element-caae3ed e-con-full e-flex e-con e-child\" data-id=\"caae3ed\" data-element_type=\"container\">\n\t\t\t\t<div class=\"elementor-element elementor-element-0a6a8b8 elementor-widget elementor-widget-counter\" data-id=\"0a6a8b8\" data-element_type=\"widget\" data-widget_type=\"counter.default\">\n\t\t\t\t<div class=\"elementor-widget-container\">\n\t\t\t\t\t\t\t<div class=\"elementor-counter\">\n\t\t\t<div class=\"elementor-counter-title\">Grafik-Workstations<\/div>\t\t\t<div class=\"elementor-counter-number-wrapper\">\n\t\t\t\t<span class=\"elementor-counter-number-prefix\"><\/span>\n\t\t\t\t<span class=\"elementor-counter-number\" data-duration=\"2000\" data-to-value=\"9\" data-from-value=\"0\" data-delimiter=\",\">0<\/span>\n\t\t\t\t<span class=\"elementor-counter-number-suffix\"><\/span>\n\t\t\t<\/div>\n\t\t<\/div>\n\t\t\t\t\t\t<\/div>\n\t\t\t\t<\/div>\n\t\t\t\t<\/div>\n\t\t<div class=\"elementor-element elementor-element-1a1e48c e-con-full e-flex e-con e-child\" data-id=\"1a1e48c\" data-element_type=\"container\">\n\t\t\t\t<div class=\"elementor-element elementor-element-2c9cf83 elementor-widget elementor-widget-counter\" data-id=\"2c9cf83\" data-element_type=\"widget\" data-widget_type=\"counter.default\">\n\t\t\t\t<div class=\"elementor-widget-container\">\n\t\t\t\t\t\t\t<div class=\"elementor-counter\">\n\t\t\t<div class=\"elementor-counter-title\">Offset-Einheit<\/div>\t\t\t<div class=\"elementor-counter-number-wrapper\">\n\t\t\t\t<span class=\"elementor-counter-number-prefix\"><\/span>\n\t\t\t\t<span class=\"elementor-counter-number\" data-duration=\"2000\" data-to-value=\"2\" data-from-value=\"0\" data-delimiter=\",\">0<\/span>\n\t\t\t\t<span class=\"elementor-counter-number-suffix\"><\/span>\n\t\t\t<\/div>\n\t\t<\/div>\n\t\t\t\t\t\t<\/div>\n\t\t\t\t<\/div>\n\t\t\t\t<\/div>\n\t\t<div class=\"elementor-element elementor-element-3cee979 e-con-full e-flex e-con e-child\" data-id=\"3cee979\" data-element_type=\"container\">\n\t\t\t\t<div class=\"elementor-element elementor-element-5053321 elementor-widget elementor-widget-counter\" data-id=\"5053321\" data-element_type=\"widget\" data-widget_type=\"counter.default\">\n\t\t\t\t<div class=\"elementor-widget-container\">\n\t\t\t\t\t\t\t<div class=\"elementor-counter\">\n\t\t\t<div class=\"elementor-counter-title\">Digitale Einheiten<\/div>\t\t\t<div class=\"elementor-counter-number-wrapper\">\n\t\t\t\t<span class=\"elementor-counter-number-prefix\"><\/span>\n\t\t\t\t<span class=\"elementor-counter-number\" data-duration=\"2000\" data-to-value=\"5\" data-from-value=\"0\" data-delimiter=\",\">0<\/span>\n\t\t\t\t<span class=\"elementor-counter-number-suffix\"><\/span>\n\t\t\t<\/div>\n\t\t<\/div>\n\t\t\t\t\t\t<\/div>\n\t\t\t\t<\/div>\n\t\t\t\t<\/div>\n\t\t<div class=\"elementor-element elementor-element-7dddace e-con-full e-flex e-con e-child\" data-id=\"7dddace\" data-element_type=\"container\">\n\t\t\t\t<div class=\"elementor-element elementor-element-a34c152 elementor-widget elementor-widget-counter\" data-id=\"a34c152\" data-element_type=\"widget\" data-widget_type=\"counter.default\">\n\t\t\t\t<div class=\"elementor-widget-container\">\n\t\t\t\t\t\t\t<div class=\"elementor-counter\">\n\t\t\t<div class=\"elementor-counter-title\">Innenraum-Finishger\u00e4te<\/div>\t\t\t<div class=\"elementor-counter-number-wrapper\">\n\t\t\t\t<span class=\"elementor-counter-number-prefix\"><\/span>\n\t\t\t\t<span class=\"elementor-counter-number\" data-duration=\"2000\" data-to-value=\"4\" data-from-value=\"0\" data-delimiter=\",\">0<\/span>\n\t\t\t\t<span class=\"elementor-counter-number-suffix\"><\/span>\n\t\t\t<\/div>\n\t\t<\/div>\n\t\t\t\t\t\t<\/div>\n\t\t\t\t<\/div>\n\t\t\t\t<\/div>\n\t\t\t\t\t<\/div>\n\t\t\t\t<\/div>\n\t\t\t\t<\/div>\n\t\t","protected":false},"excerpt":{"rendered":"<p>Heute besch\u00e4ftigt die PBP-Gruppe insgesamt 30 Angestellte und Produktionsmitarbeiter mit einem Umsatz von etwa 8,6 Millionen Euro und einem konstanten Wachstumstrend zwischen 2018 und 2021 von 5 % pro Jahr. Die PBP-Gruppe wurde 2006 durch die gemeinsame Nutzung der strukturellen Investitionen, der Humanressourcen und der Spezialisierungen von 4 Unternehmen zwischen Verona, Vicenza und Padua gegr\u00fcndet, [&hellip;]<\/p>\n","protected":false},"author":1,"featured_media":0,"parent":0,"menu_order":0,"comment_status":"closed","ping_status":"closed","template":"","meta":{"_acf_changed":false,"inline_featured_image":false,"footnotes":""},"prodotto":[],"class_list":["post-5086","page","type-page","status-publish","hentry"],"acf":[],"yoast_head":"<!-- This site is optimized with the Yoast SEO plugin v25.0 - https:\/\/yoast.com\/wordpress\/plugins\/seo\/ -->\n<title>Die PBP Group - Gegr\u00fcndet im Jahr 2006 durch gemeinsame Investitionen<\/title>\n<meta name=\"description\" content=\"Bis heute besch\u00e4ftigt die PBP-Gruppe 30 Angestellte und Produktionsmitarbeiter und erwirtschaftet einen Umsatz von etwa 8,6 Millionen Euro.\" \/>\n<meta name=\"robots\" content=\"index, follow, max-snippet:-1, max-image-preview:large, max-video-preview:-1\" \/>\n<link rel=\"canonical\" href=\"https:\/\/www.polygraf.it\/de\/die-pbp-gruppe\/\" \/>\n<meta property=\"og:locale\" content=\"de_DE\" \/>\n<meta property=\"og:type\" content=\"article\" \/>\n<meta property=\"og:title\" content=\"Die PBP Group - Gegr\u00fcndet im Jahr 2006 durch gemeinsame Investitionen\" \/>\n<meta property=\"og:description\" content=\"Bis heute besch\u00e4ftigt die PBP-Gruppe 30 Angestellte und Produktionsmitarbeiter und erwirtschaftet einen Umsatz von etwa 8,6 Millionen Euro.\" \/>\n<meta property=\"og:url\" content=\"https:\/\/www.polygraf.it\/de\/die-pbp-gruppe\/\" \/>\n<meta property=\"og:site_name\" content=\"Polygraf - stampa offset\" \/>\n<meta property=\"article:modified_time\" content=\"2024-05-03T06:15:53+00:00\" \/>\n<meta property=\"og:image\" content=\"https:\/\/www.polygraf.it\/wp-content\/uploads\/2022\/06\/polygraf-sede_alt.jpg\" \/>\n<meta name=\"twitter:card\" content=\"summary_large_image\" \/>\n<meta name=\"twitter:label1\" content=\"Gesch\u00e4tzte Lesezeit\" \/>\n\t<meta name=\"twitter:data1\" content=\"1\u00a0Minute\" \/>\n<script type=\"application\/ld+json\" class=\"yoast-schema-graph\">{\"@context\":\"https:\/\/schema.org\",\"@graph\":[{\"@type\":\"WebPage\",\"@id\":\"https:\/\/www.polygraf.it\/de\/die-pbp-gruppe\/\",\"url\":\"https:\/\/www.polygraf.it\/de\/die-pbp-gruppe\/\",\"name\":\"Die PBP Group - Gegr\u00fcndet im Jahr 2006 durch gemeinsame Investitionen\",\"isPartOf\":{\"@id\":\"https:\/\/www.polygraf.it\/de\/#website\"},\"primaryImageOfPage\":{\"@id\":\"https:\/\/www.polygraf.it\/de\/die-pbp-gruppe\/#primaryimage\"},\"image\":{\"@id\":\"https:\/\/www.polygraf.it\/de\/die-pbp-gruppe\/#primaryimage\"},\"thumbnailUrl\":\"https:\/\/www.polygraf.it\/wp-content\/uploads\/2022\/06\/polygraf-sede_alt.jpg\",\"datePublished\":\"2024-04-11T07:28:12+00:00\",\"dateModified\":\"2024-05-03T06:15:53+00:00\",\"description\":\"Bis heute besch\u00e4ftigt die PBP-Gruppe 30 Angestellte und Produktionsmitarbeiter und erwirtschaftet einen Umsatz von etwa 8,6 Millionen Euro.\",\"breadcrumb\":{\"@id\":\"https:\/\/www.polygraf.it\/de\/die-pbp-gruppe\/#breadcrumb\"},\"inLanguage\":\"de\",\"potentialAction\":[{\"@type\":\"ReadAction\",\"target\":[\"https:\/\/www.polygraf.it\/de\/die-pbp-gruppe\/\"]}]},{\"@type\":\"ImageObject\",\"inLanguage\":\"de\",\"@id\":\"https:\/\/www.polygraf.it\/de\/die-pbp-gruppe\/#primaryimage\",\"url\":\"https:\/\/www.polygraf.it\/wp-content\/uploads\/2022\/06\/polygraf-sede_alt.jpg\",\"contentUrl\":\"https:\/\/www.polygraf.it\/wp-content\/uploads\/2022\/06\/polygraf-sede_alt.jpg\"},{\"@type\":\"BreadcrumbList\",\"@id\":\"https:\/\/www.polygraf.it\/de\/die-pbp-gruppe\/#breadcrumb\",\"itemListElement\":[{\"@type\":\"ListItem\",\"position\":1,\"name\":\"Home\",\"item\":\"https:\/\/www.polygraf.it\/de\/startseite\/\"},{\"@type\":\"ListItem\",\"position\":2,\"name\":\"Die PBP-Gruppe\"}]},{\"@type\":\"WebSite\",\"@id\":\"https:\/\/www.polygraf.it\/de\/#website\",\"url\":\"https:\/\/www.polygraf.it\/de\/\",\"name\":\"Polygraf - stampa offset\",\"description\":\"\",\"potentialAction\":[{\"@type\":\"SearchAction\",\"target\":{\"@type\":\"EntryPoint\",\"urlTemplate\":\"https:\/\/www.polygraf.it\/de\/?s={search_term_string}\"},\"query-input\":{\"@type\":\"PropertyValueSpecification\",\"valueRequired\":true,\"valueName\":\"search_term_string\"}}],\"inLanguage\":\"de\"}]}<\/script>\n<!-- \/ Yoast SEO plugin. -->","yoast_head_json":{"title":"Die PBP Group - Gegr\u00fcndet im Jahr 2006 durch gemeinsame Investitionen","description":"Bis heute besch\u00e4ftigt die PBP-Gruppe 30 Angestellte und Produktionsmitarbeiter und erwirtschaftet einen Umsatz von etwa 8,6 Millionen Euro.","robots":{"index":"index","follow":"follow","max-snippet":"max-snippet:-1","max-image-preview":"max-image-preview:large","max-video-preview":"max-video-preview:-1"},"canonical":"https:\/\/www.polygraf.it\/de\/die-pbp-gruppe\/","og_locale":"de_DE","og_type":"article","og_title":"Die PBP Group - Gegr\u00fcndet im Jahr 2006 durch gemeinsame Investitionen","og_description":"Bis heute besch\u00e4ftigt die PBP-Gruppe 30 Angestellte und Produktionsmitarbeiter und erwirtschaftet einen Umsatz von etwa 8,6 Millionen Euro.","og_url":"https:\/\/www.polygraf.it\/de\/die-pbp-gruppe\/","og_site_name":"Polygraf - stampa offset","article_modified_time":"2024-05-03T06:15:53+00:00","og_image":[{"url":"https:\/\/www.polygraf.it\/wp-content\/uploads\/2022\/06\/polygraf-sede_alt.jpg","type":"","width":"","height":""}],"twitter_card":"summary_large_image","twitter_misc":{"Gesch\u00e4tzte Lesezeit":"1\u00a0Minute"},"schema":{"@context":"https:\/\/schema.org","@graph":[{"@type":"WebPage","@id":"https:\/\/www.polygraf.it\/de\/die-pbp-gruppe\/","url":"https:\/\/www.polygraf.it\/de\/die-pbp-gruppe\/","name":"Die PBP Group - Gegr\u00fcndet im Jahr 2006 durch gemeinsame Investitionen","isPartOf":{"@id":"https:\/\/www.polygraf.it\/de\/#website"},"primaryImageOfPage":{"@id":"https:\/\/www.polygraf.it\/de\/die-pbp-gruppe\/#primaryimage"},"image":{"@id":"https:\/\/www.polygraf.it\/de\/die-pbp-gruppe\/#primaryimage"},"thumbnailUrl":"https:\/\/www.polygraf.it\/wp-content\/uploads\/2022\/06\/polygraf-sede_alt.jpg","datePublished":"2024-04-11T07:28:12+00:00","dateModified":"2024-05-03T06:15:53+00:00","description":"Bis heute besch\u00e4ftigt die PBP-Gruppe 30 Angestellte und Produktionsmitarbeiter und erwirtschaftet einen Umsatz von etwa 8,6 Millionen Euro.","breadcrumb":{"@id":"https:\/\/www.polygraf.it\/de\/die-pbp-gruppe\/#breadcrumb"},"inLanguage":"de","potentialAction":[{"@type":"ReadAction","target":["https:\/\/www.polygraf.it\/de\/die-pbp-gruppe\/"]}]},{"@type":"ImageObject","inLanguage":"de","@id":"https:\/\/www.polygraf.it\/de\/die-pbp-gruppe\/#primaryimage","url":"https:\/\/www.polygraf.it\/wp-content\/uploads\/2022\/06\/polygraf-sede_alt.jpg","contentUrl":"https:\/\/www.polygraf.it\/wp-content\/uploads\/2022\/06\/polygraf-sede_alt.jpg"},{"@type":"BreadcrumbList","@id":"https:\/\/www.polygraf.it\/de\/die-pbp-gruppe\/#breadcrumb","itemListElement":[{"@type":"ListItem","position":1,"name":"Home","item":"https:\/\/www.polygraf.it\/de\/startseite\/"},{"@type":"ListItem","position":2,"name":"Die PBP-Gruppe"}]},{"@type":"WebSite","@id":"https:\/\/www.polygraf.it\/de\/#website","url":"https:\/\/www.polygraf.it\/de\/","name":"Polygraf - stampa offset","description":"","potentialAction":[{"@type":"SearchAction","target":{"@type":"EntryPoint","urlTemplate":"https:\/\/www.polygraf.it\/de\/?s={search_term_string}"},"query-input":{"@type":"PropertyValueSpecification","valueRequired":true,"valueName":"search_term_string"}}],"inLanguage":"de"}]}},"_links":{"self":[{"href":"https:\/\/www.polygraf.it\/de\/wp-json\/wp\/v2\/pages\/5086","targetHints":{"allow":["GET"]}}],"collection":[{"href":"https:\/\/www.polygraf.it\/de\/wp-json\/wp\/v2\/pages"}],"about":[{"href":"https:\/\/www.polygraf.it\/de\/wp-json\/wp\/v2\/types\/page"}],"author":[{"embeddable":true,"href":"https:\/\/www.polygraf.it\/de\/wp-json\/wp\/v2\/users\/1"}],"replies":[{"embeddable":true,"href":"https:\/\/www.polygraf.it\/de\/wp-json\/wp\/v2\/comments?post=5086"}],"version-history":[{"count":8,"href":"https:\/\/www.polygraf.it\/de\/wp-json\/wp\/v2\/pages\/5086\/revisions"}],"predecessor-version":[{"id":5426,"href":"https:\/\/www.polygraf.it\/de\/wp-json\/wp\/v2\/pages\/5086\/revisions\/5426"}],"wp:attachment":[{"href":"https:\/\/www.polygraf.it\/de\/wp-json\/wp\/v2\/media?parent=5086"}],"wp:term":[{"taxonomy":"prodotto","embeddable":true,"href":"https:\/\/www.polygraf.it\/de\/wp-json\/wp\/v2\/prodotto?post=5086"}],"curies":[{"name":"wp","href":"https:\/\/api.w.org\/{rel}","templated":true}]}}