{"id":5076,"date":"2024-04-11T07:27:53","date_gmt":"2024-04-11T07:27:53","guid":{"rendered":"https:\/\/www.polygraf.it\/cookie-richtlinie\/"},"modified":"2024-05-03T13:04:37","modified_gmt":"2024-05-03T13:04:37","slug":"cookie-richtlinie","status":"publish","type":"page","link":"https:\/\/www.polygraf.it\/de\/cookie-richtlinie\/","title":{"rendered":"Cookie-Richtlinie"},"content":{"rendered":"\t\t<div data-elementor-type=\"wp-page\" data-elementor-id=\"5076\" class=\"elementor elementor-5076 elementor-3003\" data-elementor-post-type=\"page\">\n\t\t\t\t<div class=\"elementor-element elementor-element-7a3f9d0 e-flex e-con-boxed e-con e-parent\" data-id=\"7a3f9d0\" data-element_type=\"container\">\n\t\t\t\t\t<div class=\"e-con-inner\">\n\t\t\t\t<div class=\"elementor-element elementor-element-344b4d3 elementor-widget elementor-widget-text-editor\" data-id=\"344b4d3\" data-element_type=\"widget\" data-widget_type=\"text-editor.default\">\n\t\t\t\t<div class=\"elementor-widget-container\">\n\t\t\t\t\t\t\t\t\t<\/p>\n<p>Cookie-Richtlinie &#8211; Erweiterte Richtlinie  <\/p>\n<\/p>\n<p><strong>Polygraf srl<\/strong>  Inhaber der Verarbeitung personenbezogener Daten auf der Website informiert www.polygraf.it, dass sie Cookies verwendet, um unsere Dienste effizient und einfach zu nutzen, auch unter Gew\u00e4hrleistung des Rechts auf informierte Selbstbestimmung, in \u00dcbereinstimmung mit den Artikeln 13 und 122 des Gesetzesdekrets 196\/2003 (&#8222;Datenschutzgesetz&#8220;) und der Bestimmung des Garanten f\u00fcr den Schutz personenbezogener Daten Nr. 229 vom 8. Mai 2014; diese erweiterten Informationen werden nur f\u00fcr die Website zanz-zap.de bereitgestellt, mit Ausnahme anderer Websites, die der Nutzer \u00fcber einen Link von unserer Website aus aufrufen kann.<\/p>\n<\/p>\n<p>Was sind Cookies<\/p>\n<\/p>\n<p>Wenn Sie unsere Website besuchen, wird eine minimale Menge an Informationen in Form kleiner Textdateien, so genannter &#8222;Cookies&#8220;, auf Ihrem Ger\u00e4t abgelegt, die im Verzeichnis Ihres Webbrowsers gespeichert werden. Es gibt verschiedene Arten von Cookies, aber der Hauptzweck eines Cookies besteht darin, die Website effizienter zu gestalten und bestimmte Funktionen zu erm\u00f6glichen.<\/p>\n<\/p>\n<p>Cookies werden haupts\u00e4chlich verwendet, um die allgemeine Navigation des Benutzers zu verbessern.<\/p>\n<\/p>\n<p>Die Cookies auf unserer Website dienen dazu:<\/p>\n<\/p>\n<p>effizient navigieren;<br \/>die Nutzung der Dienste durch die Benutzer zu messen, wobei die Informationen in zusammengefasster Form gesammelt werden, um das Surferlebnis und die Dienste selbst zu optimieren;<br \/>den Benutzernamen und die in den Einkaufswagen gelegten Produkte speichern;<br \/>vermeiden, dass Sie dieselben Informationen (z. B. Benutzername und Passwort) mehrmals eingeben m\u00fcssen.<\/p>\n<\/p>\n<p>W\u00e4hrend des Surfens ist es m\u00f6glich, dass Cookies von verschiedenen Websites, so genannte &#8222;Drittanbieter-Cookies&#8220;, auf Ihrem Ger\u00e4t platziert werden. Diese Cookies werden direkt von Dritten konfiguriert und auf eine Art und Weise und f\u00fcr Zwecke verwendet, die von diesen festgelegt werden.<\/p>\n<\/p>\n<p>Arten von Cookies<\/p>\n<\/p>\n<p>Es gibt verschiedene Arten von Cookies. Im Folgenden finden Sie die Arten von Cookies, die auf unserer Website verwendet werden k\u00f6nnen, mit einer Beschreibung des Verwendungszwecks.<\/p>\n<\/p>\n<p>Technische Cookies<\/p>\n<\/p>\n<p>Cookies dieser Art sind f\u00fcr das ordnungsgem\u00e4\u00dfe Funktionieren bestimmter Bereiche der Website www.polygraf.it erforderlich, da unsere Website ohne diese Cookies nicht richtig navigierbar w\u00e4re. Zu dieser Kategorie geh\u00f6ren sowohl dauerhafte als auch Sitzungscookies. Diese Art von Cookie wird unabh\u00e4ngig von den Benutzereinstellungen immer verwendet und wird von unserer Domain an das Ger\u00e4t des Benutzers gesendet, der unsere Website besucht.<\/p>\n<\/p>\n<p>Analytische Cookies<\/p>\n<\/p>\n<p>Diese Art von Cookie wird verwendet, um Informationen \u00fcber die Nutzung der Website zu sammeln; wir verwenden diese Informationen f\u00fcr folgende Zwecke:<\/p>\n<\/p>\n<p>statistische Analyse;<br \/>die Verbesserung der Website, die Vereinfachung ihrer Nutzung und die Optimierung der angebotenen Dienste;<br \/>die \u00dcberwachung des ordnungsgem\u00e4\u00dfen Funktionierens der Website.<\/p>\n<\/p>\n<p>Diese Art von Cookie sammelt Informationen in anonymer Form \u00fcber die Aktivit\u00e4ten der Benutzer auf der Website und dar\u00fcber, wie sie auf die Website gelangt sind und welche Seiten sie besucht haben; Cookies dieser Art werden von unserer Website oder von Domains Dritter gesendet.<\/p>\n<\/p>\n<p>Cookies von Dritten<\/p>\n<\/p>\n<p>Sie werden verwendet, um in anonymer Form Informationen \u00fcber die Nutzung der Website www.polygraf.it durch die Besucher, die verwendeten Schl\u00fcsselw\u00f6rter, die besuchten Seiten und die Herkunft des Verkehrs, von dem die Benutzer kommen, f\u00fcr Kampagnen, Berichte und zur Verbesserung der Website zu sammeln. Cookies dieser Art werden von unserer Website oder von Domains Dritter gesendet. Cookies zur Integration von Drittanbieter-Funktionen werden verwendet, um Funktionen von Drittanbietern in unsere Website zu integrieren, wie z.B. Kommentarformulare oder Links zu sozialen Netzwerken, die es Nutzern erm\u00f6glichen, Inhalte von der Website, in die sie eingebettet sind, zu teilen. Diese Cookies k\u00f6nnen von Partner-Websites oder Websites gesendet werden, die andere Funktionen auf unserer Website anbieten.<\/p>\n<\/p>\n<p>Profilierungs-Cookies<\/p>\n<\/p>\n<p>Sie dienen der Erstellung von Benutzerprofilen und werden verwendet, um Werbebotschaften entsprechend den vom Benutzer beim Surfen ge\u00e4u\u00dferten Pr\u00e4ferenzen zu versenden. Erstanbieter-Cookies zur Profilerstellung werden auf www.polygraf.it nicht verwendet.<\/p>\n<\/p>\n<p>Auf unserer Website verwendete Cookies<\/p>\n<\/p>\n<p>Die Website www.polygraf.it verwendet technische Cookies, analytische Cookies von Erstanbietern, analytische Cookies von Drittanbietern mit geringerer Identifizierungskraft und Cookies von Drittanbietern zur Profilerstellung. In Bezug auf technische Cookies ist der Eigent\u00fcmer nicht verpflichtet, die Zustimmung des Benutzers f\u00fcr die Installation von technischen Cookies einzuholen, da diese f\u00fcr das ordnungsgem\u00e4\u00dfe Funktionieren der Website unbedingt erforderlich sind, w\u00e4hrend der Benutzer f\u00fcr andere Arten von Cookies seine Zustimmung auf unserer Website ausdr\u00fccken kann, wie es die geltende Gesetzgebung vorsieht.<\/p>\n<\/p>\n<p>Die Zustimmung kann durch spezifische Konfigurationen des Browsers, der zum Surfen verwendet wird, und\/oder durch benutzerfreundliche Computerprogramme erteilt werden; bitte beachten Sie, dass Sie Ihre Cookie-Pr\u00e4ferenzen jederzeit \u00e4ndern k\u00f6nnen; es ist auch jederzeit m\u00f6glich, Cookies in Ihrem Browser zu deaktivieren, aber dies kann dazu f\u00fchren, dass Sie bestimmte Teile unserer Website nicht nutzen k\u00f6nnen.<\/p>\n<\/p>\n<p>Aktivieren\/Deaktivieren von Cookies \u00fcber den Browser<\/p>\n<\/p>\n<p>Es gibt verschiedene M\u00f6glichkeiten, mit Cookies und anderen Tracking-Technologien umzugehen. Durch \u00c4ndern der Einstellungen Ihres Browsers k\u00f6nnen Sie Cookies akzeptieren oder ablehnen oder entscheiden, dass Sie eine Warnmeldung erhalten, bevor Sie ein Cookie von den von Ihnen besuchten Websites akzeptieren. Bitte beachten Sie, dass Sie bei vollst\u00e4ndiger Deaktivierung von Cookies in Ihrem Browser m\u00f6glicherweise nicht alle interaktiven Funktionen auf www.polygraf.it nutzen k\u00f6nnen.<\/p>\n<\/p>\n<p>Sie k\u00f6nnen alle installierten Cookies l\u00f6schen, indem Sie auf den Cookie-Ordner des Browsers zugreifen, den Sie zum Surfen verwenden. Jeder Browser verf\u00fcgt \u00fcber unterschiedliche Verfahren zur Verwaltung der Einstellungen. Klicken Sie auf einen der nachstehenden Links, um spezifische Anweisungen zu erhalten.<\/p>\n<\/p>\n<p>Microsoft Windows Explorer<\/p>\n<\/p>\n<p>Google Chrome<\/p>\n<\/p>\n<p>Mozilla Firefox<\/p>\n<\/p>\n<p>Apple Safari<\/p>\n<\/p>\n<p>Wenn Sie einen anderen Browser als die oben aufgef\u00fchrten verwenden, w\u00e4hlen Sie im entsprechenden Abschnitt des Leitfadens &#8222;Cookies&#8220;, um herauszufinden, wo sich der Cookie-Ordner befindet.<\/p>\n<\/p>\n<p>L\u00f6schen von Flash Cookies<\/p>\n<\/p>\n<p>Klicken Sie auf den untenstehenden Link, um Ihre Flash-Cookie-Einstellungen zu \u00e4ndern.<\/p>\n<\/p>\n<p>Deaktivieren von Flash Cookies<\/p>\n<\/p>\n<p>Installierte Cookies<\/p>\n<\/p>\n<p>F\u00fcr die Installation solcher Cookies ist keine vorherige Zustimmung des Benutzers erforderlich.<\/p>\n<\/p>\n<p>Die Website www.polygraf.it installiert auch eine Reihe von Drittanbieter-Cookies, einschlie\u00dflich Profilierungs-Cookies, die durch Anklicken von &#8222;ok&#8220; auf dem Banner auf der Startseite aktiviert werden; die Drittanbieter-Cookies und die entsprechenden Links, unter denen der Benutzer weitere Informationen finden sowie die Deaktivierung beantragen kann, sind unten aufgef\u00fchrt.<\/p>\n<\/p>\n<p>Google Analytics<\/p>\n<\/p>\n<p>Unsere Website verwendet Google Analytics f\u00fcr statistische Zwecke. Dabei handelt es sich um einen von Google Inc. bereitgestellten Dienst, der durch die Verwendung von Cookies, die auf dem Computer des Nutzers hinterlegt werden, statistische Analysen in aggregierter Form \u00fcber die Nutzung unserer Website sammelt; es sei darauf hingewiesen, dass zus\u00e4tzlich zu den Cookies auch ein Pixel-Tag verwendet wird, ebenfalls von Google Inc.<a href=\"http:\/\/www.google.it\/intl\/it\/policies\/privacy\/key-terms\/\">http:\/\/www.google.it\/intl\/it\/policies\/privacy\/key-terms\/)<\/a>. Die durch diese Funktion gesammelten Daten stehen Google Inc. zur Verf\u00fcgung, wie in den Informationen unter <a href=\"https:\/\/developers.google.com\/analytics\/devguides\/collection\/analyticsjs\/cookie-usage\">https:\/\/developers.google.com\/analytics\/devguides\/collection\/analyticsjs\/cookie-usage<\/a> angegeben <a href=\"https:\/\/developers.google.com\/analytics\/devguides\/collection\/analyticsjs\/cookie-usage\">;<\/a> die Datenschutzbestimmungen von Google Inc., dem Datenverantwortlichen des Google Analytics-Dienstes, finden Sie unter <a href=\"http:\/\/www.google.com\/intl\/en\/analytics\/privacyoverview.html\">http:\/\/www.google.com\/intl\/en\/analytics\/privacyoverview.html.<\/a>. Wie der Garant f\u00fcr den Schutz der Privatsph\u00e4re in den &#8222;Erl\u00e4uterungen zur Umsetzung der Gesetzgebung \u00fcber Cookies&#8220; vom 5. Juni 2015, Punkt 2 (&#8222;Verwendung von analytischen Cookies von Dritten&#8220;) ausdr\u00fccklich angegeben hat, hat unsere Website, die zu rein statistischen Zwecken analytische Cookies verwendet, die von Dritten hergestellt und zur Verf\u00fcgung gestellt werden, beschlossen, die Funktion der Anonymisierung der IPs der Nutzer zu nutzen, die von Google Inc. bereitgestellt wird, wie auf der Seite  <a href=\"https:\/\/support.google.com\/analytics\/answer\/2763052?hl=it\">https:\/\/support.google.com\/analytics\/answer\/2763052?hl=it<\/a>  und hat die \u00c4nderung der Datenverarbeitung (Google Analytics Data Processing Amendment v20130906) akzeptiert, die von Google Analytics in \u00dcbereinstimmung mit der Richtlinie 95\/46\/EG zur Verf\u00fcgung gestellt wird, wodurch sich Google Inc. verpflichtet, die Daten gem\u00e4\u00df den W\u00fcnschen des Kunden &#8211; Inhabers zu verarbeiten und sie nicht mit anderen zus\u00e4tzlichen Diensten zu teilen, es sei denn, der Inhaber hat dies \u00fcber die Einstellungen des Dienstes angefordert; zu diesem Zweck informieren wir Sie dar\u00fcber, dass der Inhaber unserer Website Google Analytics nicht mit einem zus\u00e4tzlichen Dienst verkn\u00fcpft hat und dass keine Option f\u00fcr Werbung oder Datenaustausch mit Google Inc. aktiviert wurde.., weshalb der Dienst Google Analytics, der von unserer Website nur zu statistischen Zwecken verwendet wird, keine Zustimmung des Nutzers zur Freigabe der entsprechenden Cookies erfordert; das Browser-Add-on zur Deaktivierung von Google Analytics ist verf\u00fcgbar unter https:\/\/tools.google.com\/dlpage\/gaoptout?hl=it.<\/p>\n<\/p>\n<p>Links zu sozialen Netzwerken und Widgets<\/p>\n<\/p>\n<p>Auf der Website gibt es Links und\/oder Widgets zu sozialen Netzwerken (wie Facebook, Twitter, Pinterest, &#8230;), die es dem Nutzer, der unsere Website besucht, erm\u00f6glichen, mit einem &#8222;Klick&#8220; direkt mit den sozialen Plattformen zu interagieren; es handelt sich um Links, die auf das Konto des Eigent\u00fcmers bei den dargestellten sozialen Netzwerken verweisen und daher keine Installation von Cookies Dritter darstellen. Zur Information: Nachfolgend finden Sie die Seiten, auf denen Sie die Datenschutzbestimmungen der angegebenen sozialen Netzwerke einsehen k\u00f6nnen.<\/p>\n<\/p>\n<p><a href=\"https:\/\/support.twitter.com\/articles\/20170519-uso-dei-cookie-e-di-altre-tecnologie-simili-da-parte-di-twitter#\">https:\/\/support.twitter.com\/articles\/20170519-uso-dei-cookie-e-di-altre-tecnologie-simili-da-parte-di-twitter#<\/a><\/p>\n<\/p>\n<p><a href=\"https:\/\/www.facebook.com\/help\/cookies\">https:\/\/www.facebook.com\/help\/cookies<\/a><\/p>\n<\/p>\n<p><a href=\"https:\/\/about.pinterest.com\/it\/privacy-policy\">https:\/\/about.pinterest.com\/it\/privacy-policy<\/a><\/p>\n<\/p>\n<p>Twitter<\/p>\n<\/p>\n<p>Unsere Website enth\u00e4lt das Twitter-Widget, das die Installation von Cookies, einschlie\u00dflich Profilierungs-Cookies (Profilierungs-Cookies von Dritten), durch Twitter Inc. beinhaltet, aber keine Informationen werden von der Website, auf der das Widget installiert ist, weitergegeben. Informationen \u00fcber den Dienst sowie dar\u00fcber, wie Sie Cookies deaktivieren k\u00f6nnen, finden Sie unter http:\/\/twitter.com\/privacy undhttps:\/\/support.twitter.com\/articles\/20170519-uso-dei-cookie-e-di-altre-tecnologie-simili-da-parte-di-twitter#.<\/p>\n<\/p>\n<p>Abschlie\u00dfende \u00dcberlegungen<\/p>\n<\/p>\n<p>Die Verarbeitung erfolgt durch automatisierte Tools durch den Inhaber der Website www.polygraf.it, ohne dass die Daten weitergegeben oder mitgeteilt werden. Abgesehen von den technischen Cookies, die f\u00fcr das normale Surfen unbedingt erforderlich sind, ist die Bereitstellung von Daten dem Willen des Benutzers \u00fcberlassen, der sich entscheidet, unsere Website zu besuchen, nachdem er die kurzen Informationen im entsprechenden Banner gelesen hat; der Benutzer kann die Installation von Cookies vermeiden, indem er das Banner beh\u00e4lt und das Surfen unterl\u00e4sst oder indem er es durch Klicken auf die Schaltfl\u00e4che &#8222;OK&#8220; oder durch Verwendung der entsprechenden Funktionen des Browsers des f\u00fcr das Surfen verwendeten Ger\u00e4ts schlie\u00dft; jede Fortsetzung des Surfens auf derselben Webseite wird als positive Handlung des Benutzers gewertet und ist gleichbedeutend mit der Zustimmung zur Installation von Cookies.<\/p>\n<\/p>\n<p>Der Nutzer kann Cookies, die f\u00fcr das Surfen nicht unbedingt erforderlich sind, \u00fcber die mit dieser erweiterten Information verf\u00fcgbaren Funktionen oder direkt \u00fcber seinen Browser l\u00f6schen\/deaktivieren, und Cookies von Drittanbietern \u00fcber die in dieser Information angegebenen Funktionen, die auf die Informationsseiten der Drittanbieter verweisen.<\/p>\n<\/p>\n<p>N\u00fctzliche Informationen zu den Cookies auf Ihrem Ger\u00e4t sowie die M\u00f6glichkeit, sie einzeln zu deaktivieren, finden Sie unter http:\/\/www.youronlinechoices.com\/it\/le-tue-scelte.<\/p>\n<\/p>\n<p>Der Betroffene kann jederzeit die Rechte gem\u00e4\u00df Art. 7 des Gesetzesdekrets 196\/2003, wie auf der Seite zum Datenschutz auf unserer Website angegeben.<\/p>\n<\/p>\n<p>Widerruf der Cookie-Zustimmung<\/p>\n<\/p>\n<p>Sie haben das Recht, Ihre Zustimmung zur Annahme von Cookies jederzeit zu widerrufen.<\/p>\n<\/p>\n<p>Klicken Sie dazu einfach unten auf die Schaltfl\u00e4che &#8222;Cookie-Zustimmung widerrufen&#8220;.<\/p>\n<\/p>\n<p><a class=\"cky-banner-element\" href=\"#\">Cookie-Einstellungen &amp; Widerruf der Cookie-Zustimmung<\/a><\/p>\n\t\t\t\t\t\t\t\t<\/div>\n\t\t\t\t<\/div>\n\t\t\t\t\t<\/div>\n\t\t\t\t<\/div>\n\t\t\t\t<\/div>\n\t\t","protected":false},"excerpt":{"rendered":"<p>Cookie-Richtlinie &#8211; Erweiterte Richtlinie Polygraf srl Inhaber der Verarbeitung personenbezogener Daten auf der Website informiert www.polygraf.it, dass sie Cookies verwendet, um unsere Dienste effizient und einfach zu nutzen, auch unter Gew\u00e4hrleistung des Rechts auf informierte Selbstbestimmung, in \u00dcbereinstimmung mit den Artikeln 13 und 122 des Gesetzesdekrets 196\/2003 (&#8222;Datenschutzgesetz&#8220;) und der Bestimmung des Garanten f\u00fcr den [&hellip;]<\/p>\n","protected":false},"author":1,"featured_media":0,"parent":0,"menu_order":0,"comment_status":"closed","ping_status":"closed","template":"","meta":{"_acf_changed":false,"inline_featured_image":false,"footnotes":""},"prodotto":[],"class_list":["post-5076","page","type-page","status-publish","hentry"],"acf":[],"yoast_head":"<!-- This site is optimized with the Yoast SEO plugin v25.0 - https:\/\/yoast.com\/wordpress\/plugins\/seo\/ -->\n<title>Cookie-Richtlinie - Polygraf - stampa offset<\/title>\n<meta name=\"robots\" content=\"index, follow, max-snippet:-1, max-image-preview:large, max-video-preview:-1\" \/>\n<link rel=\"canonical\" href=\"https:\/\/www.polygraf.it\/de\/cookie-richtlinie\/\" \/>\n<meta property=\"og:locale\" content=\"de_DE\" \/>\n<meta property=\"og:type\" content=\"article\" \/>\n<meta property=\"og:title\" content=\"Cookie-Richtlinie - Polygraf - stampa offset\" \/>\n<meta property=\"og:description\" content=\"Cookie-Richtlinie &#8211; Erweiterte Richtlinie Polygraf srl Inhaber der Verarbeitung personenbezogener Daten auf der Website informiert www.polygraf.it, dass sie Cookies verwendet, um unsere Dienste effizient und einfach zu nutzen, auch unter Gew\u00e4hrleistung des Rechts auf informierte Selbstbestimmung, in \u00dcbereinstimmung mit den Artikeln 13 und 122 des Gesetzesdekrets 196\/2003 (&#8222;Datenschutzgesetz&#8220;) und der Bestimmung des Garanten f\u00fcr den [&hellip;]\" \/>\n<meta property=\"og:url\" content=\"https:\/\/www.polygraf.it\/de\/cookie-richtlinie\/\" \/>\n<meta property=\"og:site_name\" content=\"Polygraf - stampa offset\" \/>\n<meta property=\"article:modified_time\" content=\"2024-05-03T13:04:37+00:00\" \/>\n<meta name=\"twitter:card\" content=\"summary_large_image\" \/>\n<meta name=\"twitter:label1\" content=\"Gesch\u00e4tzte Lesezeit\" \/>\n\t<meta name=\"twitter:data1\" content=\"9\u00a0Minuten\" \/>\n<script type=\"application\/ld+json\" class=\"yoast-schema-graph\">{\"@context\":\"https:\/\/schema.org\",\"@graph\":[{\"@type\":\"WebPage\",\"@id\":\"https:\/\/www.polygraf.it\/de\/cookie-richtlinie\/\",\"url\":\"https:\/\/www.polygraf.it\/de\/cookie-richtlinie\/\",\"name\":\"Cookie-Richtlinie - Polygraf - stampa offset\",\"isPartOf\":{\"@id\":\"https:\/\/www.polygraf.it\/de\/#website\"},\"datePublished\":\"2024-04-11T07:27:53+00:00\",\"dateModified\":\"2024-05-03T13:04:37+00:00\",\"breadcrumb\":{\"@id\":\"https:\/\/www.polygraf.it\/de\/cookie-richtlinie\/#breadcrumb\"},\"inLanguage\":\"de\",\"potentialAction\":[{\"@type\":\"ReadAction\",\"target\":[\"https:\/\/www.polygraf.it\/de\/cookie-richtlinie\/\"]}]},{\"@type\":\"BreadcrumbList\",\"@id\":\"https:\/\/www.polygraf.it\/de\/cookie-richtlinie\/#breadcrumb\",\"itemListElement\":[{\"@type\":\"ListItem\",\"position\":1,\"name\":\"Home\",\"item\":\"https:\/\/www.polygraf.it\/de\/startseite\/\"},{\"@type\":\"ListItem\",\"position\":2,\"name\":\"Cookie-Richtlinie\"}]},{\"@type\":\"WebSite\",\"@id\":\"https:\/\/www.polygraf.it\/de\/#website\",\"url\":\"https:\/\/www.polygraf.it\/de\/\",\"name\":\"Polygraf - stampa offset\",\"description\":\"\",\"potentialAction\":[{\"@type\":\"SearchAction\",\"target\":{\"@type\":\"EntryPoint\",\"urlTemplate\":\"https:\/\/www.polygraf.it\/de\/?s={search_term_string}\"},\"query-input\":{\"@type\":\"PropertyValueSpecification\",\"valueRequired\":true,\"valueName\":\"search_term_string\"}}],\"inLanguage\":\"de\"}]}<\/script>\n<!-- \/ Yoast SEO plugin. -->","yoast_head_json":{"title":"Cookie-Richtlinie - Polygraf - stampa offset","robots":{"index":"index","follow":"follow","max-snippet":"max-snippet:-1","max-image-preview":"max-image-preview:large","max-video-preview":"max-video-preview:-1"},"canonical":"https:\/\/www.polygraf.it\/de\/cookie-richtlinie\/","og_locale":"de_DE","og_type":"article","og_title":"Cookie-Richtlinie - Polygraf - stampa offset","og_description":"Cookie-Richtlinie &#8211; Erweiterte Richtlinie Polygraf srl Inhaber der Verarbeitung personenbezogener Daten auf der Website informiert www.polygraf.it, dass sie Cookies verwendet, um unsere Dienste effizient und einfach zu nutzen, auch unter Gew\u00e4hrleistung des Rechts auf informierte Selbstbestimmung, in \u00dcbereinstimmung mit den Artikeln 13 und 122 des Gesetzesdekrets 196\/2003 (&#8222;Datenschutzgesetz&#8220;) und der Bestimmung des Garanten f\u00fcr den [&hellip;]","og_url":"https:\/\/www.polygraf.it\/de\/cookie-richtlinie\/","og_site_name":"Polygraf - stampa offset","article_modified_time":"2024-05-03T13:04:37+00:00","twitter_card":"summary_large_image","twitter_misc":{"Gesch\u00e4tzte Lesezeit":"9\u00a0Minuten"},"schema":{"@context":"https:\/\/schema.org","@graph":[{"@type":"WebPage","@id":"https:\/\/www.polygraf.it\/de\/cookie-richtlinie\/","url":"https:\/\/www.polygraf.it\/de\/cookie-richtlinie\/","name":"Cookie-Richtlinie - Polygraf - stampa offset","isPartOf":{"@id":"https:\/\/www.polygraf.it\/de\/#website"},"datePublished":"2024-04-11T07:27:53+00:00","dateModified":"2024-05-03T13:04:37+00:00","breadcrumb":{"@id":"https:\/\/www.polygraf.it\/de\/cookie-richtlinie\/#breadcrumb"},"inLanguage":"de","potentialAction":[{"@type":"ReadAction","target":["https:\/\/www.polygraf.it\/de\/cookie-richtlinie\/"]}]},{"@type":"BreadcrumbList","@id":"https:\/\/www.polygraf.it\/de\/cookie-richtlinie\/#breadcrumb","itemListElement":[{"@type":"ListItem","position":1,"name":"Home","item":"https:\/\/www.polygraf.it\/de\/startseite\/"},{"@type":"ListItem","position":2,"name":"Cookie-Richtlinie"}]},{"@type":"WebSite","@id":"https:\/\/www.polygraf.it\/de\/#website","url":"https:\/\/www.polygraf.it\/de\/","name":"Polygraf - stampa offset","description":"","potentialAction":[{"@type":"SearchAction","target":{"@type":"EntryPoint","urlTemplate":"https:\/\/www.polygraf.it\/de\/?s={search_term_string}"},"query-input":{"@type":"PropertyValueSpecification","valueRequired":true,"valueName":"search_term_string"}}],"inLanguage":"de"}]}},"_links":{"self":[{"href":"https:\/\/www.polygraf.it\/de\/wp-json\/wp\/v2\/pages\/5076","targetHints":{"allow":["GET"]}}],"collection":[{"href":"https:\/\/www.polygraf.it\/de\/wp-json\/wp\/v2\/pages"}],"about":[{"href":"https:\/\/www.polygraf.it\/de\/wp-json\/wp\/v2\/types\/page"}],"author":[{"embeddable":true,"href":"https:\/\/www.polygraf.it\/de\/wp-json\/wp\/v2\/users\/1"}],"replies":[{"embeddable":true,"href":"https:\/\/www.polygraf.it\/de\/wp-json\/wp\/v2\/comments?post=5076"}],"version-history":[{"count":2,"href":"https:\/\/www.polygraf.it\/de\/wp-json\/wp\/v2\/pages\/5076\/revisions"}],"predecessor-version":[{"id":5553,"href":"https:\/\/www.polygraf.it\/de\/wp-json\/wp\/v2\/pages\/5076\/revisions\/5553"}],"wp:attachment":[{"href":"https:\/\/www.polygraf.it\/de\/wp-json\/wp\/v2\/media?parent=5076"}],"wp:term":[{"taxonomy":"prodotto","embeddable":true,"href":"https:\/\/www.polygraf.it\/de\/wp-json\/wp\/v2\/prodotto?post=5076"}],"curies":[{"name":"wp","href":"https:\/\/api.w.org\/{rel}","templated":true}]}}